{"id":4832,"date":"2024-01-18T17:39:56","date_gmt":"2024-01-18T10:39:56","guid":{"rendered":"https:\/\/vietnamembassydelhi.in\/?page_id=4832"},"modified":"2024-01-18T17:39:56","modified_gmt":"2024-01-18T10:39:56","slug":"hoi-nghi-thuong-dinh-vibrant-gujarat-viet-nam-coi-trong-quan-he-voi-an-do","status":"publish","type":"page","link":"https:\/\/vietnamembassydelhi.in\/vi\/tin-tuc-su-kien\/hoi-nghi-thuong-dinh-vibrant-gujarat-viet-nam-coi-trong-quan-he-voi-an-do\/","title":{"rendered":"H\u1ed9i ngh\u1ecb Th\u01b0\u1ee3ng \u0111\u1ec9nh Vibrant Gujarat: Vi\u1ec7t Nam coi tr\u1ecdng quan h\u1ec7 v\u1edbi \u1ea4n \u0110\u1ed9"},"content":{"rendered":"<h2 class=\"detail-sapo\" data-role=\"sapo\">S\u1ef1 tham d\u1ef1 c\u1ee7a Vi\u1ec7t Nam t\u1ea1i H\u1ed9i ngh\u1ecb Th\u01b0\u1ee3ng \u0111\u1ec9nh Vibrant Gujarat kh\u1eb3ng \u0111\u1ecbnh ch\u00ednh s\u00e1ch c\u1ee7a Vi\u1ec7t Nam coi tr\u1ecdng quan h\u1ec7 v\u1edbi \u1ea4n \u0110\u1ed9, \u1ee7ng h\u1ed9 c\u00e1c s\u00e1ng ki\u1ebfn, di\u1ec5n \u0111\u00e0n do \u1ea4n \u0110\u1ed9 ch\u1ee7 tr\u00ec t\u1ed5 ch\u1ee9c ph\u00f9 h\u1ee3p v\u1edbi l\u1ee3i \u00edch c\u1ee7a hai b\u00ean v\u00e0 c\u1ed9ng \u0111\u1ed3ng qu\u1ed1c t\u1ebf.<\/h2>\n<div id=\"NartPlayer\">\n<p>Nh\u01b0 tin \u0111\u00e3 \u0111\u01b0a, Ph\u00f3 Th\u1ee7 t\u01b0\u1edbng Ch\u00ednh ph\u1ee7 Tr\u1ea7n L\u01b0u Quang s\u1ebd tham d\u1ef1 H\u1ed9i ngh\u1ecb Th\u01b0\u1ee3ng \u0111\u1ec9nh Vibrant Gujarat \u0110\u1ea7y s\u1ee9c s\u1ed1ng (Vibrant Gujarat Global Summit) di\u1ec5n ra t\u1eeb ng\u00e0y 9-12\/1, t\u1ea1i th\u00e0nh ph\u1ed1 Gandhinagar, bang mi\u1ec1n T\u00e2y Gujarat, \u1ea4n \u0110\u1ed9.<\/p>\n<p>Nh\u00e2n d\u1ecbp n\u00e0y, \u0110\u1ea1i s\u1ee9 Vi\u1ec7t Nam t\u1ea1i \u1ea4n \u0110\u1ed9 Nguy\u1ec5n Thanh H\u1ea3i \u0111\u00e3 tr\u1ea3 l\u1eddi ph\u1ecfng v\u1ea5n b\u00e1o ch\u00ed v\u1ec1 H\u1ed9i ngh\u1ecb v\u00e0 quan h\u1ec7 Vi\u1ec7t Nam &#8211; \u1ea4n \u0110\u1ed9.<\/p>\n<p>\u0110\u1ecdc th\u00eam t\u1ea1i: https:\/\/baochinhphu.vn\/hoi-nghi-thuong-dinh-vibrant-gujarat-viet-nam-coi-trong-quan-he-voi-an-do-102240110085209408.htm<\/p>\n<\/div>\n","protected":false},"excerpt":{"rendered":"<p>S\u1ef1 tham d\u1ef1 c\u1ee7a Vi\u1ec7t Nam t\u1ea1i H\u1ed9i ngh\u1ecb Th\u01b0\u1ee3ng \u0111\u1ec9nh Vibrant Gujarat kh\u1eb3ng \u0111\u1ecbnh ch\u00ednh s\u00e1ch c\u1ee7a Vi\u1ec7t Nam coi tr\u1ecdng quan h\u1ec7 v\u1edbi \u1ea4n \u0110\u1ed9, \u1ee7ng h\u1ed9 c\u00e1c s\u00e1ng ki\u1ebfn, di\u1ec5n \u0111\u00e0n do \u1ea4n \u0110\u1ed9 ch\u1ee7 tr\u00ec t\u1ed5 ch\u1ee9c ph\u00f9 h\u1ee3p v\u1edbi l\u1ee3i \u00edch c\u1ee7a hai b\u00ean v\u00e0 c\u1ed9ng \u0111\u1ed3ng qu\u1ed1c t\u1ebf. Nh\u01b0&#8230;<\/p>\n","protected":false},"author":14,"featured_media":3763,"parent":2877,"menu_order":0,"comment_status":"closed","ping_status":"closed","template":"","meta":[],"yoast_head":"<!-- This site is optimized with the Yoast SEO plugin v19.11 - https:\/\/yoast.com\/wordpress\/plugins\/seo\/ -->\n<title>H\u1ed9i ngh\u1ecb Th\u01b0\u1ee3ng \u0111\u1ec9nh Vibrant Gujarat: Vi\u1ec7t Nam coi tr\u1ecdng quan h\u1ec7 v\u1edbi \u1ea4n \u0110\u1ed9 - Vietnam Embassy in India<\/title>\n<meta name=\"robots\" content=\"index, follow, max-snippet:-1, max-image-preview:large, max-video-preview:-1\" \/>\n<link rel=\"canonical\" href=\"https:\/\/vietnamembassydelhi.in\/vi\/tin-tuc-su-kien\/hoi-nghi-thuong-dinh-vibrant-gujarat-viet-nam-coi-trong-quan-he-voi-an-do\/\" \/>\n<meta property=\"og:locale\" content=\"vi_VN\" \/>\n<meta property=\"og:type\" content=\"article\" \/>\n<meta property=\"og:title\" content=\"H\u1ed9i ngh\u1ecb Th\u01b0\u1ee3ng \u0111\u1ec9nh Vibrant Gujarat: Vi\u1ec7t Nam coi tr\u1ecdng quan h\u1ec7 v\u1edbi \u1ea4n \u0110\u1ed9 - Vietnam Embassy in India\" \/>\n<meta property=\"og:description\" content=\"S\u1ef1 tham d\u1ef1 c\u1ee7a Vi\u1ec7t Nam t\u1ea1i H\u1ed9i ngh\u1ecb Th\u01b0\u1ee3ng \u0111\u1ec9nh Vibrant Gujarat kh\u1eb3ng \u0111\u1ecbnh ch\u00ednh s\u00e1ch c\u1ee7a Vi\u1ec7t Nam coi tr\u1ecdng quan h\u1ec7 v\u1edbi \u1ea4n \u0110\u1ed9, \u1ee7ng h\u1ed9 c\u00e1c s\u00e1ng ki\u1ebfn, di\u1ec5n \u0111\u00e0n do \u1ea4n \u0110\u1ed9 ch\u1ee7 tr\u00ec t\u1ed5 ch\u1ee9c ph\u00f9 h\u1ee3p v\u1edbi l\u1ee3i \u00edch c\u1ee7a hai b\u00ean v\u00e0 c\u1ed9ng \u0111\u1ed3ng qu\u1ed1c t\u1ebf. Nh\u01b0...\" \/>\n<meta property=\"og:url\" content=\"https:\/\/vietnamembassydelhi.in\/vi\/tin-tuc-su-kien\/hoi-nghi-thuong-dinh-vibrant-gujarat-viet-nam-coi-trong-quan-he-voi-an-do\/\" \/>\n<meta property=\"og:site_name\" content=\"Vietnam Embassy in India\" \/>\n<meta property=\"og:image\" content=\"http:\/\/vietnamembassydelhi.in\/wp-content\/uploads\/2023\/02\/batch-and-Bg-2-psd-scaled.jpg\" \/>\n\t<meta property=\"og:image:width\" content=\"2560\" \/>\n\t<meta property=\"og:image:height\" content=\"1817\" \/>\n\t<meta property=\"og:image:type\" content=\"image\/jpeg\" \/>\n<meta name=\"twitter:card\" content=\"summary_large_image\" \/>\n<meta name=\"twitter:label1\" content=\"Est. reading time\" \/>\n\t<meta name=\"twitter:data1\" content=\"1 minute\" \/>\n<script type=\"application\/ld+json\" class=\"yoast-schema-graph\">{\"@context\":\"https:\/\/schema.org\",\"@graph\":[{\"@type\":\"WebPage\",\"@id\":\"https:\/\/vietnamembassydelhi.in\/vi\/tin-tuc-su-kien\/hoi-nghi-thuong-dinh-vibrant-gujarat-viet-nam-coi-trong-quan-he-voi-an-do\/\",\"url\":\"https:\/\/vietnamembassydelhi.in\/vi\/tin-tuc-su-kien\/hoi-nghi-thuong-dinh-vibrant-gujarat-viet-nam-coi-trong-quan-he-voi-an-do\/\",\"name\":\"H\u1ed9i ngh\u1ecb Th\u01b0\u1ee3ng \u0111\u1ec9nh Vibrant Gujarat: Vi\u1ec7t Nam coi tr\u1ecdng quan h\u1ec7 v\u1edbi \u1ea4n \u0110\u1ed9 - Vietnam Embassy in India\",\"isPartOf\":{\"@id\":\"https:\/\/vietnamembassydelhi.in\/#website\"},\"datePublished\":\"2024-01-18T10:39:56+00:00\",\"dateModified\":\"2024-01-18T10:39:56+00:00\",\"breadcrumb\":{\"@id\":\"https:\/\/vietnamembassydelhi.in\/vi\/tin-tuc-su-kien\/hoi-nghi-thuong-dinh-vibrant-gujarat-viet-nam-coi-trong-quan-he-voi-an-do\/#breadcrumb\"},\"inLanguage\":\"vi-VN\",\"potentialAction\":[{\"@type\":\"ReadAction\",\"target\":[\"https:\/\/vietnamembassydelhi.in\/vi\/tin-tuc-su-kien\/hoi-nghi-thuong-dinh-vibrant-gujarat-viet-nam-coi-trong-quan-he-voi-an-do\/\"]}]},{\"@type\":\"BreadcrumbList\",\"@id\":\"https:\/\/vietnamembassydelhi.in\/vi\/tin-tuc-su-kien\/hoi-nghi-thuong-dinh-vibrant-gujarat-viet-nam-coi-trong-quan-he-voi-an-do\/#breadcrumb\",\"itemListElement\":[{\"@type\":\"ListItem\",\"position\":1,\"name\":\"Home\",\"item\":\"https:\/\/vietnamembassydelhi.in\/vi\/\"},{\"@type\":\"ListItem\",\"position\":2,\"name\":\"Tin t\u1ee9c &#038; S\u1ef1 ki\u1ec7n\",\"item\":\"https:\/\/vietnamembassydelhi.in\/vi\/tin-tuc-su-kien\/\"},{\"@type\":\"ListItem\",\"position\":3,\"name\":\"H\u1ed9i ngh\u1ecb Th\u01b0\u1ee3ng \u0111\u1ec9nh Vibrant Gujarat: Vi\u1ec7t Nam coi tr\u1ecdng quan h\u1ec7 v\u1edbi \u1ea4n \u0110\u1ed9\"}]},{\"@type\":\"WebSite\",\"@id\":\"https:\/\/vietnamembassydelhi.in\/#website\",\"url\":\"https:\/\/vietnamembassydelhi.in\/\",\"name\":\"Vietnam Embassy in India\",\"description\":\"\",\"potentialAction\":[{\"@type\":\"SearchAction\",\"target\":{\"@type\":\"EntryPoint\",\"urlTemplate\":\"https:\/\/vietnamembassydelhi.in\/?s={search_term_string}\"},\"query-input\":\"required name=search_term_string\"}],\"inLanguage\":\"vi-VN\"}]}<\/script>\n<!-- \/ Yoast SEO plugin. -->","yoast_head_json":{"title":"H\u1ed9i ngh\u1ecb Th\u01b0\u1ee3ng \u0111\u1ec9nh Vibrant Gujarat: Vi\u1ec7t Nam coi tr\u1ecdng quan h\u1ec7 v\u1edbi \u1ea4n \u0110\u1ed9 - Vietnam Embassy in India","robots":{"index":"index","follow":"follow","max-snippet":"max-snippet:-1","max-image-preview":"max-image-preview:large","max-video-preview":"max-video-preview:-1"},"canonical":"https:\/\/vietnamembassydelhi.in\/vi\/tin-tuc-su-kien\/hoi-nghi-thuong-dinh-vibrant-gujarat-viet-nam-coi-trong-quan-he-voi-an-do\/","og_locale":"vi_VN","og_type":"article","og_title":"H\u1ed9i ngh\u1ecb Th\u01b0\u1ee3ng \u0111\u1ec9nh Vibrant Gujarat: Vi\u1ec7t Nam coi tr\u1ecdng quan h\u1ec7 v\u1edbi \u1ea4n \u0110\u1ed9 - Vietnam Embassy in India","og_description":"S\u1ef1 tham d\u1ef1 c\u1ee7a Vi\u1ec7t Nam t\u1ea1i H\u1ed9i ngh\u1ecb Th\u01b0\u1ee3ng \u0111\u1ec9nh Vibrant Gujarat kh\u1eb3ng \u0111\u1ecbnh ch\u00ednh s\u00e1ch c\u1ee7a Vi\u1ec7t Nam coi tr\u1ecdng quan h\u1ec7 v\u1edbi \u1ea4n \u0110\u1ed9, \u1ee7ng h\u1ed9 c\u00e1c s\u00e1ng ki\u1ebfn, di\u1ec5n \u0111\u00e0n do \u1ea4n \u0110\u1ed9 ch\u1ee7 tr\u00ec t\u1ed5 ch\u1ee9c ph\u00f9 h\u1ee3p v\u1edbi l\u1ee3i \u00edch c\u1ee7a hai b\u00ean v\u00e0 c\u1ed9ng \u0111\u1ed3ng qu\u1ed1c t\u1ebf. Nh\u01b0...","og_url":"https:\/\/vietnamembassydelhi.in\/vi\/tin-tuc-su-kien\/hoi-nghi-thuong-dinh-vibrant-gujarat-viet-nam-coi-trong-quan-he-voi-an-do\/","og_site_name":"Vietnam Embassy in India","og_image":[{"width":2560,"height":1817,"url":"http:\/\/vietnamembassydelhi.in\/wp-content\/uploads\/2023\/02\/batch-and-Bg-2-psd-scaled.jpg","type":"image\/jpeg"}],"twitter_card":"summary_large_image","twitter_misc":{"Est. reading time":"1 minute"},"schema":{"@context":"https:\/\/schema.org","@graph":[{"@type":"WebPage","@id":"https:\/\/vietnamembassydelhi.in\/vi\/tin-tuc-su-kien\/hoi-nghi-thuong-dinh-vibrant-gujarat-viet-nam-coi-trong-quan-he-voi-an-do\/","url":"https:\/\/vietnamembassydelhi.in\/vi\/tin-tuc-su-kien\/hoi-nghi-thuong-dinh-vibrant-gujarat-viet-nam-coi-trong-quan-he-voi-an-do\/","name":"H\u1ed9i ngh\u1ecb Th\u01b0\u1ee3ng \u0111\u1ec9nh Vibrant Gujarat: Vi\u1ec7t Nam coi tr\u1ecdng quan h\u1ec7 v\u1edbi \u1ea4n \u0110\u1ed9 - Vietnam Embassy in India","isPartOf":{"@id":"https:\/\/vietnamembassydelhi.in\/#website"},"datePublished":"2024-01-18T10:39:56+00:00","dateModified":"2024-01-18T10:39:56+00:00","breadcrumb":{"@id":"https:\/\/vietnamembassydelhi.in\/vi\/tin-tuc-su-kien\/hoi-nghi-thuong-dinh-vibrant-gujarat-viet-nam-coi-trong-quan-he-voi-an-do\/#breadcrumb"},"inLanguage":"vi-VN","potentialAction":[{"@type":"ReadAction","target":["https:\/\/vietnamembassydelhi.in\/vi\/tin-tuc-su-kien\/hoi-nghi-thuong-dinh-vibrant-gujarat-viet-nam-coi-trong-quan-he-voi-an-do\/"]}]},{"@type":"BreadcrumbList","@id":"https:\/\/vietnamembassydelhi.in\/vi\/tin-tuc-su-kien\/hoi-nghi-thuong-dinh-vibrant-gujarat-viet-nam-coi-trong-quan-he-voi-an-do\/#breadcrumb","itemListElement":[{"@type":"ListItem","position":1,"name":"Home","item":"https:\/\/vietnamembassydelhi.in\/vi\/"},{"@type":"ListItem","position":2,"name":"Tin t\u1ee9c &#038; S\u1ef1 ki\u1ec7n","item":"https:\/\/vietnamembassydelhi.in\/vi\/tin-tuc-su-kien\/"},{"@type":"ListItem","position":3,"name":"H\u1ed9i ngh\u1ecb Th\u01b0\u1ee3ng \u0111\u1ec9nh Vibrant Gujarat: Vi\u1ec7t Nam coi tr\u1ecdng quan h\u1ec7 v\u1edbi \u1ea4n \u0110\u1ed9"}]},{"@type":"WebSite","@id":"https:\/\/vietnamembassydelhi.in\/#website","url":"https:\/\/vietnamembassydelhi.in\/","name":"Vietnam Embassy in India","description":"","potentialAction":[{"@type":"SearchAction","target":{"@type":"EntryPoint","urlTemplate":"https:\/\/vietnamembassydelhi.in\/?s={search_term_string}"},"query-input":"required name=search_term_string"}],"inLanguage":"vi-VN"}]}},"_links":{"self":[{"href":"https:\/\/vietnamembassydelhi.in\/vi\/wp-json\/wp\/v2\/pages\/4832"}],"collection":[{"href":"https:\/\/vietnamembassydelhi.in\/vi\/wp-json\/wp\/v2\/pages"}],"about":[{"href":"https:\/\/vietnamembassydelhi.in\/vi\/wp-json\/wp\/v2\/types\/page"}],"author":[{"embeddable":true,"href":"https:\/\/vietnamembassydelhi.in\/vi\/wp-json\/wp\/v2\/users\/14"}],"replies":[{"embeddable":true,"href":"https:\/\/vietnamembassydelhi.in\/vi\/wp-json\/wp\/v2\/comments?post=4832"}],"version-history":[{"count":1,"href":"https:\/\/vietnamembassydelhi.in\/vi\/wp-json\/wp\/v2\/pages\/4832\/revisions"}],"predecessor-version":[{"id":4835,"href":"https:\/\/vietnamembassydelhi.in\/vi\/wp-json\/wp\/v2\/pages\/4832\/revisions\/4835"}],"up":[{"embeddable":true,"href":"https:\/\/vietnamembassydelhi.in\/vi\/wp-json\/wp\/v2\/pages\/2877"}],"wp:featuredmedia":[{"embeddable":true,"href":"https:\/\/vietnamembassydelhi.in\/vi\/wp-json\/wp\/v2\/media\/3763"}],"wp:attachment":[{"href":"https:\/\/vietnamembassydelhi.in\/vi\/wp-json\/wp\/v2\/media?parent=4832"}],"curies":[{"name":"wp","href":"https:\/\/api.w.org\/{rel}","templated":true}]}}