{"id":2933,"date":"2022-08-19T19:16:24","date_gmt":"2022-08-19T12:16:24","guid":{"rendered":"http:\/\/vietnamembassydelhi.in\/?page_id=2933"},"modified":"2025-02-25T17:45:01","modified_gmt":"2025-02-25T10:45:01","slug":"ngay-nghi-le","status":"publish","type":"page","link":"https:\/\/vietnamembassydelhi.in\/vi\/dai-su-quan\/ngay-nghi-le\/","title":{"rendered":"Ng\u00e0y ngh\u1ec9 l\u1ec5"},"content":{"rendered":"<p>Ng\u00e0y 1 th\u00e1ng 1: Ng\u00e0y T\u1ebft D\u01b0\u01a1ng L\u1ecbch<\/p>\n<p>Ng\u00e0y 26 th\u00e1ng 1: Ng\u00e0y C\u1ed9ng H\u00f2a \u1ea4n \u0110\u1ed9<\/p>\n<p>T\u1eeb ng\u00e0y 27 \u0111\u1ebfn 31 th\u00e1ng 1: T\u1ebft Nguy\u00ean \u0110\u00e1n Vi\u1ec7t Nam<\/p>\n<p>Ng\u00e0y 14 th\u00e1ng 3: L\u1ec5 h\u1ed9i Holi<\/p>\n<p>Ng\u00e0y 7 th\u00e1ng 4: Ng\u00e0y Gi\u1ed7 T\u1ed5 H\u00f9ng V\u01b0\u01a1ng<\/p>\n<p>T\u1eeb ng\u00e0y 30 th\u00e1ng 4 \u0111\u1ebfn ng\u00e0y 2 th\u00e1ng 5: Ng\u00e0y Gi\u1ea3i ph\u00f3ng mi\u1ec1n Nam Vi\u1ec7t Nam; Ng\u00e0y Qu\u1ed1c t\u1ebf Lao \u0111\u1ed9ng<\/p>\n<p>Ng\u00e0y 15 th\u00e1ng 8: Ng\u00e0y Qu\u1ed1c kh\u00e1nh \u1ea4n \u0110\u1ed9<\/p>\n<p>Ng\u00e0y 1 v\u00e0 2 th\u00e1ng 9: Ng\u00e0y Qu\u1ed1c kh\u00e1nh Vi\u1ec7t Nam<\/p>\n<p>Ng\u00e0y 2 th\u00e1ng 10: Sinh nh\u1eadt c\u1ee7a Mahatma Gandhi<\/p>\n<p>Ng\u00e0y 20 th\u00e1ng 10: Ng\u00e0y Diwali<\/p>\n","protected":false},"excerpt":{"rendered":"<p>Ng\u00e0y 1 th\u00e1ng 1: Ng\u00e0y T\u1ebft D\u01b0\u01a1ng L\u1ecbch Ng\u00e0y 26 th\u00e1ng 1: Ng\u00e0y C\u1ed9ng H\u00f2a \u1ea4n \u0110\u1ed9 T\u1eeb ng\u00e0y 27 \u0111\u1ebfn 31 th\u00e1ng 1: T\u1ebft Nguy\u00ean \u0110\u00e1n Vi\u1ec7t Nam Ng\u00e0y 14 th\u00e1ng 3: L\u1ec5 h\u1ed9i Holi Ng\u00e0y 7 th\u00e1ng 4: Ng\u00e0y Gi\u1ed7 T\u1ed5 H\u00f9ng V\u01b0\u01a1ng T\u1eeb ng\u00e0y 30 th\u00e1ng 4 \u0111\u1ebfn ng\u00e0y 2 th\u00e1ng 5:&#8230;<\/p>\n","protected":false},"author":2,"featured_media":0,"parent":2865,"menu_order":0,"comment_status":"closed","ping_status":"closed","template":"","meta":[],"yoast_head":"<!-- This site is optimized with the Yoast SEO plugin v19.11 - https:\/\/yoast.com\/wordpress\/plugins\/seo\/ -->\n<title>Ng\u00e0y ngh\u1ec9 l\u1ec5 - Vietnam Embassy in India<\/title>\n<meta name=\"robots\" content=\"index, follow, max-snippet:-1, max-image-preview:large, max-video-preview:-1\" \/>\n<link rel=\"canonical\" href=\"https:\/\/vietnamembassydelhi.in\/vi\/dai-su-quan\/ngay-nghi-le\/\" \/>\n<meta property=\"og:locale\" content=\"vi_VN\" \/>\n<meta property=\"og:type\" content=\"article\" \/>\n<meta property=\"og:title\" content=\"Ng\u00e0y ngh\u1ec9 l\u1ec5 - Vietnam Embassy in India\" \/>\n<meta property=\"og:description\" content=\"Ng\u00e0y 1 th\u00e1ng 1: Ng\u00e0y T\u1ebft D\u01b0\u01a1ng L\u1ecbch Ng\u00e0y 26 th\u00e1ng 1: Ng\u00e0y C\u1ed9ng H\u00f2a \u1ea4n \u0110\u1ed9 T\u1eeb ng\u00e0y 27 \u0111\u1ebfn 31 th\u00e1ng 1: T\u1ebft Nguy\u00ean \u0110\u00e1n Vi\u1ec7t Nam Ng\u00e0y 14 th\u00e1ng 3: L\u1ec5 h\u1ed9i Holi Ng\u00e0y 7 th\u00e1ng 4: Ng\u00e0y Gi\u1ed7 T\u1ed5 H\u00f9ng V\u01b0\u01a1ng T\u1eeb ng\u00e0y 30 th\u00e1ng 4 \u0111\u1ebfn ng\u00e0y 2 th\u00e1ng 5:...\" \/>\n<meta property=\"og:url\" content=\"https:\/\/vietnamembassydelhi.in\/vi\/dai-su-quan\/ngay-nghi-le\/\" \/>\n<meta property=\"og:site_name\" content=\"Vietnam Embassy in India\" \/>\n<meta property=\"article:modified_time\" content=\"2025-02-25T10:45:01+00:00\" \/>\n<meta name=\"twitter:card\" content=\"summary_large_image\" \/>\n<meta name=\"twitter:label1\" content=\"Est. reading time\" \/>\n\t<meta name=\"twitter:data1\" content=\"1 minute\" \/>\n<script type=\"application\/ld+json\" class=\"yoast-schema-graph\">{\"@context\":\"https:\/\/schema.org\",\"@graph\":[{\"@type\":\"WebPage\",\"@id\":\"https:\/\/vietnamembassydelhi.in\/vi\/dai-su-quan\/ngay-nghi-le\/\",\"url\":\"https:\/\/vietnamembassydelhi.in\/vi\/dai-su-quan\/ngay-nghi-le\/\",\"name\":\"Ng\u00e0y ngh\u1ec9 l\u1ec5 - Vietnam Embassy in India\",\"isPartOf\":{\"@id\":\"https:\/\/vietnamembassydelhi.in\/#website\"},\"datePublished\":\"2022-08-19T12:16:24+00:00\",\"dateModified\":\"2025-02-25T10:45:01+00:00\",\"breadcrumb\":{\"@id\":\"https:\/\/vietnamembassydelhi.in\/vi\/dai-su-quan\/ngay-nghi-le\/#breadcrumb\"},\"inLanguage\":\"vi-VN\",\"potentialAction\":[{\"@type\":\"ReadAction\",\"target\":[\"https:\/\/vietnamembassydelhi.in\/vi\/dai-su-quan\/ngay-nghi-le\/\"]}]},{\"@type\":\"BreadcrumbList\",\"@id\":\"https:\/\/vietnamembassydelhi.in\/vi\/dai-su-quan\/ngay-nghi-le\/#breadcrumb\",\"itemListElement\":[{\"@type\":\"ListItem\",\"position\":1,\"name\":\"Home\",\"item\":\"https:\/\/vietnamembassydelhi.in\/vi\/\"},{\"@type\":\"ListItem\",\"position\":2,\"name\":\"\u0110\u1ea1i s\u1ee9 qu\u00e1n\",\"item\":\"https:\/\/vietnamembassydelhi.in\/vi\/dai-su-quan\/\"},{\"@type\":\"ListItem\",\"position\":3,\"name\":\"Ng\u00e0y ngh\u1ec9 l\u1ec5\"}]},{\"@type\":\"WebSite\",\"@id\":\"https:\/\/vietnamembassydelhi.in\/#website\",\"url\":\"https:\/\/vietnamembassydelhi.in\/\",\"name\":\"Vietnam Embassy in India\",\"description\":\"\",\"potentialAction\":[{\"@type\":\"SearchAction\",\"target\":{\"@type\":\"EntryPoint\",\"urlTemplate\":\"https:\/\/vietnamembassydelhi.in\/?s={search_term_string}\"},\"query-input\":\"required name=search_term_string\"}],\"inLanguage\":\"vi-VN\"}]}<\/script>\n<!-- \/ Yoast SEO plugin. -->","yoast_head_json":{"title":"Ng\u00e0y ngh\u1ec9 l\u1ec5 - Vietnam Embassy in India","robots":{"index":"index","follow":"follow","max-snippet":"max-snippet:-1","max-image-preview":"max-image-preview:large","max-video-preview":"max-video-preview:-1"},"canonical":"https:\/\/vietnamembassydelhi.in\/vi\/dai-su-quan\/ngay-nghi-le\/","og_locale":"vi_VN","og_type":"article","og_title":"Ng\u00e0y ngh\u1ec9 l\u1ec5 - Vietnam Embassy in India","og_description":"Ng\u00e0y 1 th\u00e1ng 1: Ng\u00e0y T\u1ebft D\u01b0\u01a1ng L\u1ecbch Ng\u00e0y 26 th\u00e1ng 1: Ng\u00e0y C\u1ed9ng H\u00f2a \u1ea4n \u0110\u1ed9 T\u1eeb ng\u00e0y 27 \u0111\u1ebfn 31 th\u00e1ng 1: T\u1ebft Nguy\u00ean \u0110\u00e1n Vi\u1ec7t Nam Ng\u00e0y 14 th\u00e1ng 3: L\u1ec5 h\u1ed9i Holi Ng\u00e0y 7 th\u00e1ng 4: Ng\u00e0y Gi\u1ed7 T\u1ed5 H\u00f9ng V\u01b0\u01a1ng T\u1eeb ng\u00e0y 30 th\u00e1ng 4 \u0111\u1ebfn ng\u00e0y 2 th\u00e1ng 5:...","og_url":"https:\/\/vietnamembassydelhi.in\/vi\/dai-su-quan\/ngay-nghi-le\/","og_site_name":"Vietnam Embassy in India","article_modified_time":"2025-02-25T10:45:01+00:00","twitter_card":"summary_large_image","twitter_misc":{"Est. reading time":"1 minute"},"schema":{"@context":"https:\/\/schema.org","@graph":[{"@type":"WebPage","@id":"https:\/\/vietnamembassydelhi.in\/vi\/dai-su-quan\/ngay-nghi-le\/","url":"https:\/\/vietnamembassydelhi.in\/vi\/dai-su-quan\/ngay-nghi-le\/","name":"Ng\u00e0y ngh\u1ec9 l\u1ec5 - Vietnam Embassy in India","isPartOf":{"@id":"https:\/\/vietnamembassydelhi.in\/#website"},"datePublished":"2022-08-19T12:16:24+00:00","dateModified":"2025-02-25T10:45:01+00:00","breadcrumb":{"@id":"https:\/\/vietnamembassydelhi.in\/vi\/dai-su-quan\/ngay-nghi-le\/#breadcrumb"},"inLanguage":"vi-VN","potentialAction":[{"@type":"ReadAction","target":["https:\/\/vietnamembassydelhi.in\/vi\/dai-su-quan\/ngay-nghi-le\/"]}]},{"@type":"BreadcrumbList","@id":"https:\/\/vietnamembassydelhi.in\/vi\/dai-su-quan\/ngay-nghi-le\/#breadcrumb","itemListElement":[{"@type":"ListItem","position":1,"name":"Home","item":"https:\/\/vietnamembassydelhi.in\/vi\/"},{"@type":"ListItem","position":2,"name":"\u0110\u1ea1i s\u1ee9 qu\u00e1n","item":"https:\/\/vietnamembassydelhi.in\/vi\/dai-su-quan\/"},{"@type":"ListItem","position":3,"name":"Ng\u00e0y ngh\u1ec9 l\u1ec5"}]},{"@type":"WebSite","@id":"https:\/\/vietnamembassydelhi.in\/#website","url":"https:\/\/vietnamembassydelhi.in\/","name":"Vietnam Embassy in India","description":"","potentialAction":[{"@type":"SearchAction","target":{"@type":"EntryPoint","urlTemplate":"https:\/\/vietnamembassydelhi.in\/?s={search_term_string}"},"query-input":"required name=search_term_string"}],"inLanguage":"vi-VN"}]}},"_links":{"self":[{"href":"https:\/\/vietnamembassydelhi.in\/vi\/wp-json\/wp\/v2\/pages\/2933"}],"collection":[{"href":"https:\/\/vietnamembassydelhi.in\/vi\/wp-json\/wp\/v2\/pages"}],"about":[{"href":"https:\/\/vietnamembassydelhi.in\/vi\/wp-json\/wp\/v2\/types\/page"}],"author":[{"embeddable":true,"href":"https:\/\/vietnamembassydelhi.in\/vi\/wp-json\/wp\/v2\/users\/2"}],"replies":[{"embeddable":true,"href":"https:\/\/vietnamembassydelhi.in\/vi\/wp-json\/wp\/v2\/comments?post=2933"}],"version-history":[{"count":6,"href":"https:\/\/vietnamembassydelhi.in\/vi\/wp-json\/wp\/v2\/pages\/2933\/revisions"}],"predecessor-version":[{"id":5778,"href":"https:\/\/vietnamembassydelhi.in\/vi\/wp-json\/wp\/v2\/pages\/2933\/revisions\/5778"}],"up":[{"embeddable":true,"href":"https:\/\/vietnamembassydelhi.in\/vi\/wp-json\/wp\/v2\/pages\/2865"}],"wp:attachment":[{"href":"https:\/\/vietnamembassydelhi.in\/vi\/wp-json\/wp\/v2\/media?parent=2933"}],"curies":[{"name":"wp","href":"https:\/\/api.w.org\/{rel}","templated":true}]}}