{"id":2929,"date":"2022-08-19T19:15:40","date_gmt":"2022-08-19T12:15:40","guid":{"rendered":"http:\/\/vietnamembassydelhi.in\/?page_id=2929"},"modified":"2023-02-03T20:11:29","modified_gmt":"2023-02-03T13:11:29","slug":"dai-su","status":"publish","type":"page","link":"https:\/\/vietnamembassydelhi.in\/vi\/dai-su-quan\/dai-su\/","title":{"rendered":"\u0110\u1ea1i s\u1ee9"},"content":{"rendered":"<h2 style=\"text-align: center;\">Th\u00f4ng \u0111i\u1ec7p c\u1ee7a \u0110\u1ea1i s\u1ee9<\/h2>\n<div class=\"row\"  id=\"row-865700107\">\n\n\t<div id=\"col-706682540\" class=\"col medium-6 small-12 large-6\"  >\n\t\t<div class=\"col-inner\"  >\n\t\t\t\n\t\t\t\n\t<div class=\"img has-hover x md-x lg-x y md-y lg-y\" id=\"image_21162987\">\n\t\t\t\t\t\t\t\t<div class=\"img-inner dark\" >\n\t\t\t<img width=\"300\" height=\"213\" src=\"https:\/\/vietnamembassydelhi.in\/wp-content\/uploads\/2023\/02\/batch-and-Bg-2-psd-300x213.jpg\" class=\"attachment-medium size-medium\" alt=\"\" decoding=\"async\" loading=\"lazy\" srcset=\"https:\/\/vietnamembassydelhi.in\/wp-content\/uploads\/2023\/02\/batch-and-Bg-2-psd-300x213.jpg 300w, https:\/\/vietnamembassydelhi.in\/wp-content\/uploads\/2023\/02\/batch-and-Bg-2-psd-1024x727.jpg 1024w, https:\/\/vietnamembassydelhi.in\/wp-content\/uploads\/2023\/02\/batch-and-Bg-2-psd-768x545.jpg 768w, https:\/\/vietnamembassydelhi.in\/wp-content\/uploads\/2023\/02\/batch-and-Bg-2-psd-1536x1090.jpg 1536w, https:\/\/vietnamembassydelhi.in\/wp-content\/uploads\/2023\/02\/batch-and-Bg-2-psd-2048x1453.jpg 2048w\" sizes=\"(max-width: 300px) 100vw, 300px\" \/>\t\t\t\t\t\t\n\t\t\t\t\t<\/div>\n\t\t\t\t\t\t\t\t\n<style>\n#image_21162987 {\n  width: 100%;\n}\n<\/style>\n\t<\/div>\n\t\n\t\t<\/div>\n\t\t\t<\/div>\n\n\t\n\n\t<div id=\"col-1719399879\" class=\"col medium-6 small-12 large-6\"  >\n\t\t<div class=\"col-inner\"  >\n\t\t\t\n\t\t\t\n<p>\u0110\u01b0\u1ee3c x\u00e2y d\u1ef1ng tr\u00ean b\u1ec1 d\u00e0y l\u1ecbch s\u1eed g\u1eafn k\u1ebft v\u0103n h\u00f3a, giao l\u01b0u nh\u00e2n d\u00e2n h\u00e0ng ng\u00e0n n\u0103m\u00a0 \u00a0v\u00e0 nh\u1eefng th\u00e0nh t\u1ef1u to l\u1edbn c\u1ee7a h\u01a1n 50 n\u0103m ph\u00e1t tri\u1ec3n quan h\u1ec7 ngo\u1ea1i giao, quan h\u1ec7 \u0110\u1ed1i t\u00e1c Chi\u1ebfn l\u01b0\u1ee3c To\u00e0n di\u1ec7n Vi\u1ec7t Nam &#8211; \u1ea4n \u0110\u1ed9 ng\u00e0y c\u00e0ng s\u00e2u r\u1ed9ng, th\u1ef1c ch\u1ea5t v\u00e0 hi\u1ec7u qu\u1ea3.<\/p>\n<p>T\u00f4i v\u00e0 c\u00e1c c\u00e1n b\u1ed9, nh\u00e2n vi\u00ean \u0111\u1ea1i s\u1ee9 qu\u00e1n Vi\u1ec7t Nam t\u1ea1i \u1ea4n \u0110\u1ed9 nguy\u1ec7n n\u1ed7 l\u1ef1c h\u1ebft s\u1ee9c g\u00f3p ph\u1ea7n th\u00fac \u0111\u1ea9y quan h\u1ec7 \u0110\u1ed1i t\u00e1c chi\u1ebfn l\u01b0\u1ee3c to\u00e0n di\u1ec7n l\u00ean t\u1ea7m cao m\u1edbi, \u0111\u00e1p \u1ee9ng l\u1ee3i \u00edch v\u00e0 k\u1ef3 v\u1ecdng c\u00f9a nh\u00e2n d\u00e2n hai n\u01b0\u1edbc, \u0111\u00f3ng g\u00f3p v\u00e0o h\u00f2a b\u00ecnh, h\u1ee3p t\u00e1c, ph\u00e1t tri\u1ec3n c\u1ee7a khu v\u1ef1c v\u00e0 th\u1ebf gi\u1edbi.<\/p>\n<p><em>\u0110\u1ea1i s\u1ee9 \u0110\u1eb7c m\u1ec7nh to\u00e0n quy\u1ec1n Vi\u1ec7t Nam t\u1ea1i \u1ea4n \u0110\u1ed9\u00a0 \u00a0 \u00a0 \u00a0 \u00a0 \u00a0 \u00a0 \u00a0 \u00a0 \u00a0 \u00a0 \u00a0 \u00a0 \u00a0 \u00a0 \u00a0 \u00a0 \u00a0 \u00a0 \u00a0 \u00a0 \u00a0 \u00a0 \u00a0 <\/em><em>Nguy\u1ec5n Thanh H\u1ea3i<\/em><\/p>\n\t\t<\/div>\n\t\t\t<\/div>\n\n\t\n<\/div>\n","protected":false},"excerpt":{"rendered":"<p>Th\u00f4ng \u0111i\u1ec7p c\u1ee7a \u0110\u1ea1i s\u1ee9<\/p>\n","protected":false},"author":2,"featured_media":0,"parent":2865,"menu_order":0,"comment_status":"closed","ping_status":"closed","template":"","meta":[],"yoast_head":"<!-- This site is optimized with the Yoast SEO plugin v19.11 - https:\/\/yoast.com\/wordpress\/plugins\/seo\/ -->\n<title>\u0110\u1ea1i s\u1ee9 - Vietnam Embassy in India<\/title>\n<meta name=\"robots\" content=\"index, follow, max-snippet:-1, max-image-preview:large, max-video-preview:-1\" \/>\n<link rel=\"canonical\" href=\"https:\/\/vietnamembassydelhi.in\/vi\/dai-su-quan\/dai-su\/\" \/>\n<meta property=\"og:locale\" content=\"vi_VN\" \/>\n<meta property=\"og:type\" content=\"article\" \/>\n<meta property=\"og:title\" content=\"\u0110\u1ea1i s\u1ee9 - Vietnam Embassy in India\" \/>\n<meta property=\"og:description\" content=\"Th\u00f4ng \u0111i\u1ec7p c\u1ee7a \u0110\u1ea1i s\u1ee9\" \/>\n<meta property=\"og:url\" content=\"https:\/\/vietnamembassydelhi.in\/vi\/dai-su-quan\/dai-su\/\" \/>\n<meta property=\"og:site_name\" content=\"Vietnam Embassy in India\" \/>\n<meta property=\"article:modified_time\" content=\"2023-02-03T13:11:29+00:00\" \/>\n<meta name=\"twitter:card\" content=\"summary_large_image\" \/>\n<meta name=\"twitter:label1\" content=\"Est. reading time\" \/>\n\t<meta name=\"twitter:data1\" content=\"1 minute\" \/>\n<script type=\"application\/ld+json\" class=\"yoast-schema-graph\">{\"@context\":\"https:\/\/schema.org\",\"@graph\":[{\"@type\":\"WebPage\",\"@id\":\"https:\/\/vietnamembassydelhi.in\/vi\/dai-su-quan\/dai-su\/\",\"url\":\"https:\/\/vietnamembassydelhi.in\/vi\/dai-su-quan\/dai-su\/\",\"name\":\"\u0110\u1ea1i s\u1ee9 - Vietnam Embassy in India\",\"isPartOf\":{\"@id\":\"https:\/\/vietnamembassydelhi.in\/#website\"},\"datePublished\":\"2022-08-19T12:15:40+00:00\",\"dateModified\":\"2023-02-03T13:11:29+00:00\",\"breadcrumb\":{\"@id\":\"https:\/\/vietnamembassydelhi.in\/vi\/dai-su-quan\/dai-su\/#breadcrumb\"},\"inLanguage\":\"vi-VN\",\"potentialAction\":[{\"@type\":\"ReadAction\",\"target\":[\"https:\/\/vietnamembassydelhi.in\/vi\/dai-su-quan\/dai-su\/\"]}]},{\"@type\":\"BreadcrumbList\",\"@id\":\"https:\/\/vietnamembassydelhi.in\/vi\/dai-su-quan\/dai-su\/#breadcrumb\",\"itemListElement\":[{\"@type\":\"ListItem\",\"position\":1,\"name\":\"Home\",\"item\":\"https:\/\/vietnamembassydelhi.in\/vi\/\"},{\"@type\":\"ListItem\",\"position\":2,\"name\":\"\u0110\u1ea1i s\u1ee9 qu\u00e1n\",\"item\":\"https:\/\/vietnamembassydelhi.in\/vi\/dai-su-quan\/\"},{\"@type\":\"ListItem\",\"position\":3,\"name\":\"\u0110\u1ea1i s\u1ee9\"}]},{\"@type\":\"WebSite\",\"@id\":\"https:\/\/vietnamembassydelhi.in\/#website\",\"url\":\"https:\/\/vietnamembassydelhi.in\/\",\"name\":\"Vietnam Embassy in India\",\"description\":\"\",\"potentialAction\":[{\"@type\":\"SearchAction\",\"target\":{\"@type\":\"EntryPoint\",\"urlTemplate\":\"https:\/\/vietnamembassydelhi.in\/?s={search_term_string}\"},\"query-input\":\"required name=search_term_string\"}],\"inLanguage\":\"vi-VN\"}]}<\/script>\n<!-- \/ Yoast SEO plugin. -->","yoast_head_json":{"title":"\u0110\u1ea1i s\u1ee9 - Vietnam Embassy in India","robots":{"index":"index","follow":"follow","max-snippet":"max-snippet:-1","max-image-preview":"max-image-preview:large","max-video-preview":"max-video-preview:-1"},"canonical":"https:\/\/vietnamembassydelhi.in\/vi\/dai-su-quan\/dai-su\/","og_locale":"vi_VN","og_type":"article","og_title":"\u0110\u1ea1i s\u1ee9 - Vietnam Embassy in India","og_description":"Th\u00f4ng \u0111i\u1ec7p c\u1ee7a \u0110\u1ea1i s\u1ee9","og_url":"https:\/\/vietnamembassydelhi.in\/vi\/dai-su-quan\/dai-su\/","og_site_name":"Vietnam Embassy in India","article_modified_time":"2023-02-03T13:11:29+00:00","twitter_card":"summary_large_image","twitter_misc":{"Est. reading time":"1 minute"},"schema":{"@context":"https:\/\/schema.org","@graph":[{"@type":"WebPage","@id":"https:\/\/vietnamembassydelhi.in\/vi\/dai-su-quan\/dai-su\/","url":"https:\/\/vietnamembassydelhi.in\/vi\/dai-su-quan\/dai-su\/","name":"\u0110\u1ea1i s\u1ee9 - Vietnam Embassy in India","isPartOf":{"@id":"https:\/\/vietnamembassydelhi.in\/#website"},"datePublished":"2022-08-19T12:15:40+00:00","dateModified":"2023-02-03T13:11:29+00:00","breadcrumb":{"@id":"https:\/\/vietnamembassydelhi.in\/vi\/dai-su-quan\/dai-su\/#breadcrumb"},"inLanguage":"vi-VN","potentialAction":[{"@type":"ReadAction","target":["https:\/\/vietnamembassydelhi.in\/vi\/dai-su-quan\/dai-su\/"]}]},{"@type":"BreadcrumbList","@id":"https:\/\/vietnamembassydelhi.in\/vi\/dai-su-quan\/dai-su\/#breadcrumb","itemListElement":[{"@type":"ListItem","position":1,"name":"Home","item":"https:\/\/vietnamembassydelhi.in\/vi\/"},{"@type":"ListItem","position":2,"name":"\u0110\u1ea1i s\u1ee9 qu\u00e1n","item":"https:\/\/vietnamembassydelhi.in\/vi\/dai-su-quan\/"},{"@type":"ListItem","position":3,"name":"\u0110\u1ea1i s\u1ee9"}]},{"@type":"WebSite","@id":"https:\/\/vietnamembassydelhi.in\/#website","url":"https:\/\/vietnamembassydelhi.in\/","name":"Vietnam Embassy in India","description":"","potentialAction":[{"@type":"SearchAction","target":{"@type":"EntryPoint","urlTemplate":"https:\/\/vietnamembassydelhi.in\/?s={search_term_string}"},"query-input":"required name=search_term_string"}],"inLanguage":"vi-VN"}]}},"_links":{"self":[{"href":"https:\/\/vietnamembassydelhi.in\/vi\/wp-json\/wp\/v2\/pages\/2929"}],"collection":[{"href":"https:\/\/vietnamembassydelhi.in\/vi\/wp-json\/wp\/v2\/pages"}],"about":[{"href":"https:\/\/vietnamembassydelhi.in\/vi\/wp-json\/wp\/v2\/types\/page"}],"author":[{"embeddable":true,"href":"https:\/\/vietnamembassydelhi.in\/vi\/wp-json\/wp\/v2\/users\/2"}],"replies":[{"embeddable":true,"href":"https:\/\/vietnamembassydelhi.in\/vi\/wp-json\/wp\/v2\/comments?post=2929"}],"version-history":[{"count":5,"href":"https:\/\/vietnamembassydelhi.in\/vi\/wp-json\/wp\/v2\/pages\/2929\/revisions"}],"predecessor-version":[{"id":3771,"href":"https:\/\/vietnamembassydelhi.in\/vi\/wp-json\/wp\/v2\/pages\/2929\/revisions\/3771"}],"up":[{"embeddable":true,"href":"https:\/\/vietnamembassydelhi.in\/vi\/wp-json\/wp\/v2\/pages\/2865"}],"wp:attachment":[{"href":"https:\/\/vietnamembassydelhi.in\/vi\/wp-json\/wp\/v2\/media?parent=2929"}],"curies":[{"name":"wp","href":"https:\/\/api.w.org\/{rel}","templated":true}]}}