{"id":2922,"date":"2022-08-19T19:14:30","date_gmt":"2022-08-19T12:14:30","guid":{"rendered":"http:\/\/vietnamembassydelhi.in\/?page_id=2922"},"modified":"2023-03-28T10:55:15","modified_gmt":"2023-03-28T03:55:15","slug":"van-ban-phap-quy","status":"publish","type":"page","link":"https:\/\/vietnamembassydelhi.in\/vi\/dich-vu-lanh-su\/van-ban-phap-quy\/","title":{"rendered":"V\u0103n b\u1ea3n ph\u00e1p quy"},"content":{"rendered":"<ol>\n<li>Lu\u1eadt C\u01a1\u00a0quan \u0110\u1ea1i\u00a0di\u1ec7n n\u0103m 2009.<\/li>\n<li>Lu\u1eadt Qu\u1ed1c t\u1ecbch Vi\u1ec7t Nam 2008.<\/li>\n<li>Lu\u1eadt Di tr\u00fa Vi\u1ec7t Nam 2014.<\/li>\n<li>Ngh\u1ecb \u0111\u1ecbnh s\u1ed1 82\/2015\/N\u0110-CP c\u1ee7a Ch\u00ednh ph\u1ee7 Vi\u1ec7t Nam v\u1ec1 mi\u1ec5n th\u1ecb th\u1ef1c<a href=\"http:\/\/vietem-ca.com\/upload\/docs\/Nghi_%C4%91%E1%BB%8Bnh_82.2015_.pdf\">.<\/a><\/li>\n<li>Th\u00f4ng t\u01b0 s\u1ed1 236\/2009\/TT-BTC c\u1ee7a B\u1ed9 T\u00e0i ch\u00ednh.<\/li>\n<li>Th\u00f4ng t\u01b0 s\u1ed1 189\/2012\/TT-BTC c\u1ee7a B\u1ed9 T\u00e0i ch\u00ednh, s\u1eeda \u0111\u1ed5i Th\u00f4ng t\u01b0 s\u1ed1 236\/2009\/TT-BTC ng\u00e0y 15\/12\/2009.<\/li>\n<li>Th\u00f4ng t\u01b0 s\u1ed1 200\/2013\/TT-BTC c\u1ee7a B\u1ed9 T\u00e0i Ch\u00ednh, s\u1eeda \u0111\u1ed5i Th\u00f4ng t\u01b0 s\u1ed1 236\/2009\/TT-BTC ng\u00e0y 15\/12\/2009.<\/li>\n<\/ol>\n","protected":false},"excerpt":{"rendered":"<p>Lu\u1eadt C\u01a1\u00a0quan \u0110\u1ea1i\u00a0di\u1ec7n n\u0103m 2009. Lu\u1eadt Qu\u1ed1c t\u1ecbch Vi\u1ec7t Nam 2008. Lu\u1eadt Di tr\u00fa Vi\u1ec7t Nam 2014. Ngh\u1ecb \u0111\u1ecbnh s\u1ed1 82\/2015\/N\u0110-CP c\u1ee7a Ch\u00ednh ph\u1ee7 Vi\u1ec7t Nam v\u1ec1 mi\u1ec5n th\u1ecb th\u1ef1c. Th\u00f4ng t\u01b0 s\u1ed1 236\/2009\/TT-BTC c\u1ee7a B\u1ed9 T\u00e0i ch\u00ednh. Th\u00f4ng t\u01b0 s\u1ed1 189\/2012\/TT-BTC c\u1ee7a B\u1ed9 T\u00e0i ch\u00ednh, s\u1eeda \u0111\u1ed5i Th\u00f4ng t\u01b0 s\u1ed1 236\/2009\/TT-BTC ng\u00e0y 15\/12\/2009. Th\u00f4ng&#8230;<\/p>\n","protected":false},"author":2,"featured_media":0,"parent":2864,"menu_order":0,"comment_status":"closed","ping_status":"closed","template":"page-blank-title-center.php","meta":[],"yoast_head":"<!-- This site is optimized with the Yoast SEO plugin v19.11 - https:\/\/yoast.com\/wordpress\/plugins\/seo\/ -->\n<title>V\u0103n b\u1ea3n ph\u00e1p quy - Vietnam Embassy in India<\/title>\n<meta name=\"robots\" content=\"index, follow, max-snippet:-1, max-image-preview:large, max-video-preview:-1\" \/>\n<link rel=\"canonical\" href=\"https:\/\/vietnamembassydelhi.in\/vi\/dich-vu-lanh-su\/van-ban-phap-quy\/\" \/>\n<meta property=\"og:locale\" content=\"vi_VN\" \/>\n<meta property=\"og:type\" content=\"article\" \/>\n<meta property=\"og:title\" content=\"V\u0103n b\u1ea3n ph\u00e1p quy - Vietnam Embassy in India\" \/>\n<meta property=\"og:description\" content=\"Lu\u1eadt C\u01a1\u00a0quan \u0110\u1ea1i\u00a0di\u1ec7n n\u0103m 2009. Lu\u1eadt Qu\u1ed1c t\u1ecbch Vi\u1ec7t Nam 2008. Lu\u1eadt Di tr\u00fa Vi\u1ec7t Nam 2014. Ngh\u1ecb \u0111\u1ecbnh s\u1ed1 82\/2015\/N\u0110-CP c\u1ee7a Ch\u00ednh ph\u1ee7 Vi\u1ec7t Nam v\u1ec1 mi\u1ec5n th\u1ecb th\u1ef1c. Th\u00f4ng t\u01b0 s\u1ed1 236\/2009\/TT-BTC c\u1ee7a B\u1ed9 T\u00e0i ch\u00ednh. Th\u00f4ng t\u01b0 s\u1ed1 189\/2012\/TT-BTC c\u1ee7a B\u1ed9 T\u00e0i ch\u00ednh, s\u1eeda \u0111\u1ed5i Th\u00f4ng t\u01b0 s\u1ed1 236\/2009\/TT-BTC ng\u00e0y 15\/12\/2009. Th\u00f4ng...\" \/>\n<meta property=\"og:url\" content=\"https:\/\/vietnamembassydelhi.in\/vi\/dich-vu-lanh-su\/van-ban-phap-quy\/\" \/>\n<meta property=\"og:site_name\" content=\"Vietnam Embassy in India\" \/>\n<meta property=\"article:modified_time\" content=\"2023-03-28T03:55:15+00:00\" \/>\n<meta name=\"twitter:card\" content=\"summary_large_image\" \/>\n<meta name=\"twitter:label1\" content=\"Est. reading time\" \/>\n\t<meta name=\"twitter:data1\" content=\"1 minute\" \/>\n<script type=\"application\/ld+json\" class=\"yoast-schema-graph\">{\"@context\":\"https:\/\/schema.org\",\"@graph\":[{\"@type\":\"WebPage\",\"@id\":\"https:\/\/vietnamembassydelhi.in\/vi\/dich-vu-lanh-su\/van-ban-phap-quy\/\",\"url\":\"https:\/\/vietnamembassydelhi.in\/vi\/dich-vu-lanh-su\/van-ban-phap-quy\/\",\"name\":\"V\u0103n b\u1ea3n ph\u00e1p quy - Vietnam Embassy in India\",\"isPartOf\":{\"@id\":\"https:\/\/vietnamembassydelhi.in\/#website\"},\"datePublished\":\"2022-08-19T12:14:30+00:00\",\"dateModified\":\"2023-03-28T03:55:15+00:00\",\"breadcrumb\":{\"@id\":\"https:\/\/vietnamembassydelhi.in\/vi\/dich-vu-lanh-su\/van-ban-phap-quy\/#breadcrumb\"},\"inLanguage\":\"vi-VN\",\"potentialAction\":[{\"@type\":\"ReadAction\",\"target\":[\"https:\/\/vietnamembassydelhi.in\/vi\/dich-vu-lanh-su\/van-ban-phap-quy\/\"]}]},{\"@type\":\"BreadcrumbList\",\"@id\":\"https:\/\/vietnamembassydelhi.in\/vi\/dich-vu-lanh-su\/van-ban-phap-quy\/#breadcrumb\",\"itemListElement\":[{\"@type\":\"ListItem\",\"position\":1,\"name\":\"Home\",\"item\":\"https:\/\/vietnamembassydelhi.in\/vi\/\"},{\"@type\":\"ListItem\",\"position\":2,\"name\":\"D\u1ecbch v\u1ee5 L\u00e3nh s\u1ef1\",\"item\":\"https:\/\/vietnamembassydelhi.in\/vi\/dich-vu-lanh-su\/\"},{\"@type\":\"ListItem\",\"position\":3,\"name\":\"V\u0103n b\u1ea3n ph\u00e1p quy\"}]},{\"@type\":\"WebSite\",\"@id\":\"https:\/\/vietnamembassydelhi.in\/#website\",\"url\":\"https:\/\/vietnamembassydelhi.in\/\",\"name\":\"Vietnam Embassy in India\",\"description\":\"\",\"potentialAction\":[{\"@type\":\"SearchAction\",\"target\":{\"@type\":\"EntryPoint\",\"urlTemplate\":\"https:\/\/vietnamembassydelhi.in\/?s={search_term_string}\"},\"query-input\":\"required name=search_term_string\"}],\"inLanguage\":\"vi-VN\"}]}<\/script>\n<!-- \/ Yoast SEO plugin. -->","yoast_head_json":{"title":"V\u0103n b\u1ea3n ph\u00e1p quy - Vietnam Embassy in India","robots":{"index":"index","follow":"follow","max-snippet":"max-snippet:-1","max-image-preview":"max-image-preview:large","max-video-preview":"max-video-preview:-1"},"canonical":"https:\/\/vietnamembassydelhi.in\/vi\/dich-vu-lanh-su\/van-ban-phap-quy\/","og_locale":"vi_VN","og_type":"article","og_title":"V\u0103n b\u1ea3n ph\u00e1p quy - Vietnam Embassy in India","og_description":"Lu\u1eadt C\u01a1\u00a0quan \u0110\u1ea1i\u00a0di\u1ec7n n\u0103m 2009. Lu\u1eadt Qu\u1ed1c t\u1ecbch Vi\u1ec7t Nam 2008. Lu\u1eadt Di tr\u00fa Vi\u1ec7t Nam 2014. Ngh\u1ecb \u0111\u1ecbnh s\u1ed1 82\/2015\/N\u0110-CP c\u1ee7a Ch\u00ednh ph\u1ee7 Vi\u1ec7t Nam v\u1ec1 mi\u1ec5n th\u1ecb th\u1ef1c. Th\u00f4ng t\u01b0 s\u1ed1 236\/2009\/TT-BTC c\u1ee7a B\u1ed9 T\u00e0i ch\u00ednh. Th\u00f4ng t\u01b0 s\u1ed1 189\/2012\/TT-BTC c\u1ee7a B\u1ed9 T\u00e0i ch\u00ednh, s\u1eeda \u0111\u1ed5i Th\u00f4ng t\u01b0 s\u1ed1 236\/2009\/TT-BTC ng\u00e0y 15\/12\/2009. Th\u00f4ng...","og_url":"https:\/\/vietnamembassydelhi.in\/vi\/dich-vu-lanh-su\/van-ban-phap-quy\/","og_site_name":"Vietnam Embassy in India","article_modified_time":"2023-03-28T03:55:15+00:00","twitter_card":"summary_large_image","twitter_misc":{"Est. reading time":"1 minute"},"schema":{"@context":"https:\/\/schema.org","@graph":[{"@type":"WebPage","@id":"https:\/\/vietnamembassydelhi.in\/vi\/dich-vu-lanh-su\/van-ban-phap-quy\/","url":"https:\/\/vietnamembassydelhi.in\/vi\/dich-vu-lanh-su\/van-ban-phap-quy\/","name":"V\u0103n b\u1ea3n ph\u00e1p quy - Vietnam Embassy in India","isPartOf":{"@id":"https:\/\/vietnamembassydelhi.in\/#website"},"datePublished":"2022-08-19T12:14:30+00:00","dateModified":"2023-03-28T03:55:15+00:00","breadcrumb":{"@id":"https:\/\/vietnamembassydelhi.in\/vi\/dich-vu-lanh-su\/van-ban-phap-quy\/#breadcrumb"},"inLanguage":"vi-VN","potentialAction":[{"@type":"ReadAction","target":["https:\/\/vietnamembassydelhi.in\/vi\/dich-vu-lanh-su\/van-ban-phap-quy\/"]}]},{"@type":"BreadcrumbList","@id":"https:\/\/vietnamembassydelhi.in\/vi\/dich-vu-lanh-su\/van-ban-phap-quy\/#breadcrumb","itemListElement":[{"@type":"ListItem","position":1,"name":"Home","item":"https:\/\/vietnamembassydelhi.in\/vi\/"},{"@type":"ListItem","position":2,"name":"D\u1ecbch v\u1ee5 L\u00e3nh s\u1ef1","item":"https:\/\/vietnamembassydelhi.in\/vi\/dich-vu-lanh-su\/"},{"@type":"ListItem","position":3,"name":"V\u0103n b\u1ea3n ph\u00e1p quy"}]},{"@type":"WebSite","@id":"https:\/\/vietnamembassydelhi.in\/#website","url":"https:\/\/vietnamembassydelhi.in\/","name":"Vietnam Embassy in India","description":"","potentialAction":[{"@type":"SearchAction","target":{"@type":"EntryPoint","urlTemplate":"https:\/\/vietnamembassydelhi.in\/?s={search_term_string}"},"query-input":"required name=search_term_string"}],"inLanguage":"vi-VN"}]}},"_links":{"self":[{"href":"https:\/\/vietnamembassydelhi.in\/vi\/wp-json\/wp\/v2\/pages\/2922"}],"collection":[{"href":"https:\/\/vietnamembassydelhi.in\/vi\/wp-json\/wp\/v2\/pages"}],"about":[{"href":"https:\/\/vietnamembassydelhi.in\/vi\/wp-json\/wp\/v2\/types\/page"}],"author":[{"embeddable":true,"href":"https:\/\/vietnamembassydelhi.in\/vi\/wp-json\/wp\/v2\/users\/2"}],"replies":[{"embeddable":true,"href":"https:\/\/vietnamembassydelhi.in\/vi\/wp-json\/wp\/v2\/comments?post=2922"}],"version-history":[{"count":3,"href":"https:\/\/vietnamembassydelhi.in\/vi\/wp-json\/wp\/v2\/pages\/2922\/revisions"}],"predecessor-version":[{"id":4063,"href":"https:\/\/vietnamembassydelhi.in\/vi\/wp-json\/wp\/v2\/pages\/2922\/revisions\/4063"}],"up":[{"embeddable":true,"href":"https:\/\/vietnamembassydelhi.in\/vi\/wp-json\/wp\/v2\/pages\/2864"}],"wp:attachment":[{"href":"https:\/\/vietnamembassydelhi.in\/vi\/wp-json\/wp\/v2\/media?parent=2922"}],"curies":[{"name":"wp","href":"https:\/\/api.w.org\/{rel}","templated":true}]}}