{"id":2920,"date":"2022-08-19T19:14:00","date_gmt":"2022-08-19T12:14:00","guid":{"rendered":"http:\/\/vietnamembassydelhi.in\/?page_id=2920"},"modified":"2023-09-25T16:53:37","modified_gmt":"2023-09-25T09:53:37","slug":"ly-lich-tu-phap","status":"publish","type":"page","link":"https:\/\/vietnamembassydelhi.in\/vi\/dich-vu-lanh-su\/ly-lich-tu-phap\/","title":{"rendered":"L\u00fd l\u1ecbch T\u01b0 ph\u00e1p"},"content":{"rendered":"<p><span style=\"color: #000000; font-size: 150%;\"><strong>1. H\u01b0\u1edbng d\u1eabn chung<\/strong><\/span><\/p>\n<p><span style=\"color: #000000;\">L\u00fd l\u1ecbch t\u01b0 ph\u00e1p\/Phi\u1ebfu l\u00fd l\u1ecbch t\u01b0 ph\u00e1p l\u00e0 Gi\u1ea5y ch\u1ee9ng nh\u1eadn do S\u1edf T\u01b0 ph\u00e1p c\u1ea5p cho c\u00e1 nh\u00e2n, bao g\u1ed3m c\u1ea3 C\u00f4ng d\u00e2n Vi\u1ec7t Nam v\u00e0 ng\u01b0\u1eddi n\u01b0\u1edbc ngo\u00e0i \u0111\u1ec3 \u0111\u00e1p \u1ee9ng y\u00eau c\u1ea7u c\u1ee7a h\u1ecd li\u00ean quan \u0111\u1ebfn \u00e1n t\u00edch trong th\u1eddi gian c\u01b0 tr\u00fa t\u1ea1i Vi\u1ec7t Nam.<\/span><\/p>\n<p><span style=\"color: #000000;\">C\u00f3 hai (02) lo\u1ea1i l\u00fd l\u1ecbch t\u01b0 ph\u00e1p: M\u1eabu s\u1ed1 1 v\u00e0 m\u1eabu s\u1ed1 2. <\/span><\/p>\n<ul>\n<li><span style=\"color: #000000;\"><strong>M\u1eabu s\u1ed1 1<\/strong>: d\u00e0nh cho (i) C\u00f4ng d\u00e2n Vi\u1ec7t Nam v\u00e0 ng\u01b0\u1eddi n\u01b0\u1edbc ngo\u00e0i c\u01b0 tr\u00fa ho\u1eb7c hi\u1ec7n \u0111ang c\u01b0 tr\u00fa t\u1ea1i Vi\u1ec7t Nam v\u00e0 mu\u1ed1n c\u00f3 L\u00fd l\u1ecbch t\u01b0 ph\u00e1p cho c\u00e1c m\u1ee5c \u0111\u00edch ngh\u1ec1 nghi\u1ec7p: xin vi\u1ec7c m\u1edbi, xin gi\u1ea5y ph\u00e9p lao \u0111\u1ed9ng, v.v. ho\u1eb7c (ii) C\u01a1 quan nh\u00e0 n\u01b0\u1edbc, t\u1ed5 ch\u1ee9c ch\u00ednh tr\u1ecb, t\u1ed5 ch\u1ee9c ch\u00ednh tr\u1ecb &#8211; x\u00e3 h\u1ed9i c\u00f3 quy\u1ec1n y\u00eau c\u1ea7u c\u1ea5p Phi\u1ebfu l\u00fd l\u1ecbch t\u01b0 ph\u00e1p \u0111\u1ec3 ph\u1ee5c v\u1ee5 c\u00f4ng t\u00e1c qu\u1ea3n l\u00fd nh\u00e2n s\u1ef1, \u0111\u0103ng k\u00fd kinh doanh, th\u00e0nh l\u1eadp, qu\u1ea3n l\u00fd doanh nghi\u1ec7p, h\u1ee3p t\u00e1c x\u00e3.<\/span><\/li>\n<li><span style=\"color: #000000;\"><strong>M\u1eabu s\u1ed1 2:<\/strong> d\u00e0nh cho 2 nh\u00f3m \u0111\u1ed1i t\u01b0\u1ee3ng: (a) C\u01a1 quan ti\u1ebfn h\u00e0nh t\u1ed1 t\u1ee5ng c\u00f3 quy\u1ec1n y\u00eau c\u1ea7u c\u1ea5p Phi\u1ebfu l\u00fd l\u1ecbch t\u01b0 ph\u00e1p \u0111\u1ec3 ph\u1ee5c v\u1ee5 c\u00f4ng t\u00e1c \u0111i\u1ec1u tra, truy t\u1ed1, x\u00e9t x\u1eed;l v\u00e0 (b<strong>) C\u00e1 nh\u00e2n l\u00e0 ng\u01b0\u1eddi Vi\u1ec7t Nam v\u00e0 ng\u01b0\u1eddi n\u01b0\u1edbc ngo\u00e0i,<\/strong> kh\u00f4ng c\u00f3 n\u01a1i th\u01b0\u1eddng tr\u00fa, kh\u00f4ng c\u00f3 n\u01a1i t\u1ea1m tr\u00fa ho\u1eb7c kh\u00f4ng c\u00f3 n\u01a1i c\u01b0 tr\u00fa, v\u1edbi <strong>m\u1ee5c \u0111\u00edch \u0111i du h\u1ecdc, k\u1ebft h\u00f4n \u1edf n\u01b0\u1edbc ngo\u00e0i, xin vi\u1ec7c \u1edf c\u00f4ng ty n\u01b0\u1edbc ngo\u00e0i,<\/strong> ho\u1eb7c xin qu\u1ed1c t\u1ecbch, v.v.<\/span><\/li>\n<\/ul>\n<p><span style=\"color: #000000;\">Do \u0111\u00f3, c\u01a1 quan Qu\u1ed1c t\u1ecbch v\u00e0 Nh\u1eadp c\u01b0 \u1ea4n \u0110\u1ed9 th\u01b0\u1eddng y\u00eau c\u1ea7u <strong>m\u1eabu h\u1ed3 s\u01a1 t\u1ed9i ph\u1ea1m s\u1ed1 2<\/strong> cho nh\u1eefng n\u1ed9p \u0111\u01a1n xin qu\u1ed1c t\u1ecbch \u1ea4n \u0110\u1ed9.<\/span><\/p>\n<p><span style=\"color: #000000;\">Ngo\u00e0i ra, h\u1ed3 s\u01a1 l\u00fd l\u1ecbch t\u01b0 ph\u00e1p (<em>M\u1eabu + b\u1ea3n sao h\u1ed9 chi\u1ebfu<\/em>) ph\u1ea3i \u0111\u01b0\u1ee3c g\u1eedi \u0111\u1ebfn \u0110\u1ea1i s\u1ee9 qu\u00e1n Vi\u1ec7t Nam t\u1ea1i \u1ea4n \u0110\u1ed9 \u0111\u1ec3 h\u1ee3p ph\u00e1p h\u00f3a.<\/span><\/p>\n<p><strong><span style=\"color: #000000; font-size: 150%;\">2. C\u00e1ch th\u1ee9c n\u1ed9p L\u00fd l\u1ecbch t\u01b0 ph\u00e1p<\/span><\/strong><\/p>\n<ul>\n<li><span style=\"color: #000000;\">Ng\u01b0\u1eddi n\u1ed9p \u0111\u01a1n c\u00f3 th\u1ec3 g\u1eedi m\u1eabu \u0111\u01a1n h\u1ee3p ph\u00e1p h\u00f3a L\u00fd l\u1ecbch t\u01b0 ph\u00e1p, tr\u1ef1c ti\u1ebfp \u0111\u1ebfn Trung t\u00e2m L\u00fd l\u1ecbch t\u01b0 ph\u00e1p qu\u1ed1c gia c\u00f3 li\u00ean quan \u0111\u1ebfn B\u1ed9 T\u01b0 ph\u00e1p Vi\u1ec7t Nam t\u1ea1i 58-60 Tr\u1ea7n Ph\u00fa, Qu\u1eadn Ba \u0110\u00ecnh, H\u00e0 N\u1ed9i, Vi\u1ec7t Nam (Tr\u01b0\u1edbc khi g\u1eedi h\u1ed3 s\u01a1 qua \u0111\u01b0\u1eddng b\u01b0u \u0111i\u1ec7n, vui l\u00f2ng li\u00ean h\u1ec7 v\u1edbi Trung t\u00e2m L\u00fd l\u1ecbch t\u01b0 ph\u00e1p qu\u1ed1c gia \u0111\u1ec3 \u0111\u1ea3m b\u1ea3o r\u1eb1ng h\u1ed3 s\u01a1 c\u1ee7a b\u1ea1n \u0111\u01b0\u1ee3c chu\u1ea9n b\u1ecb t\u1ed1t v\u00e0 \u0111\u01b0\u1ee3c h\u01b0\u1edbng d\u1eabn c\u00e1ch n\u1ed9p l\u1ec7 ph\u00ed). N\u1ebfu kh\u00f4ng, \u0111\u01b0\u01a1ng \u0111\u01a1n c\u00f3 th\u1ec3 \u1ee7y quy\u1ec1n cho \u0110\u1ea1i s\u1ee9 qu\u00e1n Vi\u1ec7t Nam n\u1ed9p thay m\u1eb7t (Vui l\u00f2ng li\u00ean h\u1ec7 v\u1edbi nh\u00e2n vi\u00ean c\u1ee7a ch\u00fang t\u00f4i theo s\u1ed1 +91 7303625588 \u0111\u1ec3 bi\u1ebft th\u00eam chi ti\u1ebft).<\/span><\/li>\n<li><span style=\"color: #000000;\">Xin l\u01b0u \u00fd r\u1eb1ng m\u1eabu L\u00fd l\u1ecbch t\u01b0 ph\u00e1p \u0111\u00e3 k\u00fd c\u1ee7a b\u1ea1n ph\u1ea3i \u0111\u01b0\u1ee3c h\u1ee3p ph\u00e1p h\u00f3a b\u1edfi \u0110\u1ea1i s\u1ee9 qu\u00e1n Vi\u1ec7t Nam t\u1ea1i \u1ea4n \u0110\u1ed9 c\u00f9ng v\u1edbi b\u1ea3n sao h\u1ed9 chi\u1ebfu h\u1ee3p l\u1ec7 c\u1ee7a b\u1ea1n.<\/span><\/li>\n<li><span style=\"color: #000000;\">Th\u1eddi gian x\u1eed l\u00fd: 5-7 ng\u00e0y l\u00e0m vi\u1ec7c k\u1ec3 t\u1eeb khi nh\u1eadn \u0111\u01b0\u1ee3c \u0111\u01a1n \u0111\u0103ng k\u00fd ho\u00e0n ch\u1ec9nh c\u1ee7a b\u1ea1n.<\/span><\/li>\n<li><span style=\"color: #000000;\">T\u1ea5t c\u1ea3 c\u00e1c kho\u1ea3n ph\u00ed \u0111\u01b0\u1ee3c thu b\u1eb1ng INR. Thanh to\u00e1n c\u00f3 th\u1ec3 \u0111\u01b0\u1ee3c th\u1ef1c hi\u1ec7n b\u1eb1ng l\u1ec7nh chuy\u1ec3n ti\u1ec1n, h\u1ed1i phi\u1ebfu ng\u00e2n h\u00e0ng, ph\u1ea3i tr\u1ea3 cho &#8220;\u0110\u1ea1i s\u1ee9 qu\u00e1n Vi\u1ec7t Nam t\u1ea1i \u1ea4n \u0110\u1ed9&#8221;<\/span><\/li>\n<\/ul>\n<p><span style=\"color: #000000;\"><strong><span style=\"font-size: 150%;\">3. Th\u00f4ng tin li\u00ean h\u1ec7<\/span><\/strong><\/span><\/p>\n<p><span style=\"font-family: helvetica, arial, sans-serif;\">Gi\u1edd m\u1edf c\u1eeda B\u1ed9 ph\u1eadn l\u00e3nh s\u1ef1: Vui l\u00f2ng tham kh\u1ea3o t\u1ea1i ch\u00e2n trang.<\/span><\/p>\n<p><span style=\"color: #000000;\">\u0110\u1ecba ch\u1ec9 c\u1ee7a \u0110\u1ea1i s\u1ee9 qu\u00e1n:<\/span><\/p>\n<p><span style=\"color: #000000;\">\u0110\u1ea1i s\u1ee9 qu\u00e1n Vi\u1ec7t Nam t\u1ea1i \u1ea4n \u0110\u1ed9<\/span><\/p>\n<p><span style=\"color: #000000;\">EP-7A Chandragupta, Chanakyapuri, New Delhi \u2013 110021<\/span><\/p>\n<p><span style=\"color: #000000;\">Vui l\u00f2ng li\u00ean h\u1ec7 v\u1edbi nh\u00e2n vi\u00ean c\u1ee7a ch\u00fang t\u00f4i n\u1ebfu b\u1ea1n c\u1ea7n th\u00eam th\u00f4ng tin.<\/span><\/p>\n","protected":false},"excerpt":{"rendered":"<p>1. H\u01b0\u1edbng d\u1eabn chung L\u00fd l\u1ecbch t\u01b0 ph\u00e1p\/Phi\u1ebfu l\u00fd l\u1ecbch t\u01b0 ph\u00e1p l\u00e0 Gi\u1ea5y ch\u1ee9ng nh\u1eadn do S\u1edf T\u01b0 ph\u00e1p c\u1ea5p cho c\u00e1 nh\u00e2n, bao g\u1ed3m c\u1ea3 C\u00f4ng d\u00e2n Vi\u1ec7t Nam v\u00e0 ng\u01b0\u1eddi n\u01b0\u1edbc ngo\u00e0i \u0111\u1ec3 \u0111\u00e1p \u1ee9ng y\u00eau c\u1ea7u c\u1ee7a h\u1ecd li\u00ean quan \u0111\u1ebfn \u00e1n t\u00edch trong th\u1eddi gian c\u01b0 tr\u00fa t\u1ea1i Vi\u1ec7t Nam&#8230;.<\/p>\n","protected":false},"author":2,"featured_media":0,"parent":2864,"menu_order":0,"comment_status":"closed","ping_status":"closed","template":"page-blank-title-center.php","meta":[],"yoast_head":"<!-- This site is optimized with the Yoast SEO plugin v19.11 - https:\/\/yoast.com\/wordpress\/plugins\/seo\/ -->\n<title>L\u00fd l\u1ecbch T\u01b0 ph\u00e1p - Vietnam Embassy in India<\/title>\n<meta name=\"robots\" content=\"index, follow, max-snippet:-1, max-image-preview:large, max-video-preview:-1\" \/>\n<link rel=\"canonical\" href=\"https:\/\/vietnamembassydelhi.in\/vi\/dich-vu-lanh-su\/ly-lich-tu-phap\/\" \/>\n<meta property=\"og:locale\" content=\"vi_VN\" \/>\n<meta property=\"og:type\" content=\"article\" \/>\n<meta property=\"og:title\" content=\"L\u00fd l\u1ecbch T\u01b0 ph\u00e1p - Vietnam Embassy in India\" \/>\n<meta property=\"og:description\" content=\"1. H\u01b0\u1edbng d\u1eabn chung L\u00fd l\u1ecbch t\u01b0 ph\u00e1p\/Phi\u1ebfu l\u00fd l\u1ecbch t\u01b0 ph\u00e1p l\u00e0 Gi\u1ea5y ch\u1ee9ng nh\u1eadn do S\u1edf T\u01b0 ph\u00e1p c\u1ea5p cho c\u00e1 nh\u00e2n, bao g\u1ed3m c\u1ea3 C\u00f4ng d\u00e2n Vi\u1ec7t Nam v\u00e0 ng\u01b0\u1eddi n\u01b0\u1edbc ngo\u00e0i \u0111\u1ec3 \u0111\u00e1p \u1ee9ng y\u00eau c\u1ea7u c\u1ee7a h\u1ecd li\u00ean quan \u0111\u1ebfn \u00e1n t\u00edch trong th\u1eddi gian c\u01b0 tr\u00fa t\u1ea1i Vi\u1ec7t Nam....\" \/>\n<meta property=\"og:url\" content=\"https:\/\/vietnamembassydelhi.in\/vi\/dich-vu-lanh-su\/ly-lich-tu-phap\/\" \/>\n<meta property=\"og:site_name\" content=\"Vietnam Embassy in India\" \/>\n<meta property=\"article:modified_time\" content=\"2023-09-25T09:53:37+00:00\" \/>\n<meta name=\"twitter:card\" content=\"summary_large_image\" \/>\n<meta name=\"twitter:label1\" content=\"Est. reading time\" \/>\n\t<meta name=\"twitter:data1\" content=\"3 minutes\" \/>\n<script type=\"application\/ld+json\" class=\"yoast-schema-graph\">{\"@context\":\"https:\/\/schema.org\",\"@graph\":[{\"@type\":\"WebPage\",\"@id\":\"https:\/\/vietnamembassydelhi.in\/vi\/dich-vu-lanh-su\/ly-lich-tu-phap\/\",\"url\":\"https:\/\/vietnamembassydelhi.in\/vi\/dich-vu-lanh-su\/ly-lich-tu-phap\/\",\"name\":\"L\u00fd l\u1ecbch T\u01b0 ph\u00e1p - Vietnam Embassy in India\",\"isPartOf\":{\"@id\":\"https:\/\/vietnamembassydelhi.in\/#website\"},\"datePublished\":\"2022-08-19T12:14:00+00:00\",\"dateModified\":\"2023-09-25T09:53:37+00:00\",\"breadcrumb\":{\"@id\":\"https:\/\/vietnamembassydelhi.in\/vi\/dich-vu-lanh-su\/ly-lich-tu-phap\/#breadcrumb\"},\"inLanguage\":\"vi-VN\",\"potentialAction\":[{\"@type\":\"ReadAction\",\"target\":[\"https:\/\/vietnamembassydelhi.in\/vi\/dich-vu-lanh-su\/ly-lich-tu-phap\/\"]}]},{\"@type\":\"BreadcrumbList\",\"@id\":\"https:\/\/vietnamembassydelhi.in\/vi\/dich-vu-lanh-su\/ly-lich-tu-phap\/#breadcrumb\",\"itemListElement\":[{\"@type\":\"ListItem\",\"position\":1,\"name\":\"Home\",\"item\":\"https:\/\/vietnamembassydelhi.in\/vi\/\"},{\"@type\":\"ListItem\",\"position\":2,\"name\":\"D\u1ecbch v\u1ee5 L\u00e3nh s\u1ef1\",\"item\":\"https:\/\/vietnamembassydelhi.in\/vi\/dich-vu-lanh-su\/\"},{\"@type\":\"ListItem\",\"position\":3,\"name\":\"L\u00fd l\u1ecbch T\u01b0 ph\u00e1p\"}]},{\"@type\":\"WebSite\",\"@id\":\"https:\/\/vietnamembassydelhi.in\/#website\",\"url\":\"https:\/\/vietnamembassydelhi.in\/\",\"name\":\"Vietnam Embassy in India\",\"description\":\"\",\"potentialAction\":[{\"@type\":\"SearchAction\",\"target\":{\"@type\":\"EntryPoint\",\"urlTemplate\":\"https:\/\/vietnamembassydelhi.in\/?s={search_term_string}\"},\"query-input\":\"required name=search_term_string\"}],\"inLanguage\":\"vi-VN\"}]}<\/script>\n<!-- \/ Yoast SEO plugin. -->","yoast_head_json":{"title":"L\u00fd l\u1ecbch T\u01b0 ph\u00e1p - Vietnam Embassy in India","robots":{"index":"index","follow":"follow","max-snippet":"max-snippet:-1","max-image-preview":"max-image-preview:large","max-video-preview":"max-video-preview:-1"},"canonical":"https:\/\/vietnamembassydelhi.in\/vi\/dich-vu-lanh-su\/ly-lich-tu-phap\/","og_locale":"vi_VN","og_type":"article","og_title":"L\u00fd l\u1ecbch T\u01b0 ph\u00e1p - Vietnam Embassy in India","og_description":"1. H\u01b0\u1edbng d\u1eabn chung L\u00fd l\u1ecbch t\u01b0 ph\u00e1p\/Phi\u1ebfu l\u00fd l\u1ecbch t\u01b0 ph\u00e1p l\u00e0 Gi\u1ea5y ch\u1ee9ng nh\u1eadn do S\u1edf T\u01b0 ph\u00e1p c\u1ea5p cho c\u00e1 nh\u00e2n, bao g\u1ed3m c\u1ea3 C\u00f4ng d\u00e2n Vi\u1ec7t Nam v\u00e0 ng\u01b0\u1eddi n\u01b0\u1edbc ngo\u00e0i \u0111\u1ec3 \u0111\u00e1p \u1ee9ng y\u00eau c\u1ea7u c\u1ee7a h\u1ecd li\u00ean quan \u0111\u1ebfn \u00e1n t\u00edch trong th\u1eddi gian c\u01b0 tr\u00fa t\u1ea1i Vi\u1ec7t Nam....","og_url":"https:\/\/vietnamembassydelhi.in\/vi\/dich-vu-lanh-su\/ly-lich-tu-phap\/","og_site_name":"Vietnam Embassy in India","article_modified_time":"2023-09-25T09:53:37+00:00","twitter_card":"summary_large_image","twitter_misc":{"Est. reading time":"3 minutes"},"schema":{"@context":"https:\/\/schema.org","@graph":[{"@type":"WebPage","@id":"https:\/\/vietnamembassydelhi.in\/vi\/dich-vu-lanh-su\/ly-lich-tu-phap\/","url":"https:\/\/vietnamembassydelhi.in\/vi\/dich-vu-lanh-su\/ly-lich-tu-phap\/","name":"L\u00fd l\u1ecbch T\u01b0 ph\u00e1p - Vietnam Embassy in India","isPartOf":{"@id":"https:\/\/vietnamembassydelhi.in\/#website"},"datePublished":"2022-08-19T12:14:00+00:00","dateModified":"2023-09-25T09:53:37+00:00","breadcrumb":{"@id":"https:\/\/vietnamembassydelhi.in\/vi\/dich-vu-lanh-su\/ly-lich-tu-phap\/#breadcrumb"},"inLanguage":"vi-VN","potentialAction":[{"@type":"ReadAction","target":["https:\/\/vietnamembassydelhi.in\/vi\/dich-vu-lanh-su\/ly-lich-tu-phap\/"]}]},{"@type":"BreadcrumbList","@id":"https:\/\/vietnamembassydelhi.in\/vi\/dich-vu-lanh-su\/ly-lich-tu-phap\/#breadcrumb","itemListElement":[{"@type":"ListItem","position":1,"name":"Home","item":"https:\/\/vietnamembassydelhi.in\/vi\/"},{"@type":"ListItem","position":2,"name":"D\u1ecbch v\u1ee5 L\u00e3nh s\u1ef1","item":"https:\/\/vietnamembassydelhi.in\/vi\/dich-vu-lanh-su\/"},{"@type":"ListItem","position":3,"name":"L\u00fd l\u1ecbch T\u01b0 ph\u00e1p"}]},{"@type":"WebSite","@id":"https:\/\/vietnamembassydelhi.in\/#website","url":"https:\/\/vietnamembassydelhi.in\/","name":"Vietnam Embassy in India","description":"","potentialAction":[{"@type":"SearchAction","target":{"@type":"EntryPoint","urlTemplate":"https:\/\/vietnamembassydelhi.in\/?s={search_term_string}"},"query-input":"required name=search_term_string"}],"inLanguage":"vi-VN"}]}},"_links":{"self":[{"href":"https:\/\/vietnamembassydelhi.in\/vi\/wp-json\/wp\/v2\/pages\/2920"}],"collection":[{"href":"https:\/\/vietnamembassydelhi.in\/vi\/wp-json\/wp\/v2\/pages"}],"about":[{"href":"https:\/\/vietnamembassydelhi.in\/vi\/wp-json\/wp\/v2\/types\/page"}],"author":[{"embeddable":true,"href":"https:\/\/vietnamembassydelhi.in\/vi\/wp-json\/wp\/v2\/users\/2"}],"replies":[{"embeddable":true,"href":"https:\/\/vietnamembassydelhi.in\/vi\/wp-json\/wp\/v2\/comments?post=2920"}],"version-history":[{"count":5,"href":"https:\/\/vietnamembassydelhi.in\/vi\/wp-json\/wp\/v2\/pages\/2920\/revisions"}],"predecessor-version":[{"id":4688,"href":"https:\/\/vietnamembassydelhi.in\/vi\/wp-json\/wp\/v2\/pages\/2920\/revisions\/4688"}],"up":[{"embeddable":true,"href":"https:\/\/vietnamembassydelhi.in\/vi\/wp-json\/wp\/v2\/pages\/2864"}],"wp:attachment":[{"href":"https:\/\/vietnamembassydelhi.in\/vi\/wp-json\/wp\/v2\/media?parent=2920"}],"curies":[{"name":"wp","href":"https:\/\/api.w.org\/{rel}","templated":true}]}}