{"id":2918,"date":"2022-08-19T19:08:56","date_gmt":"2022-08-19T12:08:56","guid":{"rendered":"http:\/\/vietnamembassydelhi.in\/?page_id=2918"},"modified":"2023-11-06T13:01:01","modified_gmt":"2023-11-06T06:01:01","slug":"xin-ho-chieu","status":"publish","type":"page","link":"https:\/\/vietnamembassydelhi.in\/vi\/dich-vu-lanh-su\/xin-ho-chieu\/","title":{"rendered":"Xin h\u1ed9 chi\u1ebfu Vi\u1ec7t Nam"},"content":{"rendered":"<p><span style=\"font-size: 150%; color: #000000;\"><strong>1. Nh\u1eefng \u0111i\u1ec1u c\u1ea7n bi\u1ebft tr\u01b0\u1edbc khi xin h\u1ed9 chi\u1ebfu Vi\u1ec7t Nam<\/strong><\/span><\/p>\n<p>1.1. B\u1ea1n ch\u1ec9 c\u00f3 th\u1ec3 xin c\u1ea5p h\u1ed9 chi\u1ebfu Vi\u1ec7t Nam n\u1ebfu b\u1ea1n l\u00e0 c\u00f4ng d\u00e2n Vi\u1ec7t Nam.<\/p>\n<p>1.2. B\u1ea1n c\u00f3 m\u1eb7t t\u1ea1i \u0110\u1ea1i s\u1ee9 qu\u00e1n \u0111\u1ec3 xin c\u1ea5p h\u1ed9 chi\u1ebfu Vi\u1ec7t Nam m\u1edbi. \u1ee8ng vi\u00ean s\u1ed1ng qu\u00e1 xa \u0110\u1ea1i s\u1ee9 qu\u00e1n c\u00f3 th\u1ec3 n\u1ed9p h\u1ed3 s\u01a1 qua \u0111\u01b0\u1eddng b\u01b0u \u0111i\u1ec7n; trong tr\u01b0\u1eddng h\u1ee3p \u0111\u00f3, \u0110\u1ea1i s\u1ee9 qu\u00e1n kh\u00f4ng ch\u1ecbu tr\u00e1ch nhi\u1ec7m v\u1ec1 b\u1ea5t k\u1ef3 m\u1ea5t m\u00e1t t\u00e0i li\u1ec7u n\u00e0o c\u00f3 th\u1ec3 x\u1ea3y ra trong qu\u00e1 tr\u00ecnh v\u1eadn chuy\u1ec3n.<\/p>\n<p>1.3. B\u1ea1n n\u00ean t\u1ef1 \u0111i\u1ec1n v\u00e0o m\u1eabu \u0111\u01a1n b\u1eb1ng ti\u1ebfng Vi\u1ec7t (Cha m\u1eb9 c\u00f3 th\u1ec3 \u0111i\u1ec1n v\u00e0o m\u1eabu \u0111\u01a1n thay cho tr\u1ebb).<\/p>\n<p>1.4. B\u1ea1n ph\u1ea3i k\u00fd v\u00e0 gi\u1eef h\u1ed9 chi\u1ebfu c\u1ea9n th\u1eadn v\u00ec \u0111\u00f3 l\u00e0 t\u00e0i s\u1ea3n qu\u1ed1c gia.<\/p>\n<p>1.5. B\u1ea1n c\u00f3 th\u1ec3 n\u1ed9p h\u1ed3 s\u01a1 t\u1ea1i \u0110\u1ea1i s\u1ee9 qu\u00e1n ho\u1eb7c g\u1eedi qua \u0111\u01b0\u1eddng b\u01b0u \u0111i\u1ec7n \u0111\u1ebfn \u0110\u1ea1i s\u1ee9 qu\u00e1n. Khi n\u1ed9p \u0111\u01a1n qua th\u01b0, \u0111\u1ecba ch\u1ec9 g\u1eedi th\u01b0 v\u00e0 s\u1ed1 \u0111i\u1ec7n tho\u1ea1i \u0111\u01b0\u1ee3c y\u00eau c\u1ea7u \u0111\u1ec3 c\u00e1c t\u00e0i li\u1ec7u \u0111\u01b0\u1ee3c chuy\u1ec3n l\u1ea1i b\u1eb1ng Chuy\u1ec3n ph\u00e1t nhanh.<\/p>\n<p>1.6. H\u1ed9 chi\u1ebfu c\u00f3 gi\u00e1 tr\u1ecb 10 n\u0103m (5 n\u0103m n\u1ebfu ng\u01b0\u1eddi mang h\u1ed9 chi\u1ebfu d\u01b0\u1edbi 14 tu\u1ed5i).<\/p>\n<p>1.7. Th\u1eddi gian x\u1eed l\u00fd:<\/p>\n<p>\u2013 \u0110\u1ed1i v\u1edbi gia h\u1ea1n h\u1ed9 chi\u1ebfu v\u00e0 \u0111\u1ec1 ngh\u1ecb c\u1ea5p h\u1ed9 chi\u1ebfu m\u1edbi cho tr\u1ebb em: 5-7 ng\u00e0y l\u00e0m vi\u1ec7c k\u1ec3 t\u1eeb ng\u00e0y nh\u1eadn \u0111\u1ee7 h\u1ed3 s\u01a1.<\/p>\n<p>\u2013 \u0110\u1ed1i v\u1edbi h\u1ed3 s\u01a1 \u0111\u1ec1 ngh\u1ecb c\u1ea5p h\u1ed9 chi\u1ebfu b\u1ecb m\u1ea5t\/h\u01b0 h\u1ecfng: (i) 5 \u2013 7 ng\u00e0y l\u00e0m vi\u1ec7c k\u1ec3 t\u1eeb ng\u00e0y nh\u1eadn \u0111\u1ee7 h\u1ed3 s\u01a1 (n\u1ebfu xu\u1ea5t tr\u00ecnh b\u1ea3n ch\u00ednh Ch\u1ee9ng minh nh\u00e2n d\u00e2n Vi\u1ec7t Nam); (ii) \u00edt nh\u1ea5t 30 ng\u00e0y l\u00e0m vi\u1ec7c (n\u1ebfu kh\u00f4ng cung c\u1ea5p b\u1ea3n g\u1ed1c ID Vi\u1ec7t Nam)<\/p>\n<p>\u2013 \u0110\u1ed1i v\u1edbi h\u1ed3 s\u01a1 c\u1ea5p h\u1ed9 chi\u1ebfu m\u1edbi d\u00e0nh cho ng\u01b0\u1eddi l\u1edbn: \u00edt nh\u1ea5t 90 ng\u00e0y l\u00e0m vi\u1ec7c k\u1ec3 t\u1eeb ng\u00e0y nh\u1eadn \u0111\u1ee7 h\u1ed3 s\u01a1.\u00a0<u>Xin l\u01b0u \u00fd r\u1eb1ng th\u1eddi gian x\u1eed l\u00fd kh\u00e1c nhau v\u00e0 c\u00f3 th\u1ec3 m\u1ea5t \u0111\u1ebfn nhi\u1ec1u n\u0103m.<\/u><\/p>\n<p>1.8. \u0110\u1ec3 bi\u1ebft c\u00e1c th\u1ee7 t\u1ee5c x\u00e1c th\u1ef1c t\u1ea1i B\u1ed9 Ngo\u1ea1i giao \u1ea4n \u0110\u1ed9, vui l\u00f2ng tham kh\u1ea3o trang web MEA:\u00a0<a href=\"https:\/\/mea.gov.in\/apostille.htm\">https:\/\/mea.gov.in\/apostille.htm<\/a>.<\/p>\n<p><span style=\"font-size: 150%; color: #000000;\"><strong>2. Th\u1ee7 t\u1ee5c xin c\u1ea5p h\u1ed9 chi\u1ebfu m\u1edbi (Ng\u01b0\u1eddi n\u1ed9p \u0111\u01a1n kh\u00f4ng c\u00f3 h\u1ed9 chi\u1ebfu Vi\u1ec7t Nam h\u1ee3p l\u1ec7 \u2013 <u>\u0110\u01a1n c\u00f3 th\u1ec3 b\u1ecb t\u1eeb ch\u1ed1i n\u1ebfu th\u00f4ng tin cung c\u1ea5p kh\u00f4ng \u0111\u1ea7y \u0111\u1ee7 ho\u1eb7c kh\u00f4ng ch\u00ednh x\u00e1c<\/u>):<\/strong><\/span><\/p>\n<ul>\n<li>\u0110\u01a1n xin c\u1ea5p h\u1ed9 chi\u1ebfu m\u1edbi (b\u1eb1ng ti\u1ebfng Vi\u1ec7t)<\/li>\n<li>Gi\u1ea5y t\u1edd t\u00f9y th\u00e2n qu\u1ed1c t\u1ecbch (Tr\u1ebb em sinh ra \u1edf \u1ea4n \u0110\u1ed9 \u0111\u01b0\u1ee3c mi\u1ec5n, nh\u01b0ng c\u1ea7n ph\u1ea3i xin gi\u1ea5y khai sinh Vi\u1ec7t Nam tr\u01b0\u1edbc)<\/li>\n<li>B\u1ea3n ch\u00ednh Gi\u1ea5y khai sinh Vi\u1ec7t Nam (ho\u1eb7c b\u1ea3n sao c\u00f3 c\u00f4ng ch\u1ee9ng, ch\u1ee9ng th\u1ef1c)<\/li>\n<li>B\u1ea3n sao c\u00f3 c\u00f4ng ch\u1ee9ng v\u00e0 ch\u1ee9ng th\u1ef1c t\u00e0i li\u1ec7u c\u01b0 tr\u00fa \u1ea4n \u0110\u1ed9 c\u1ee7a h\u1ecd (h\u1ed9 chi\u1ebfu \/ th\u1ebb PR \/ Qu\u1ed1c t\u1ecbch \/ Gi\u1ea5y ph\u00e9p du h\u1ecdc \/ Gi\u1ea5y ph\u00e9p lao \u0111\u1ed9ng).<\/li>\n<li>B\u1ea5t k\u1ef3 gi\u1ea5y t\u1edd h\u1ee3p ph\u00e1p n\u00e0o do c\u01a1 quan c\u00f3 th\u1ea9m quy\u1ec1n c\u1ee7a Vi\u1ec7t Nam c\u1ea5p (gi\u1ea5y khai sinh, h\u1ed9 chi\u1ebfu h\u1ebft h\u1ea1n, ch\u1ee9ng minh th\u01b0&#8230;)<\/li>\n<li>02 \u1ea3nh c\u1ee1 h\u1ed9 chi\u1ebfu m\u1edbi<\/li>\n<\/ul>\n<p><span style=\"font-size: 150%; color: #000000;\"><strong>3. Th\u1ee7 t\u1ee5c xin gia h\u1ea1n h\u1ed9 chi\u1ebfu (Ng\u01b0\u1eddi n\u1ed9p \u0111\u01a1n c\u00f3 h\u1ed9 chi\u1ebfu Vi\u1ec7t Nam c\u00f2n hi\u1ec7u l\u1ef1c)<\/strong><\/span><\/p>\n<p>3.1. \u0110\u01a1n xin gia h\u1ea1n h\u1ed9 chi\u1ebfu (b\u1eb1ng ti\u1ebfng Vi\u1ec7t)<\/p>\n<p>3.2. H\u1ed9 chi\u1ebfu g\u1ed1c Vi\u1ec7t Nam (s\u1ebd h\u1ebft h\u1ea1n trong v\u00f2ng 6 th\u00e1ng)<\/p>\n<p>3.3. 02 \u1ea3nh c\u1ee1 h\u1ed9 chi\u1ebfu m\u1edbi (4x6cm)<\/p>\n<p>3.4. B\u1ea3n sao c\u00f3 c\u00f4ng ch\u1ee9ng v\u00e0 ch\u1ee9ng th\u1ef1c t\u00e0i li\u1ec7u c\u01b0 tr\u00fa \u1ea4n \u0110\u1ed9 c\u1ee7a h\u1ecd (h\u1ed9 chi\u1ebfu \/ th\u1ebb PR \/ Qu\u1ed1c t\u1ecbch \/ Gi\u1ea5y ph\u00e9p du h\u1ecdc \/ Gi\u1ea5y ph\u00e9p lao \u0111\u1ed9ng).<\/p>\n<p>3.5. B\u1ea3n sao c\u00f4ng ch\u1ee9ng Gi\u1ea5y khai sinh Vi\u1ec7t Nam (n\u1ebfu h\u1ed9 chi\u1ebfu Vi\u1ec7t Nam h\u1ebft h\u1ea1n)<\/p>\n<p><span style=\"color: #000000; font-size: 150%;\"><strong>4. Th\u1ee7 t\u1ee5c xin c\u1ea5p h\u1ed9 chi\u1ebfu b\u1ecb m\u1ea5t\/h\u01b0 h\u1ecfng<\/strong><\/span><\/p>\n<ul>\n<li>\u0110\u01a1n xin c\u1ea5p h\u1ed9 chi\u1ebfu m\u1ea5t\/h\u01b0 h\u1ecfng (b\u1eb1ng ti\u1ebfng Vi\u1ec7t)<\/li>\n<li>H\u1ed9 chi\u1ebfu g\u1ed1c (trong tr\u01b0\u1eddng h\u1ee3p h\u01b0 h\u1ecfng)<\/li>\n<li>Gi\u1ea5y t\u1edd Vi\u1ec7t Nam (gi\u1ea5y khai sinh, ch\u1ee9ng minh nh\u00e2n d\u00e2n ho\u1eb7c h\u1ed9 chi\u1ebfu ho\u1eb7c b\u1ea3n sao c\u00f3 c\u00f4ng ch\u1ee9ng, ch\u1ee9ng th\u1ef1c gi\u1ea5y t\u1edd)<\/li>\n<li>\u0110\u01a1n tr\u00ecnh b\u00e1o\/B\u00e1o c\u00e1o c\u1ee7a c\u1ea3nh s\u00e1t (trong tr\u01b0\u1eddng h\u1ee3p b\u1ecb m\u1ea5t HC)<\/li>\n<li>\u0110\u01a1n \u0111\u1ec1 ngh\u1ecb c\u1ea5p (b\u1eb1ng ti\u1ebfng Vi\u1ec7t)<\/li>\n<li>B\u1ea3n sao c\u00f3 c\u00f4ng ch\u1ee9ng v\u00e0 ch\u1ee9ng th\u1ef1c t\u00e0i li\u1ec7u c\u01b0 tr\u00fa \u1ea4n \u0110\u1ed9 c\u1ee7a ng\u01b0\u1eddi xin c\u1ea5p ho\u1eb7c b\u1ea3n photo k\u00e8m b\u1ea3n ch\u00ednh \u0111\u1ec3 \u0111\u1ed1i chi\u1ebfu (h\u1ed9 chi\u1ebfu \/ th\u1ebb PR \/ Qu\u1ed1c t\u1ecbch, Gi\u1ea5y ph\u00e9p lao \u0111\u1ed9ng, Gi\u1ea5y ph\u00e9p du h\u1ecdc)<\/li>\n<li>03 \u1ea3nh c\u1ee1 h\u1ed9 chi\u1ebfu m\u1edbi (4x6cm)<\/li>\n<\/ul>\n<p><strong>*H\u01af\u1edaNG D\u1eaaN \u0110I\u1ec0N V\u00c0O M\u1eaaU \u0110\u01a0N XIN GIA H\u1ea0N H\u1ed8 CHI\u1ebeU:<\/strong><\/p>\n<ul>\n<li>S\u1ed1 1: H\u1ecc V\u00c0 T\u00caN (T\u00caN G\u1ed0C TI\u1ebeNG VI\u1ec6T)<\/li>\n<li>S\u1ed1 2: GI\u1edaI T\u00cdNH<\/li>\n<li>S\u1ed1 3: NG\u00c0Y SINH<\/li>\n<li>S\u1ed1 4: N\u01a0I SINH<\/li>\n<li>S\u1ed1 5: TH\u00d4NG TIN CMND VI\u1ec6T NAM (N\u1ebeU C\u00d3)<\/li>\n<li>S\u1ed1 6, 7: \u0110\u1ecaA CH\u1ec8 \u1ede \u1ea4N \u0110\u1ed8, \u0110I\u1ec6N THO\u1ea0I V\u00c0 EMAIL<\/li>\n<li>S\u1ed1 8: \u0110\u1ecaA CH\u1ec8 T\u1ea0I VI\u1ec6T NAM TR\u01af\u1edaC KHI TR\u1eba SANG \u1ea4N \u0110\u1ed8<\/li>\n<li>S\u1ed1 9: N\/A.<\/li>\n<li>S\u1ed1 10: T\u00caN CHA, T\u00caN M\u1eb8 (CHA M\u1eb8 NU\u00d4I)<\/li>\n<li>S\u1ed1 11: S\u1ed0 H\u1ed8 CHI\u1ebeU VI\u1ec6T NAM M\u1edaI NH\u1ea4T, C\u1ea4P NG\u00c0Y&#8230; B\u1eb1ng c\u00e1ch&#8230;.<\/li>\n<li>S\u1ed1 12: \u0110\u1ec0 NGH\u1eca GIA H\u1ea0N H\u1ed8 CHI\u1ebeU H\u1ebeT H\u1ea0N HO\u1eb6C H\u1ebeT H\u1ea0N<\/li>\n<li>S\u1ed1 13: N\/A.<\/li>\n<li>S\u1ed1 14: T\u00c0I LI\u1ec6U \u0110\u00c3 N\u1ed8P.<\/li>\n<\/ul>\n<p>**Ph\u1ee5 huynh c\u00f3 th\u1ec3 k\u00fd v\u00e0o m\u1eabu \u0111\u01a1n thay m\u1eb7t cho con m\u00ecnh nh\u01b0ng kh\u00f4ng \u0111\u01b0\u1ee3c \u0111i\u1ec1n v\u00e0o ph\u1ea7n c\u00f2n l\u1ea1i c\u1ee7a bi\u1ec3u m\u1eabu. Trong tr\u01b0\u1eddng h\u1ee3p ph\u1ee5 huynh mu\u1ed1n c\u00f3 t\u00ean \u1ea4n \u0110\u1ed9 m\u1edbi cho con trong h\u1ed9 chi\u1ebfu m\u1edbi, ch\u00fang t\u00f4i c\u00f3 th\u1ec3 in t\u00ean m\u1edbi tr\u00ean trang 6 ho\u1eb7c 7 c\u1ee7a h\u1ed9 chi\u1ebfu Vi\u1ec7t Nam m\u1edbi. Ph\u1ee5 huynh c\u1ea7n cung c\u1ea5p m\u1ed9t b\u1ea3n sao gi\u1ea5y ch\u1ee9ng nh\u1eadn thay \u0111\u1ed5i t\u00ean (ho\u1eb7c b\u1ea5t k\u1ef3 gi\u1ea5y t\u1edd n\u00e0o cho th\u1ea5y t\u00ean Vi\u1ec7t Nam v\u00e0 t\u00ean \u1ea4n \u0110\u1ed9 thu\u1ed9c v\u1ec1 c\u00f9ng m\u1ed9t ng\u01b0\u1eddi).<\/p>\n<p><span style=\"font-size: 150%; color: #000000;\"><strong>5. Chi ph\u00ed<\/strong><\/span><\/p>\n<p>T\u1ea5t c\u1ea3 c\u00e1c kho\u1ea3n ph\u00ed c\u00f3 th\u1ec3 \u0111\u01b0\u1ee3c thanh to\u00e1n b\u1eb1ng USD t\u1ea1i \u0110\u1ea1i s\u1ee9 qu\u00e1n Vi\u1ec7t Nam t\u1ea1i \u1ea4n \u0110\u1ed9.<\/p>\n<p><em>*L\u01b0u \u00fd: <span style=\"color: #333333;\">Ng\u01b0\u1eddi n\u1ed9p \u0111\u01a1n c\u00f3 th\u1ec3 y\u00eau c\u1ea7u c\u00e1c d\u1ecbch v\u1ee5 h\u1ed7 tr\u1ee3 \u0111\u1ec3 c\u00f4ng ch\u1ee9ng, ch\u1ee9ng th\u1ef1c.<\/span><\/em><\/p>\n<p><span style=\"font-family: helvetica, arial, sans-serif;\">Gi\u1edd m\u1edf c\u1eeda B\u1ed9 ph\u1eadn l\u00e3nh s\u1ef1: Vui l\u00f2ng tham kh\u1ea3o t\u1ea1i ch\u00e2n trang.<\/span><\/p>\n<p>\u0110\u1ecba ch\u1ec9 c\u1ee7a \u0110\u1ea1i s\u1ee9 qu\u00e1n:<\/p>\n<p>\u0110\u1ea1i s\u1ee9 qu\u00e1n Vi\u1ec7t Nam t\u1ea1i \u1ea4n \u0110\u1ed9<\/p>\n<p>EP-7A Chandragupta Marg, Chanakyapuri, New Delhi \u2013 110021<\/p>\n<p>Vui l\u00f2ng li\u00ean h\u1ec7 v\u1edbi nh\u00e2n vi\u00ean c\u1ee7a ch\u00fang t\u00f4i n\u1ebfu b\u1ea1n c\u1ea7n th\u00eam th\u00f4ng tin.<\/p>\n","protected":false},"excerpt":{"rendered":"<p>1. Nh\u1eefng \u0111i\u1ec1u c\u1ea7n bi\u1ebft tr\u01b0\u1edbc khi xin h\u1ed9 chi\u1ebfu Vi\u1ec7t Nam 1.1. B\u1ea1n ch\u1ec9 c\u00f3 th\u1ec3 xin c\u1ea5p h\u1ed9 chi\u1ebfu Vi\u1ec7t Nam n\u1ebfu b\u1ea1n l\u00e0 c\u00f4ng d\u00e2n Vi\u1ec7t Nam. 1.2. B\u1ea1n c\u00f3 m\u1eb7t t\u1ea1i \u0110\u1ea1i s\u1ee9 qu\u00e1n \u0111\u1ec3 xin c\u1ea5p h\u1ed9 chi\u1ebfu Vi\u1ec7t Nam m\u1edbi. \u1ee8ng vi\u00ean s\u1ed1ng qu\u00e1 xa \u0110\u1ea1i s\u1ee9 qu\u00e1n c\u00f3&#8230;<\/p>\n","protected":false},"author":2,"featured_media":0,"parent":2864,"menu_order":0,"comment_status":"closed","ping_status":"closed","template":"page-blank-title-center.php","meta":[],"yoast_head":"<!-- This site is optimized with the Yoast SEO plugin v19.11 - https:\/\/yoast.com\/wordpress\/plugins\/seo\/ -->\n<title>Xin h\u1ed9 chi\u1ebfu Vi\u1ec7t Nam - Vietnam Embassy in India<\/title>\n<meta name=\"description\" content=\"Nh\u1eefng \u0111i\u1ec1u c\u1ea7n bi\u1ebft tr\u01b0\u1edbc khi xin h\u1ed9 chi\u1ebfu Vi\u1ec7t Nam1.1. B\u1ea1n ch\u1ec9 c\u00f3 th\u1ec3 xin c\u1ea5p h\u1ed9 chi\u1ebfu Vi\u1ec7t Nam n\u1ebfu b\u1ea1n l\u00e0 c\u00f4ng d\u00e2n Vi\u1ec7t Nam.\" \/>\n<meta name=\"robots\" content=\"index, follow, max-snippet:-1, max-image-preview:large, max-video-preview:-1\" \/>\n<link rel=\"canonical\" href=\"https:\/\/vietnamembassydelhi.in\/vi\/dich-vu-lanh-su\/xin-ho-chieu\/\" \/>\n<meta property=\"og:locale\" content=\"vi_VN\" \/>\n<meta property=\"og:type\" content=\"article\" \/>\n<meta property=\"og:title\" content=\"Xin h\u1ed9 chi\u1ebfu Vi\u1ec7t Nam - Vietnam Embassy in India\" \/>\n<meta property=\"og:description\" content=\"Nh\u1eefng \u0111i\u1ec1u c\u1ea7n bi\u1ebft tr\u01b0\u1edbc khi xin h\u1ed9 chi\u1ebfu Vi\u1ec7t Nam1.1. B\u1ea1n ch\u1ec9 c\u00f3 th\u1ec3 xin c\u1ea5p h\u1ed9 chi\u1ebfu Vi\u1ec7t Nam n\u1ebfu b\u1ea1n l\u00e0 c\u00f4ng d\u00e2n Vi\u1ec7t Nam.\" \/>\n<meta property=\"og:url\" content=\"https:\/\/vietnamembassydelhi.in\/vi\/dich-vu-lanh-su\/xin-ho-chieu\/\" \/>\n<meta property=\"og:site_name\" content=\"Vietnam Embassy in India\" \/>\n<meta property=\"article:modified_time\" content=\"2023-11-06T06:01:01+00:00\" \/>\n<meta name=\"twitter:card\" content=\"summary_large_image\" \/>\n<meta name=\"twitter:label1\" content=\"Est. reading time\" \/>\n\t<meta name=\"twitter:data1\" content=\"5 minutes\" \/>\n<script type=\"application\/ld+json\" class=\"yoast-schema-graph\">{\"@context\":\"https:\/\/schema.org\",\"@graph\":[{\"@type\":\"WebPage\",\"@id\":\"https:\/\/vietnamembassydelhi.in\/vi\/dich-vu-lanh-su\/xin-ho-chieu\/\",\"url\":\"https:\/\/vietnamembassydelhi.in\/vi\/dich-vu-lanh-su\/xin-ho-chieu\/\",\"name\":\"Xin h\u1ed9 chi\u1ebfu Vi\u1ec7t Nam - Vietnam Embassy in India\",\"isPartOf\":{\"@id\":\"https:\/\/vietnamembassydelhi.in\/#website\"},\"datePublished\":\"2022-08-19T12:08:56+00:00\",\"dateModified\":\"2023-11-06T06:01:01+00:00\",\"description\":\"Nh\u1eefng \u0111i\u1ec1u c\u1ea7n bi\u1ebft tr\u01b0\u1edbc khi xin h\u1ed9 chi\u1ebfu Vi\u1ec7t Nam1.1. B\u1ea1n ch\u1ec9 c\u00f3 th\u1ec3 xin c\u1ea5p h\u1ed9 chi\u1ebfu Vi\u1ec7t Nam n\u1ebfu b\u1ea1n l\u00e0 c\u00f4ng d\u00e2n Vi\u1ec7t Nam.\",\"breadcrumb\":{\"@id\":\"https:\/\/vietnamembassydelhi.in\/vi\/dich-vu-lanh-su\/xin-ho-chieu\/#breadcrumb\"},\"inLanguage\":\"vi-VN\",\"potentialAction\":[{\"@type\":\"ReadAction\",\"target\":[\"https:\/\/vietnamembassydelhi.in\/vi\/dich-vu-lanh-su\/xin-ho-chieu\/\"]}]},{\"@type\":\"BreadcrumbList\",\"@id\":\"https:\/\/vietnamembassydelhi.in\/vi\/dich-vu-lanh-su\/xin-ho-chieu\/#breadcrumb\",\"itemListElement\":[{\"@type\":\"ListItem\",\"position\":1,\"name\":\"Home\",\"item\":\"https:\/\/vietnamembassydelhi.in\/vi\/\"},{\"@type\":\"ListItem\",\"position\":2,\"name\":\"D\u1ecbch v\u1ee5 L\u00e3nh s\u1ef1\",\"item\":\"https:\/\/vietnamembassydelhi.in\/vi\/dich-vu-lanh-su\/\"},{\"@type\":\"ListItem\",\"position\":3,\"name\":\"Xin h\u1ed9 chi\u1ebfu Vi\u1ec7t Nam\"}]},{\"@type\":\"WebSite\",\"@id\":\"https:\/\/vietnamembassydelhi.in\/#website\",\"url\":\"https:\/\/vietnamembassydelhi.in\/\",\"name\":\"Vietnam Embassy in India\",\"description\":\"\",\"potentialAction\":[{\"@type\":\"SearchAction\",\"target\":{\"@type\":\"EntryPoint\",\"urlTemplate\":\"https:\/\/vietnamembassydelhi.in\/?s={search_term_string}\"},\"query-input\":\"required name=search_term_string\"}],\"inLanguage\":\"vi-VN\"}]}<\/script>\n<!-- \/ Yoast SEO plugin. -->","yoast_head_json":{"title":"Xin h\u1ed9 chi\u1ebfu Vi\u1ec7t Nam - Vietnam Embassy in India","description":"Nh\u1eefng \u0111i\u1ec1u c\u1ea7n bi\u1ebft tr\u01b0\u1edbc khi xin h\u1ed9 chi\u1ebfu Vi\u1ec7t Nam1.1. B\u1ea1n ch\u1ec9 c\u00f3 th\u1ec3 xin c\u1ea5p h\u1ed9 chi\u1ebfu Vi\u1ec7t Nam n\u1ebfu b\u1ea1n l\u00e0 c\u00f4ng d\u00e2n Vi\u1ec7t Nam.","robots":{"index":"index","follow":"follow","max-snippet":"max-snippet:-1","max-image-preview":"max-image-preview:large","max-video-preview":"max-video-preview:-1"},"canonical":"https:\/\/vietnamembassydelhi.in\/vi\/dich-vu-lanh-su\/xin-ho-chieu\/","og_locale":"vi_VN","og_type":"article","og_title":"Xin h\u1ed9 chi\u1ebfu Vi\u1ec7t Nam - Vietnam Embassy in India","og_description":"Nh\u1eefng \u0111i\u1ec1u c\u1ea7n bi\u1ebft tr\u01b0\u1edbc khi xin h\u1ed9 chi\u1ebfu Vi\u1ec7t Nam1.1. B\u1ea1n ch\u1ec9 c\u00f3 th\u1ec3 xin c\u1ea5p h\u1ed9 chi\u1ebfu Vi\u1ec7t Nam n\u1ebfu b\u1ea1n l\u00e0 c\u00f4ng d\u00e2n Vi\u1ec7t Nam.","og_url":"https:\/\/vietnamembassydelhi.in\/vi\/dich-vu-lanh-su\/xin-ho-chieu\/","og_site_name":"Vietnam Embassy in India","article_modified_time":"2023-11-06T06:01:01+00:00","twitter_card":"summary_large_image","twitter_misc":{"Est. reading time":"5 minutes"},"schema":{"@context":"https:\/\/schema.org","@graph":[{"@type":"WebPage","@id":"https:\/\/vietnamembassydelhi.in\/vi\/dich-vu-lanh-su\/xin-ho-chieu\/","url":"https:\/\/vietnamembassydelhi.in\/vi\/dich-vu-lanh-su\/xin-ho-chieu\/","name":"Xin h\u1ed9 chi\u1ebfu Vi\u1ec7t Nam - Vietnam Embassy in India","isPartOf":{"@id":"https:\/\/vietnamembassydelhi.in\/#website"},"datePublished":"2022-08-19T12:08:56+00:00","dateModified":"2023-11-06T06:01:01+00:00","description":"Nh\u1eefng \u0111i\u1ec1u c\u1ea7n bi\u1ebft tr\u01b0\u1edbc khi xin h\u1ed9 chi\u1ebfu Vi\u1ec7t Nam1.1. B\u1ea1n ch\u1ec9 c\u00f3 th\u1ec3 xin c\u1ea5p h\u1ed9 chi\u1ebfu Vi\u1ec7t Nam n\u1ebfu b\u1ea1n l\u00e0 c\u00f4ng d\u00e2n Vi\u1ec7t Nam.","breadcrumb":{"@id":"https:\/\/vietnamembassydelhi.in\/vi\/dich-vu-lanh-su\/xin-ho-chieu\/#breadcrumb"},"inLanguage":"vi-VN","potentialAction":[{"@type":"ReadAction","target":["https:\/\/vietnamembassydelhi.in\/vi\/dich-vu-lanh-su\/xin-ho-chieu\/"]}]},{"@type":"BreadcrumbList","@id":"https:\/\/vietnamembassydelhi.in\/vi\/dich-vu-lanh-su\/xin-ho-chieu\/#breadcrumb","itemListElement":[{"@type":"ListItem","position":1,"name":"Home","item":"https:\/\/vietnamembassydelhi.in\/vi\/"},{"@type":"ListItem","position":2,"name":"D\u1ecbch v\u1ee5 L\u00e3nh s\u1ef1","item":"https:\/\/vietnamembassydelhi.in\/vi\/dich-vu-lanh-su\/"},{"@type":"ListItem","position":3,"name":"Xin h\u1ed9 chi\u1ebfu Vi\u1ec7t Nam"}]},{"@type":"WebSite","@id":"https:\/\/vietnamembassydelhi.in\/#website","url":"https:\/\/vietnamembassydelhi.in\/","name":"Vietnam Embassy in India","description":"","potentialAction":[{"@type":"SearchAction","target":{"@type":"EntryPoint","urlTemplate":"https:\/\/vietnamembassydelhi.in\/?s={search_term_string}"},"query-input":"required name=search_term_string"}],"inLanguage":"vi-VN"}]}},"_links":{"self":[{"href":"https:\/\/vietnamembassydelhi.in\/vi\/wp-json\/wp\/v2\/pages\/2918"}],"collection":[{"href":"https:\/\/vietnamembassydelhi.in\/vi\/wp-json\/wp\/v2\/pages"}],"about":[{"href":"https:\/\/vietnamembassydelhi.in\/vi\/wp-json\/wp\/v2\/types\/page"}],"author":[{"embeddable":true,"href":"https:\/\/vietnamembassydelhi.in\/vi\/wp-json\/wp\/v2\/users\/2"}],"replies":[{"embeddable":true,"href":"https:\/\/vietnamembassydelhi.in\/vi\/wp-json\/wp\/v2\/comments?post=2918"}],"version-history":[{"count":10,"href":"https:\/\/vietnamembassydelhi.in\/vi\/wp-json\/wp\/v2\/pages\/2918\/revisions"}],"predecessor-version":[{"id":4806,"href":"https:\/\/vietnamembassydelhi.in\/vi\/wp-json\/wp\/v2\/pages\/2918\/revisions\/4806"}],"up":[{"embeddable":true,"href":"https:\/\/vietnamembassydelhi.in\/vi\/wp-json\/wp\/v2\/pages\/2864"}],"wp:attachment":[{"href":"https:\/\/vietnamembassydelhi.in\/vi\/wp-json\/wp\/v2\/media?parent=2918"}],"curies":[{"name":"wp","href":"https:\/\/api.w.org\/{rel}","templated":true}]}}