{"id":2916,"date":"2022-08-19T19:08:22","date_gmt":"2022-08-19T12:08:22","guid":{"rendered":"http:\/\/vietnamembassydelhi.in\/?page_id=2916"},"modified":"2023-09-25T16:54:32","modified_gmt":"2023-09-25T09:54:32","slug":"khai-tu","status":"publish","type":"page","link":"https:\/\/vietnamembassydelhi.in\/vi\/dich-vu-lanh-su\/khai-tu\/","title":{"rendered":"Khai t\u1eed"},"content":{"rendered":"<p><span style=\"font-size: 130%;\"><strong>D\u01b0\u1edbi \u0111\u00e2y l\u00e0 th\u1ee7 t\u1ee5c v\u1eadn chuy\u1ec3n h\u00e0i c\u1ed1t h\u1ecfa t\u00e1ng\/thi h\u00e0i v\u1ec1 Vi\u1ec7t Nam.\u00a0<\/strong><\/span><\/p>\n<p><span style=\"font-size: 150%;\"><strong>1. \u0110\u1ed1i t\u01b0\u1ee3ng:<\/strong><\/span><\/p>\n<ul>\n<li>Thi h\u00e0i h\u1ecfa t\u00e1ng\/Thi h\u00e0i ng\u01b0\u1eddi Vi\u1ec7t Nam \u0111\u00e3 ch\u1ebft;<\/li>\n<li>H\u00e0i c\u1ed1t h\u1ecfa t\u00e1ng\/Thi th\u1ec3 ng\u01b0\u1eddi Vi\u1ec7t &#8211; \u1ea4n \u0111\u00e3 qua \u0111\u1eddi<\/li>\n<\/ul>\n<p><strong><span style=\"font-size: 150%;\">2. H\u1ed3 s\u01a1:<\/span><\/strong><\/p>\n<p><span style=\"font-size: 130%;\"><em><strong>2.1. \u0110\u1ed1i v\u1edbi h\u00e0i c\u1ed1t h\u1ecfa t\u00e1ng:<\/strong><\/em><\/span><\/p>\n<ul>\n<li>01 h\u1ed3 s\u01a1 \u0111\u00e3 ho\u00e0n th\u00e0nh. (Vui l\u00f2ng \u0111i\u1ec1n \u0111\u1ea7y \u0111\u1ee7 c\u00e1c tr\u01b0\u1eddng b\u1eaft bu\u1ed9c, \u0111\u1eb7c bi\u1ec7t l\u00e0 th\u00f4ng tin v\u1ec1 n\u01a1i h\u1ea1 c\u00e1nh, t\u00ean h\u00e3ng v\u1eadn chuy\u1ec3n, s\u1ed1 hi\u1ec7u chuy\u1ebfn bay v\u00e0 th\u1eddi gian \u0111\u1ebfn Vi\u1ec7t Nam);<\/li>\n<li>01 b\u1ea3n ch\u00ednh ho\u1eb7c b\u1ea3n sao c\u00f3 ch\u1ee9ng th\u1ef1c gi\u1ea5y t\u1edd t\u00f9y th\u00e2n c\u1ee7a ng\u01b0\u1eddi \u0111\u1ec1 ngh\u1ecb (nh\u01b0 h\u1ed9 chi\u1ebfu, CMND\/th\u1ebb c\u0103n c\u01b0\u1edbc c\u00f4ng d\u00e2n&#8230;);<\/li>\n<li>01 b\u1ea3n ch\u00ednh ho\u1eb7c b\u1ea3n sao c\u00f3 ch\u1ee9ng th\u1ef1c Gi\u1ea5y ch\u1ee9ng t\u1eed;<\/li>\n<li>01 b\u1ea3n ch\u00ednh ho\u1eb7c b\u1ea3n sao c\u00f3 ch\u1ee9ng th\u1ef1c Gi\u1ea5y ch\u1ee9ng nh\u1eadn h\u1ecfa t\u00e1ng;<\/li>\n<\/ul>\n<p><span style=\"font-size: 130%;\"><em><strong>2.2. \u0110\u1ed1i v\u1edbi thi th\u1ec3:<\/strong><\/em><\/span><\/p>\n<ul>\n<li>01 h\u1ed3 s\u01a1 \u0111\u00e3 ho\u00e0n th\u00e0nh;<\/li>\n<li>01 b\u1ea3n ch\u00ednh ho\u1eb7c b\u1ea3n sao c\u00f3 ch\u1ee9ng th\u1ef1c gi\u1ea5y t\u1edd t\u00f9y th\u00e2n c\u1ee7a ng\u01b0\u1eddi \u0111\u1ec1 ngh\u1ecb (nh\u01b0 h\u1ed9 chi\u1ebfu, CMND\/th\u1ebb c\u0103n c\u01b0\u1edbc c\u00f4ng d\u00e2n&#8230;);<\/li>\n<li>01 b\u1ea3n ch\u00ednh ho\u1eb7c b\u1ea3n sao c\u00f3 ch\u1ee9ng th\u1ef1c Gi\u1ea5y ch\u1ee9ng nh\u1eadn ki\u1ec3m so\u00e1t ki\u1ec3m d\u1ecbch t\u1ea1i \u0111\u1ecba ph\u01b0\u01a1ng do c\u01a1 quan ch\u1ee9c n\u0103ng \u1ea4n \u0110\u1ed9 c\u1ea5p;<\/li>\n<li>01 b\u1ea3n ch\u00ednh ho\u1eb7c b\u1ea3n sao c\u00f3 ch\u1ee9ng th\u1ef1c Gi\u1ea5y ch\u1ee9ng nh\u1eadn v\u1eadn chuy\u1ec3n thi th\u1ec3 ra kh\u1ecfi t\u1ec9nh\/\u1ea4n \u0110\u1ed9 do c\u01a1 quan ch\u1ee9c n\u0103ng \u1ea4n \u0110\u1ed9 c\u1ea5p;<\/li>\n<li>01 b\u1ea3n sao Gi\u1ea5y ch\u1ee9ng nh\u1eadn x\u00e1c nh\u1eadn kh\u00f4ng c\u00f3 g\u00ec ngo\u00e0i thi th\u1ec3 trong quan t\u00e0i do c\u01a1 quan ch\u1ee9c n\u0103ng \u1ea4n \u0110\u1ed9 c\u1ea5p;<\/li>\n<li>01 b\u1ea3n scan\/b\u1ea3n sao gi\u1ea5y ph\u00e9p c\u1ee7a c\u01a1 quan c\u00f3 th\u1ea9m quy\u1ec1n c\u1ee7a Vi\u1ec7t Nam tr\u00ean \u0111\u1ecba b\u00e0n t\u1ec9nh (n\u01a1i ch\u00f4n c\u1ea5t thi h\u00e0i);<\/li>\n<li>01 b\u1ea3n sao gi\u1ea5y t\u1edd t\u00f9y th\u00e2n c\u1ee7a ng\u01b0\u1eddi ch\u1ebft ch\u1ee9ng minh ng\u01b0\u1eddi \u0111\u00f3 c\u00f3 ngu\u1ed3n g\u1ed1c t\u1eeb Vi\u1ec7t Nam (gi\u1ea5y khai sinh, ch\u1ee9ng minh nh\u00e2n d\u00e2n&#8230;)<\/li>\n<\/ul>\n<p><strong><span style=\"font-size: 150%;\">3. Th\u1eddi gian x\u1eed l\u00fd<\/span><\/strong><\/p>\n<ul>\n<li>Th\u1eddi gian x\u1eed l\u00fd th\u00f4ng th\u01b0\u1eddng t\u1eeb n\u0103m (05) \u0111\u1ebfn b\u1ea3y (07) ng\u00e0y l\u00e0m vi\u1ec7c k\u1ec3 t\u1eeb ng\u00e0y nh\u1eadn \u0111\u1ee7 h\u1ed3 s\u01a1.<\/li>\n<\/ul>\n<p><strong><span style=\"font-size: 150%;\">4. Ghi ch\u00fa:<\/span><\/strong><\/p>\n<ul>\n<li>\u0110i\u1ec1u ki\u1ec7n v\u1eadn chuy\u1ec3n thi h\u00e0i\/h\u00e0i c\u1ed1t h\u1ecfa t\u00e1ng:\n<ul>\n<li>Nguy\u00ean nh\u00e2n t\u1eed vong kh\u00f4ng \u0111\u1ebfn t\u1eeb c\u00e1c b\u1ec7nh truy\u1ec1n nhi\u1ec5m;<\/li>\n<li>X\u00e1c ch\u1ebft ph\u1ea3i \u0111\u01b0\u1ee3c \u0111\u1eb7t trong quan t\u00e0i c\u00f3 v\u1ecf b\u1ea3o v\u1ec7 k\u1ebdm v\u00e0 l\u00f3t b\u1eb1ng t\u1ea5m PVC v\u00e0 v\u1eadt li\u1ec7u th\u1ea5m h\u00fat; th\u00e2n g\u1ed7 h\u01b0\u1edbng ra ngo\u00e0i, \u0111\u01b0\u1ee3c ni\u00eam phong b\u1eb1ng s\u00e1p ni\u00eam phong c\u1ee7a c\u01a1 quan an ninh v\u00e0 y t\u1ebf;<\/li>\n<li>Thi th\u1ec3 ng\u01b0\u1eddi ch\u1ebft ph\u1ea3i \u0111\u01b0\u1ee3c b\u1ecdc b\u1eb1ng 2 t\u1ea5m PVC v\u00e0 cho v\u00e0o t\u00fai v\u1ea3i v\u00e0 h\u1ed9p s\u1ee9 h\u01b0\u1edbng ra ngo\u00e0i;<\/li>\n<li>H\u00e0i c\u1ed1t h\u1ecfa t\u00e1ng ph\u1ea3i \u1edf trong m\u1ed9t th\u00f9ng ch\u1ee9a k\u00edn.<\/li>\n<\/ul>\n<\/li>\n<li>Do \u0111\u00f3, vi\u1ec7c v\u1eadn chuy\u1ec3n thi h\u00e0i do c\u00e1c b\u1ec7nh truy\u1ec1n nhi\u1ec5m \u0111\u1ec1u<strong> b\u1ecb c\u1ea5m<\/strong>.<\/li>\n<\/ul>\n<p><strong><span style=\"font-size: 150%;\">5. Li\u00ean h\u1ec7<\/span><\/strong><\/p>\n<p><span style=\"font-family: helvetica, arial, sans-serif;\">Gi\u1edd m\u1edf c\u1eeda B\u1ed9 ph\u1eadn l\u00e3nh s\u1ef1: Vui l\u00f2ng tham kh\u1ea3o t\u1ea1i ch\u00e2n trang.<\/span><\/p>\n<p>\u0110\u1ecba ch\u1ec9 c\u1ee7a \u0110\u1ea1i s\u1ee9 qu\u00e1n Vi\u1ec7t Nam t\u1ea1i \u1ea4n \u0110\u1ed9: EP-7A Chandragupta Marg, Chanakyapuri, New Delhi \u2013 110021<\/p>\n<p>\u0110\u01b0\u1eddng d\u00e2y n\u00f3ng: +91 7042035588.<\/p>\n","protected":false},"excerpt":{"rendered":"<p>D\u01b0\u1edbi \u0111\u00e2y l\u00e0 th\u1ee7 t\u1ee5c v\u1eadn chuy\u1ec3n h\u00e0i c\u1ed1t h\u1ecfa t\u00e1ng\/thi h\u00e0i v\u1ec1 Vi\u1ec7t Nam.\u00a0 1. \u0110\u1ed1i t\u01b0\u1ee3ng: Thi h\u00e0i h\u1ecfa t\u00e1ng\/Thi h\u00e0i ng\u01b0\u1eddi Vi\u1ec7t Nam \u0111\u00e3 ch\u1ebft; H\u00e0i c\u1ed1t h\u1ecfa t\u00e1ng\/Thi th\u1ec3 ng\u01b0\u1eddi Vi\u1ec7t &#8211; \u1ea4n \u0111\u00e3 qua \u0111\u1eddi 2. H\u1ed3 s\u01a1: 2.1. \u0110\u1ed1i v\u1edbi h\u00e0i c\u1ed1t h\u1ecfa t\u00e1ng: 01 h\u1ed3 s\u01a1 \u0111\u00e3 ho\u00e0n&#8230;<\/p>\n","protected":false},"author":2,"featured_media":0,"parent":2864,"menu_order":0,"comment_status":"closed","ping_status":"closed","template":"page-blank-title-center.php","meta":[],"yoast_head":"<!-- This site is optimized with the Yoast SEO plugin v19.11 - https:\/\/yoast.com\/wordpress\/plugins\/seo\/ -->\n<title>Khai t\u1eed - Vietnam Embassy in India<\/title>\n<meta name=\"robots\" content=\"index, follow, max-snippet:-1, max-image-preview:large, max-video-preview:-1\" \/>\n<link rel=\"canonical\" href=\"https:\/\/vietnamembassydelhi.in\/vi\/dich-vu-lanh-su\/khai-tu\/\" \/>\n<meta property=\"og:locale\" content=\"vi_VN\" \/>\n<meta property=\"og:type\" content=\"article\" \/>\n<meta property=\"og:title\" content=\"Khai t\u1eed - Vietnam Embassy in India\" \/>\n<meta property=\"og:description\" content=\"D\u01b0\u1edbi \u0111\u00e2y l\u00e0 th\u1ee7 t\u1ee5c v\u1eadn chuy\u1ec3n h\u00e0i c\u1ed1t h\u1ecfa t\u00e1ng\/thi h\u00e0i v\u1ec1 Vi\u1ec7t Nam.\u00a0 1. \u0110\u1ed1i t\u01b0\u1ee3ng: Thi h\u00e0i h\u1ecfa t\u00e1ng\/Thi h\u00e0i ng\u01b0\u1eddi Vi\u1ec7t Nam \u0111\u00e3 ch\u1ebft; H\u00e0i c\u1ed1t h\u1ecfa t\u00e1ng\/Thi th\u1ec3 ng\u01b0\u1eddi Vi\u1ec7t &#8211; \u1ea4n \u0111\u00e3 qua \u0111\u1eddi 2. H\u1ed3 s\u01a1: 2.1. \u0110\u1ed1i v\u1edbi h\u00e0i c\u1ed1t h\u1ecfa t\u00e1ng: 01 h\u1ed3 s\u01a1 \u0111\u00e3 ho\u00e0n...\" \/>\n<meta property=\"og:url\" content=\"https:\/\/vietnamembassydelhi.in\/vi\/dich-vu-lanh-su\/khai-tu\/\" \/>\n<meta property=\"og:site_name\" content=\"Vietnam Embassy in India\" \/>\n<meta property=\"article:modified_time\" content=\"2023-09-25T09:54:32+00:00\" \/>\n<meta name=\"twitter:card\" content=\"summary_large_image\" \/>\n<meta name=\"twitter:label1\" content=\"Est. reading time\" \/>\n\t<meta name=\"twitter:data1\" content=\"3 minutes\" \/>\n<script type=\"application\/ld+json\" class=\"yoast-schema-graph\">{\"@context\":\"https:\/\/schema.org\",\"@graph\":[{\"@type\":\"WebPage\",\"@id\":\"https:\/\/vietnamembassydelhi.in\/vi\/dich-vu-lanh-su\/khai-tu\/\",\"url\":\"https:\/\/vietnamembassydelhi.in\/vi\/dich-vu-lanh-su\/khai-tu\/\",\"name\":\"Khai t\u1eed - Vietnam Embassy in India\",\"isPartOf\":{\"@id\":\"https:\/\/vietnamembassydelhi.in\/#website\"},\"datePublished\":\"2022-08-19T12:08:22+00:00\",\"dateModified\":\"2023-09-25T09:54:32+00:00\",\"breadcrumb\":{\"@id\":\"https:\/\/vietnamembassydelhi.in\/vi\/dich-vu-lanh-su\/khai-tu\/#breadcrumb\"},\"inLanguage\":\"vi-VN\",\"potentialAction\":[{\"@type\":\"ReadAction\",\"target\":[\"https:\/\/vietnamembassydelhi.in\/vi\/dich-vu-lanh-su\/khai-tu\/\"]}]},{\"@type\":\"BreadcrumbList\",\"@id\":\"https:\/\/vietnamembassydelhi.in\/vi\/dich-vu-lanh-su\/khai-tu\/#breadcrumb\",\"itemListElement\":[{\"@type\":\"ListItem\",\"position\":1,\"name\":\"Home\",\"item\":\"https:\/\/vietnamembassydelhi.in\/vi\/\"},{\"@type\":\"ListItem\",\"position\":2,\"name\":\"D\u1ecbch v\u1ee5 L\u00e3nh s\u1ef1\",\"item\":\"https:\/\/vietnamembassydelhi.in\/vi\/dich-vu-lanh-su\/\"},{\"@type\":\"ListItem\",\"position\":3,\"name\":\"Khai t\u1eed\"}]},{\"@type\":\"WebSite\",\"@id\":\"https:\/\/vietnamembassydelhi.in\/#website\",\"url\":\"https:\/\/vietnamembassydelhi.in\/\",\"name\":\"Vietnam Embassy in India\",\"description\":\"\",\"potentialAction\":[{\"@type\":\"SearchAction\",\"target\":{\"@type\":\"EntryPoint\",\"urlTemplate\":\"https:\/\/vietnamembassydelhi.in\/?s={search_term_string}\"},\"query-input\":\"required name=search_term_string\"}],\"inLanguage\":\"vi-VN\"}]}<\/script>\n<!-- \/ Yoast SEO plugin. -->","yoast_head_json":{"title":"Khai t\u1eed - Vietnam Embassy in India","robots":{"index":"index","follow":"follow","max-snippet":"max-snippet:-1","max-image-preview":"max-image-preview:large","max-video-preview":"max-video-preview:-1"},"canonical":"https:\/\/vietnamembassydelhi.in\/vi\/dich-vu-lanh-su\/khai-tu\/","og_locale":"vi_VN","og_type":"article","og_title":"Khai t\u1eed - Vietnam Embassy in India","og_description":"D\u01b0\u1edbi \u0111\u00e2y l\u00e0 th\u1ee7 t\u1ee5c v\u1eadn chuy\u1ec3n h\u00e0i c\u1ed1t h\u1ecfa t\u00e1ng\/thi h\u00e0i v\u1ec1 Vi\u1ec7t Nam.\u00a0 1. \u0110\u1ed1i t\u01b0\u1ee3ng: Thi h\u00e0i h\u1ecfa t\u00e1ng\/Thi h\u00e0i ng\u01b0\u1eddi Vi\u1ec7t Nam \u0111\u00e3 ch\u1ebft; H\u00e0i c\u1ed1t h\u1ecfa t\u00e1ng\/Thi th\u1ec3 ng\u01b0\u1eddi Vi\u1ec7t &#8211; \u1ea4n \u0111\u00e3 qua \u0111\u1eddi 2. H\u1ed3 s\u01a1: 2.1. \u0110\u1ed1i v\u1edbi h\u00e0i c\u1ed1t h\u1ecfa t\u00e1ng: 01 h\u1ed3 s\u01a1 \u0111\u00e3 ho\u00e0n...","og_url":"https:\/\/vietnamembassydelhi.in\/vi\/dich-vu-lanh-su\/khai-tu\/","og_site_name":"Vietnam Embassy in India","article_modified_time":"2023-09-25T09:54:32+00:00","twitter_card":"summary_large_image","twitter_misc":{"Est. reading time":"3 minutes"},"schema":{"@context":"https:\/\/schema.org","@graph":[{"@type":"WebPage","@id":"https:\/\/vietnamembassydelhi.in\/vi\/dich-vu-lanh-su\/khai-tu\/","url":"https:\/\/vietnamembassydelhi.in\/vi\/dich-vu-lanh-su\/khai-tu\/","name":"Khai t\u1eed - Vietnam Embassy in India","isPartOf":{"@id":"https:\/\/vietnamembassydelhi.in\/#website"},"datePublished":"2022-08-19T12:08:22+00:00","dateModified":"2023-09-25T09:54:32+00:00","breadcrumb":{"@id":"https:\/\/vietnamembassydelhi.in\/vi\/dich-vu-lanh-su\/khai-tu\/#breadcrumb"},"inLanguage":"vi-VN","potentialAction":[{"@type":"ReadAction","target":["https:\/\/vietnamembassydelhi.in\/vi\/dich-vu-lanh-su\/khai-tu\/"]}]},{"@type":"BreadcrumbList","@id":"https:\/\/vietnamembassydelhi.in\/vi\/dich-vu-lanh-su\/khai-tu\/#breadcrumb","itemListElement":[{"@type":"ListItem","position":1,"name":"Home","item":"https:\/\/vietnamembassydelhi.in\/vi\/"},{"@type":"ListItem","position":2,"name":"D\u1ecbch v\u1ee5 L\u00e3nh s\u1ef1","item":"https:\/\/vietnamembassydelhi.in\/vi\/dich-vu-lanh-su\/"},{"@type":"ListItem","position":3,"name":"Khai t\u1eed"}]},{"@type":"WebSite","@id":"https:\/\/vietnamembassydelhi.in\/#website","url":"https:\/\/vietnamembassydelhi.in\/","name":"Vietnam Embassy in India","description":"","potentialAction":[{"@type":"SearchAction","target":{"@type":"EntryPoint","urlTemplate":"https:\/\/vietnamembassydelhi.in\/?s={search_term_string}"},"query-input":"required name=search_term_string"}],"inLanguage":"vi-VN"}]}},"_links":{"self":[{"href":"https:\/\/vietnamembassydelhi.in\/vi\/wp-json\/wp\/v2\/pages\/2916"}],"collection":[{"href":"https:\/\/vietnamembassydelhi.in\/vi\/wp-json\/wp\/v2\/pages"}],"about":[{"href":"https:\/\/vietnamembassydelhi.in\/vi\/wp-json\/wp\/v2\/types\/page"}],"author":[{"embeddable":true,"href":"https:\/\/vietnamembassydelhi.in\/vi\/wp-json\/wp\/v2\/users\/2"}],"replies":[{"embeddable":true,"href":"https:\/\/vietnamembassydelhi.in\/vi\/wp-json\/wp\/v2\/comments?post=2916"}],"version-history":[{"count":6,"href":"https:\/\/vietnamembassydelhi.in\/vi\/wp-json\/wp\/v2\/pages\/2916\/revisions"}],"predecessor-version":[{"id":4691,"href":"https:\/\/vietnamembassydelhi.in\/vi\/wp-json\/wp\/v2\/pages\/2916\/revisions\/4691"}],"up":[{"embeddable":true,"href":"https:\/\/vietnamembassydelhi.in\/vi\/wp-json\/wp\/v2\/pages\/2864"}],"wp:attachment":[{"href":"https:\/\/vietnamembassydelhi.in\/vi\/wp-json\/wp\/v2\/media?parent=2916"}],"curies":[{"name":"wp","href":"https:\/\/api.w.org\/{rel}","templated":true}]}}