{"id":2914,"date":"2022-08-19T19:08:01","date_gmt":"2022-08-19T12:08:01","guid":{"rendered":"http:\/\/vietnamembassydelhi.in\/?page_id=2914"},"modified":"2023-09-25T16:53:16","modified_gmt":"2023-09-25T09:53:16","slug":"dang-ky-ket-hon","status":"publish","type":"page","link":"https:\/\/vietnamembassydelhi.in\/vi\/dich-vu-lanh-su\/dang-ky-ket-hon\/","title":{"rendered":"\u0110\u0103ng k\u00fd K\u1ebft h\u00f4n"},"content":{"rendered":"<p>D\u01b0\u1edbi \u0111\u00e2y l\u00e0 th\u1ee7 t\u1ee5c k\u1ebft h\u00f4n v\u1edbi c\u00f4ng d\u00e2n Vi\u1ec7t Nam:<\/p>\n<p><span style=\"font-size: 150%;\"><strong>1. \u0110\u1ed1i t\u01b0\u1ee3ng<\/strong><\/span><\/p>\n<ul>\n<li>C\u01b0 d\u00e2n Vi\u1ec7t Nam t\u1ea1i \u1ea4n \u0110\u1ed9<\/li>\n<li>C\u00f4ng d\u00e2n \u1ea4n \u0110\u1ed9<\/li>\n<\/ul>\n<p><span style=\"font-size: 150%;\"><strong>2. H\u1ed3 s\u01a1 \u0111\u0103ng k\u00fd k\u1ebft h\u00f4n<\/strong><\/span><\/p>\n<ul>\n<li><strong>Gi\u1ea5y \u0111\u0103ng k\u00fd k\u1ebft h\u00f4n<\/strong><\/li>\n<li>Tuy\u00ean b\u1ed1 t\u00ecnh tr\u1ea1ng \u0111\u1ed9c th\u00e2n \u0111\u01b0\u1ee3c th\u1ef1c hi\u1ec7n tr\u01b0\u1edbc c\u00f4ng ch\u1ee9ng vi\u00ean ho\u1eb7c lu\u1eadt s\u01b0 \u1ea4n \u0110\u1ed9 (Tuy\u00ean b\u1ed1 theo lu\u1eadt \u0111\u1ecbnh ph\u1ea3i c\u00f3 t\u00ean \u0111\u1ea7y \u0111\u1ee7 c\u1ee7a b\u1ea1n, t\u00ecnh tr\u1ea1ng h\u00f4n nh\u00e2n hi\u1ec7n t\u1ea1i v\u00e0 \u0111\u1ecba ch\u1ec9 th\u01b0\u1eddng tr\u00fa c\u1ee7a b\u1ea1n \u1edf \u1ea4n \u0110\u1ed9.\n<ul>\n<li>Trong tr\u01b0\u1eddng h\u1ee3p ly h\u00f4n, vui l\u00f2ng cung c\u1ea5p b\u1ea3n sao c\u00f3 c\u00f4ng ch\u1ee9ng B\u1ea3n \u00e1n ly h\u00f4n v\u00e0 Gi\u1ea5y ch\u1ee9ng nh\u1eadn ly h\u00f4n.<\/li>\n<li>Trong tr\u01b0\u1eddng h\u1ee3p ng\u01b0\u1eddi n\u1ed9p \u0111\u01a1n g\u00f3a b\u1ee5a, vui l\u00f2ng cung c\u1ea5p b\u1ea3n sao c\u00f3 c\u00f4ng ch\u1ee9ng Gi\u1ea5y ch\u1ee9ng t\u1eed c\u1ee7a v\u1ee3 \/ ch\u1ed3ng h\u1ecd.<\/li>\n<\/ul>\n<\/li>\n<li>B\u1ea3n sao c\u00f4ng ch\u1ee9ng c\u1ee7a Gi\u1ea5y \u0111\u0103ng k\u00fd K\u1ebft h\u00f4n, do c\u01a1 quan Th\u1ed1ng k\u00ea c\u1ea5p t\u1ec9nh (Provincial Vital Statistics) x\u00e1c nh\u1eadn r\u1eb1ng: kh\u00f4ng c\u00f3 gi\u1ea5y ch\u1ee9ng nh\u1eadn k\u1ebft h\u00f4n ho\u1eb7c h\u1ed3 s\u01a1 k\u1ebft h\u00f4n c\u1ee7a ng\u01b0\u1eddi n\u1ed9p \u0111\u01a1n \u0111\u00e3 \u0111\u01b0\u1ee3c t\u00ecm th\u1ea5y trong kho\u1ea3ng th\u1eddi gian t\u1eeb khi b\u1eaft \u0111\u1ea7u tu\u1ed5i k\u1ebft h\u00f4n h\u1ee3p ph\u00e1p cho \u0111\u1ebfn nay.<\/li>\n<li>B\u1ea3n sao c\u00f3 c\u00f4ng ch\u1ee9ng Gi\u1ea5y ch\u1ee9ng nh\u1eadn y t\u1ebf, do t\u1ed5 ch\u1ee9c y t\u1ebf ho\u1eb7c b\u00e1c s\u0129 c\u00f3 th\u1ea9m quy\u1ec1n c\u1ea5p v\u00e0 ghi r\u00f5 r\u1eb1ng ng\u01b0\u1eddi n\u1ed9p \u0111\u01a1n kh\u00f4ng m\u1eafc c\u00e1c b\u1ec7nh t\u00e2m th\u1ea7n v\u00e0 truy\u1ec1n nhi\u1ec5m, kh\u00f4ng m\u1eafc c\u00e1c b\u1ec7nh l\u00e2y truy\u1ec1n qua \u0111\u01b0\u1eddng t\u00ecnh d\u1ee5c (\u0111\u1eb7c bi\u1ec7t kh\u00f4ng c\u00f3 HIV \/ AIDS) v\u1edbi c\u00e1c b\u00e1o c\u00e1o h\u1ed7 tr\u1ee3 v\u1ec1 kh\u00e1m b\u00e1c s\u0129 v\u00e0 x\u00e9t nghi\u1ec7m m\u00e1u v\u00e0 n\u00f3i chung l\u00e0 kh\u1ecfe m\u1ea1nh v\u00e0 ph\u00f9 h\u1ee3p \u0111\u1ec3 k\u1ebft h\u00f4n (ch\u1ec9 c\u1ea7n trang c\u00f3 \u00fd ki\u1ebfn c\u1ee7a b\u00e1c s\u0129 c\u1ea7n \u0111\u01b0\u1ee3c d\u1ecbch sang ti\u1ebfng Vi\u1ec7t; k\u1ebft qu\u1ea3 x\u00e9t nghi\u1ec7m kh\u00f4ng b\u1eaft bu\u1ed9c ph\u1ea3i \u0111\u01b0\u1ee3c d\u1ecbch).<\/li>\n<li>B\u1ea3n sao c\u00f4ng ch\u1ee9ng Gi\u1ea5y khai sinh c\u00f3 x\u00e1c nh\u1eadn c\u1ee7a C\u00f4ng ch\u1ee9ng vi\u00ean ho\u1eb7c lu\u1eadt s\u01b0. Trong tr\u01b0\u1eddng h\u1ee3p kh\u00f4ng c\u00f3 b\u1ea3n sao Gi\u1ea5y khai sinh b\u1ecb m\u1ea5t, b\u1ecb b\u00e1c b\u1ecf ho\u1eb7c kh\u00f4ng th\u1ec3 c\u00f3 \u0111\u01b0\u1ee3c, ng\u01b0\u1eddi n\u1ed9p \u0111\u01a1n n\u00ean l\u00e0m B\u1ea3n tuy\u00ean th\u1ec7 ho\u1eb7c Tuy\u00ean b\u1ed1 theo lu\u1eadt \u0111\u1ecbnh thay cho Gi\u1ea5y khai sinh.<\/li>\n<li>B\u1ea3n sao c\u00f4ng ch\u1ee9ng gi\u1ea5y t\u1edd c\u00e1 nh\u00e2n (H\u1ed9 chi\u1ebfu ho\u1eb7c Th\u1ebb c\u0103n c\u01b0\u1edbc c\u00f4ng d\u00e2n).<\/li>\n<li>B\u1ea3n sao c\u00f4ng ch\u1ee9ng Gi\u1ea5y ch\u1ee9ng nh\u1eadn \u0111\u1ed5i t\u00ean (n\u1ebfu c\u00f3)<\/li>\n<li>Tr\u01b0\u1eddng h\u1ee3p \u0111\u01b0\u01a1ng s\u1ef1 kh\u00f4ng th\u1ec3 \u0111\u1ebfn Vi\u1ec7t Nam n\u1ed9p tr\u1ef1c ti\u1ebfp to\u00e0n b\u1ed9 gi\u1ea5y t\u1edd k\u1ebft h\u00f4n ho\u1eb7c gi\u1ea5y ly h\u00f4n th\u00ec \u0111\u01b0\u01a1ng s\u1ef1 ph\u1ea3i l\u00e0m Gi\u1ea5y \u1ee7y quy\u1ec1n, c\u00f3 x\u00e1c nh\u1eadn c\u1ee7a C\u00f4ng ch\u1ee9ng vi\u00ean ho\u1eb7c lu\u1eadt s\u01b0 v\u00e0 \u0111i\u1ec1n v\u00e0o 02 T\u1edd th\u00f4ng tin ti\u1ec3u s\u1eed v\u00e0 02 \u0110\u01a1n \u0111\u0103ng k\u00fd k\u1ebft h\u00f4n v\u1edbi 01 \u1ea3nh m\u1edbi nh\u1ea5t k\u00e8m theo m\u1ed7i m\u1eabu<\/li>\n<\/ul>\n<p><span style=\"font-size: 150%;\"><strong>3. Th\u1ee7 t\u1ee5c<\/strong><\/span><\/p>\n<ul>\n<li>T\u1ea5t c\u1ea3 c\u00e1c gi\u1ea5y t\u1edd n\u00eau tr\u00ean c\u1ea7n<strong> ph\u1ea3i \u0111\u01b0\u1ee3c c\u00f4ng ch\u1ee9ng<\/strong> b\u1edfi lu\u1eadt s\u01b0 ho\u1eb7c t\u1ea1i C\u00f4ng ch\u1ee9ng vi\u00ean tr\u01b0\u1edbc khi g\u1eedi \u0111\u1ebfn \u0110\u1ea1i s\u1ee9 qu\u00e1n Vi\u1ec7t Nam \u0111\u1ec3 h\u1ee3p ph\u00e1p h\u00f3a v\u00e0 d\u1ecbch thu\u1eadt.<\/li>\n<li>T\u1ea5t c\u1ea3 c\u00e1c gi\u1ea5y t\u1edd c\u1ea7n \u0111\u01b0\u1ee3c <strong>d\u1ecbch ra ti\u1ebfng Vi\u1ec7t<\/strong> (tr\u1eeb b\u1ea3n sao H\u1ed9 chi\u1ebfu, Gi\u1ea5y khai sinh Vi\u1ec7t Nam v\u00e0 Bi\u00ean b\u1ea3n nh\u1eadp c\u1ea3nh) v\u00e0 \u0111\u01b0\u1ee3c h\u1ee3p ph\u00e1p h\u00f3a. D\u1ecbch v\u1ee5 n\u00e0y s\u1ebd \u0111\u01b0\u1ee3c cung c\u1ea5p b\u1edfi \u0110\u1ea1i s\u1ee9 qu\u00e1n.<\/li>\n<li>T\u1ea5t c\u1ea3 c\u00e1c t\u00e0i li\u1ec7u ph\u1ea3i<strong> c\u00f3 gi\u00e1 tr\u1ecb trong v\u00f2ng s\u00e1u (06) th\u00e1ng<\/strong> k\u1ec3 t\u1eeb ng\u00e0y \u0111\u01b0\u1ee3c c\u1ea5p tr\u00ean gi\u1ea5y t\u1edd.<\/li>\n<\/ul>\n<p><span style=\"font-size: 150%;\"><strong>4, Th\u1eddi gian x\u1eed l\u00fd<\/strong><\/span><\/p>\n<ul>\n<li>Th\u1eddi gian gi\u1ea3i quy\u1ebft h\u1ed3 s\u01a1 t\u1eeb n\u0103m (05) \u0111\u1ebfn b\u1ea3y (07) ng\u00e0y l\u00e0m vi\u1ec7c k\u1ec3 t\u1eeb ng\u00e0y nh\u1eadn \u0111\u1ee7 h\u1ed3 s\u01a1.<\/li>\n<\/ul>\n<p><span style=\"font-size: 150%;\"><strong>5. Th\u00f4ng tin li\u00ean h\u1ec7<\/strong><\/span><\/p>\n<p><span style=\"font-family: helvetica, arial, sans-serif;\">Gi\u1edd m\u1edf c\u1eeda B\u1ed9 ph\u1eadn l\u00e3nh s\u1ef1: Vui l\u00f2ng tham kh\u1ea3o t\u1ea1i ch\u00e2n trang.<\/span><\/p>\n<p><strong>\u0110\u1ecba ch\u1ec9 \u0111\u1ea1i s\u1ee9 qu\u00e1n:<\/strong><\/p>\n<p>\u0110\u1ea1i s\u1ee9 qu\u00e1n Vi\u1ec7t Nam t\u1ea1i \u1ea4n \u0110\u1ed9: EP-7A Chandragupta Marg, Chanakyapuri, New Delhi \u2013 110021<\/p>\n<p>&nbsp;<\/p>\n","protected":false},"excerpt":{"rendered":"<p>D\u01b0\u1edbi \u0111\u00e2y l\u00e0 th\u1ee7 t\u1ee5c k\u1ebft h\u00f4n v\u1edbi c\u00f4ng d\u00e2n Vi\u1ec7t Nam: 1. \u0110\u1ed1i t\u01b0\u1ee3ng C\u01b0 d\u00e2n Vi\u1ec7t Nam t\u1ea1i \u1ea4n \u0110\u1ed9 C\u00f4ng d\u00e2n \u1ea4n \u0110\u1ed9 2. H\u1ed3 s\u01a1 \u0111\u0103ng k\u00fd k\u1ebft h\u00f4n Gi\u1ea5y \u0111\u0103ng k\u00fd k\u1ebft h\u00f4n Tuy\u00ean b\u1ed1 t\u00ecnh tr\u1ea1ng \u0111\u1ed9c th\u00e2n \u0111\u01b0\u1ee3c th\u1ef1c hi\u1ec7n tr\u01b0\u1edbc c\u00f4ng ch\u1ee9ng vi\u00ean ho\u1eb7c lu\u1eadt s\u01b0 \u1ea4n&#8230;<\/p>\n","protected":false},"author":2,"featured_media":0,"parent":2864,"menu_order":0,"comment_status":"closed","ping_status":"closed","template":"page-blank-title-center.php","meta":[],"yoast_head":"<!-- This site is optimized with the Yoast SEO plugin v19.11 - https:\/\/yoast.com\/wordpress\/plugins\/seo\/ -->\n<title>\u0110\u0103ng k\u00fd K\u1ebft h\u00f4n - Vietnam Embassy in India<\/title>\n<meta name=\"description\" content=\"D\u01b0\u1edbi \u0111\u00e2y l\u00e0 th\u1ee7 t\u1ee5c k\u1ebft h\u00f4n v\u1edbi c\u00f4ng d\u00e2n Vi\u1ec7t Nam:\" \/>\n<meta name=\"robots\" content=\"index, follow, max-snippet:-1, max-image-preview:large, max-video-preview:-1\" \/>\n<link rel=\"canonical\" href=\"https:\/\/vietnamembassydelhi.in\/vi\/dich-vu-lanh-su\/dang-ky-ket-hon\/\" \/>\n<meta property=\"og:locale\" content=\"vi_VN\" \/>\n<meta property=\"og:type\" content=\"article\" \/>\n<meta property=\"og:title\" content=\"\u0110\u0103ng k\u00fd K\u1ebft h\u00f4n - Vietnam Embassy in India\" \/>\n<meta property=\"og:description\" content=\"D\u01b0\u1edbi \u0111\u00e2y l\u00e0 th\u1ee7 t\u1ee5c k\u1ebft h\u00f4n v\u1edbi c\u00f4ng d\u00e2n Vi\u1ec7t Nam:\" \/>\n<meta property=\"og:url\" content=\"https:\/\/vietnamembassydelhi.in\/vi\/dich-vu-lanh-su\/dang-ky-ket-hon\/\" \/>\n<meta property=\"og:site_name\" content=\"Vietnam Embassy in India\" \/>\n<meta property=\"article:modified_time\" content=\"2023-09-25T09:53:16+00:00\" \/>\n<meta name=\"twitter:card\" content=\"summary_large_image\" \/>\n<meta name=\"twitter:label1\" content=\"Est. reading time\" \/>\n\t<meta name=\"twitter:data1\" content=\"3 minutes\" \/>\n<script type=\"application\/ld+json\" class=\"yoast-schema-graph\">{\"@context\":\"https:\/\/schema.org\",\"@graph\":[{\"@type\":\"WebPage\",\"@id\":\"https:\/\/vietnamembassydelhi.in\/vi\/dich-vu-lanh-su\/dang-ky-ket-hon\/\",\"url\":\"https:\/\/vietnamembassydelhi.in\/vi\/dich-vu-lanh-su\/dang-ky-ket-hon\/\",\"name\":\"\u0110\u0103ng k\u00fd K\u1ebft h\u00f4n - Vietnam Embassy in India\",\"isPartOf\":{\"@id\":\"https:\/\/vietnamembassydelhi.in\/#website\"},\"datePublished\":\"2022-08-19T12:08:01+00:00\",\"dateModified\":\"2023-09-25T09:53:16+00:00\",\"description\":\"D\u01b0\u1edbi \u0111\u00e2y l\u00e0 th\u1ee7 t\u1ee5c k\u1ebft h\u00f4n v\u1edbi c\u00f4ng d\u00e2n Vi\u1ec7t Nam:\",\"breadcrumb\":{\"@id\":\"https:\/\/vietnamembassydelhi.in\/vi\/dich-vu-lanh-su\/dang-ky-ket-hon\/#breadcrumb\"},\"inLanguage\":\"vi-VN\",\"potentialAction\":[{\"@type\":\"ReadAction\",\"target\":[\"https:\/\/vietnamembassydelhi.in\/vi\/dich-vu-lanh-su\/dang-ky-ket-hon\/\"]}]},{\"@type\":\"BreadcrumbList\",\"@id\":\"https:\/\/vietnamembassydelhi.in\/vi\/dich-vu-lanh-su\/dang-ky-ket-hon\/#breadcrumb\",\"itemListElement\":[{\"@type\":\"ListItem\",\"position\":1,\"name\":\"Home\",\"item\":\"https:\/\/vietnamembassydelhi.in\/vi\/\"},{\"@type\":\"ListItem\",\"position\":2,\"name\":\"D\u1ecbch v\u1ee5 L\u00e3nh s\u1ef1\",\"item\":\"https:\/\/vietnamembassydelhi.in\/vi\/dich-vu-lanh-su\/\"},{\"@type\":\"ListItem\",\"position\":3,\"name\":\"\u0110\u0103ng k\u00fd K\u1ebft h\u00f4n\"}]},{\"@type\":\"WebSite\",\"@id\":\"https:\/\/vietnamembassydelhi.in\/#website\",\"url\":\"https:\/\/vietnamembassydelhi.in\/\",\"name\":\"Vietnam Embassy in India\",\"description\":\"\",\"potentialAction\":[{\"@type\":\"SearchAction\",\"target\":{\"@type\":\"EntryPoint\",\"urlTemplate\":\"https:\/\/vietnamembassydelhi.in\/?s={search_term_string}\"},\"query-input\":\"required name=search_term_string\"}],\"inLanguage\":\"vi-VN\"}]}<\/script>\n<!-- \/ Yoast SEO plugin. -->","yoast_head_json":{"title":"\u0110\u0103ng k\u00fd K\u1ebft h\u00f4n - Vietnam Embassy in India","description":"D\u01b0\u1edbi \u0111\u00e2y l\u00e0 th\u1ee7 t\u1ee5c k\u1ebft h\u00f4n v\u1edbi c\u00f4ng d\u00e2n Vi\u1ec7t Nam:","robots":{"index":"index","follow":"follow","max-snippet":"max-snippet:-1","max-image-preview":"max-image-preview:large","max-video-preview":"max-video-preview:-1"},"canonical":"https:\/\/vietnamembassydelhi.in\/vi\/dich-vu-lanh-su\/dang-ky-ket-hon\/","og_locale":"vi_VN","og_type":"article","og_title":"\u0110\u0103ng k\u00fd K\u1ebft h\u00f4n - Vietnam Embassy in India","og_description":"D\u01b0\u1edbi \u0111\u00e2y l\u00e0 th\u1ee7 t\u1ee5c k\u1ebft h\u00f4n v\u1edbi c\u00f4ng d\u00e2n Vi\u1ec7t Nam:","og_url":"https:\/\/vietnamembassydelhi.in\/vi\/dich-vu-lanh-su\/dang-ky-ket-hon\/","og_site_name":"Vietnam Embassy in India","article_modified_time":"2023-09-25T09:53:16+00:00","twitter_card":"summary_large_image","twitter_misc":{"Est. reading time":"3 minutes"},"schema":{"@context":"https:\/\/schema.org","@graph":[{"@type":"WebPage","@id":"https:\/\/vietnamembassydelhi.in\/vi\/dich-vu-lanh-su\/dang-ky-ket-hon\/","url":"https:\/\/vietnamembassydelhi.in\/vi\/dich-vu-lanh-su\/dang-ky-ket-hon\/","name":"\u0110\u0103ng k\u00fd K\u1ebft h\u00f4n - Vietnam Embassy in India","isPartOf":{"@id":"https:\/\/vietnamembassydelhi.in\/#website"},"datePublished":"2022-08-19T12:08:01+00:00","dateModified":"2023-09-25T09:53:16+00:00","description":"D\u01b0\u1edbi \u0111\u00e2y l\u00e0 th\u1ee7 t\u1ee5c k\u1ebft h\u00f4n v\u1edbi c\u00f4ng d\u00e2n Vi\u1ec7t Nam:","breadcrumb":{"@id":"https:\/\/vietnamembassydelhi.in\/vi\/dich-vu-lanh-su\/dang-ky-ket-hon\/#breadcrumb"},"inLanguage":"vi-VN","potentialAction":[{"@type":"ReadAction","target":["https:\/\/vietnamembassydelhi.in\/vi\/dich-vu-lanh-su\/dang-ky-ket-hon\/"]}]},{"@type":"BreadcrumbList","@id":"https:\/\/vietnamembassydelhi.in\/vi\/dich-vu-lanh-su\/dang-ky-ket-hon\/#breadcrumb","itemListElement":[{"@type":"ListItem","position":1,"name":"Home","item":"https:\/\/vietnamembassydelhi.in\/vi\/"},{"@type":"ListItem","position":2,"name":"D\u1ecbch v\u1ee5 L\u00e3nh s\u1ef1","item":"https:\/\/vietnamembassydelhi.in\/vi\/dich-vu-lanh-su\/"},{"@type":"ListItem","position":3,"name":"\u0110\u0103ng k\u00fd K\u1ebft h\u00f4n"}]},{"@type":"WebSite","@id":"https:\/\/vietnamembassydelhi.in\/#website","url":"https:\/\/vietnamembassydelhi.in\/","name":"Vietnam Embassy in India","description":"","potentialAction":[{"@type":"SearchAction","target":{"@type":"EntryPoint","urlTemplate":"https:\/\/vietnamembassydelhi.in\/?s={search_term_string}"},"query-input":"required name=search_term_string"}],"inLanguage":"vi-VN"}]}},"_links":{"self":[{"href":"https:\/\/vietnamembassydelhi.in\/vi\/wp-json\/wp\/v2\/pages\/2914"}],"collection":[{"href":"https:\/\/vietnamembassydelhi.in\/vi\/wp-json\/wp\/v2\/pages"}],"about":[{"href":"https:\/\/vietnamembassydelhi.in\/vi\/wp-json\/wp\/v2\/types\/page"}],"author":[{"embeddable":true,"href":"https:\/\/vietnamembassydelhi.in\/vi\/wp-json\/wp\/v2\/users\/2"}],"replies":[{"embeddable":true,"href":"https:\/\/vietnamembassydelhi.in\/vi\/wp-json\/wp\/v2\/comments?post=2914"}],"version-history":[{"count":6,"href":"https:\/\/vietnamembassydelhi.in\/vi\/wp-json\/wp\/v2\/pages\/2914\/revisions"}],"predecessor-version":[{"id":4687,"href":"https:\/\/vietnamembassydelhi.in\/vi\/wp-json\/wp\/v2\/pages\/2914\/revisions\/4687"}],"up":[{"embeddable":true,"href":"https:\/\/vietnamembassydelhi.in\/vi\/wp-json\/wp\/v2\/pages\/2864"}],"wp:attachment":[{"href":"https:\/\/vietnamembassydelhi.in\/vi\/wp-json\/wp\/v2\/media?parent=2914"}],"curies":[{"name":"wp","href":"https:\/\/api.w.org\/{rel}","templated":true}]}}