{"id":2912,"date":"2022-08-19T19:07:04","date_gmt":"2022-08-19T12:07:04","guid":{"rendered":"http:\/\/vietnamembassydelhi.in\/?page_id=2912"},"modified":"2023-09-25T16:52:38","modified_gmt":"2023-09-25T09:52:38","slug":"hop-phap-hoa","status":"publish","type":"page","link":"https:\/\/vietnamembassydelhi.in\/vi\/dich-vu-lanh-su\/hop-phap-hoa\/","title":{"rendered":"H\u1ee3p ph\u00e1p ho\u00e1"},"content":{"rendered":"<p><span style=\"font-size: 150%;\"><strong>1. H\u1ee3p ph\u00e1p h\u00f3a<\/strong><\/span><\/p>\n<p>\u0110\u1ec3 y\u00eau c\u1ea7u d\u1ecbch v\u1ee5 h\u1ee3p ph\u00e1p h\u00f3a, b\u1ea1n c\u1ea7n n\u1ed9p<\/p>\n<ul>\n<li><strong>B\u1ea3n sao c\u00e1c gi\u1ea5y t\u1edd c\u00f4ng ch\u1ee9ng v\u00e0 gi\u1ea5y t\u1edd c\u00e1 nh\u00e2n<\/strong>\u00a0(H\u1ed9 chi\u1ebfu, ch\u1ee9ng minh nh\u00e2n d\u00e2n&#8230;) \u0111\u1ec3 n\u1ed9p h\u1ed3 s\u01a1 t\u1ea1i \u0110\u1ea1i s\u1ee9 qu\u00e1n.<\/li>\n<li><strong>\u0110\u01a1n y\u00eau c\u1ea7u h\u1ee3p ph\u00e1p h\u00f3a<\/strong> (l\u00e0 m\u1ed9t ghi ch\u00fa ng\u1eafn g\u1ecdn y\u00eau c\u1ea7u d\u1ecbch v\u1ee5 h\u1ee3p ph\u00e1p h\u00f3a v\u00e0 th\u00f4ng tin li\u00ean h\u1ec7 bao g\u1ed3m h\u1ecd t\u00ean \/ c\u00f4ng ty, \u0111\u1ecba ch\u1ec9 v\u00e0 s\u1ed1 \u0111i\u1ec7n tho\u1ea1i). <em>\u0110\u01a1n m\u1eabu<\/em> (\u0111\u01b0\u1ee3c n\u1ed9p c\u00f9ng v\u1edbi c\u00e1c t\u00e0i li\u1ec7u, c\u00f3 th\u1ec3 \u0111\u01b0\u1ee3c thu th\u1eadp t\u1ea1i \u0110\u1ea1i s\u1ee9 qu\u00e1n): <a href=\"http:\/\/hopphaphoa.lanhsuvietnam.gov.vn\/Legalization\/Legalized-Guide.aspx\">http:\/\/hopphaphoa.lanhsuvietnam.gov.vn\/Legalization\/Legalized-Guide.aspx<\/a><\/li>\n<\/ul>\n<p><strong>L\u01b0u \u00fd:<\/strong><\/p>\n<ul>\n<li>T\u1ea5t c\u1ea3 c\u00e1c t\u00e0i li\u1ec7u <strong>kh\u00f4ng do C\u01a1 quan ch\u1ee9c n\u0103ng Vi\u1ec7t Nam c\u1ea5p<\/strong> c\u1ea7n ph\u1ea3i \u0111\u01b0\u1ee3c<strong> c\u00f4ng ch\u1ee9ng<\/strong> h\u1ee3p l\u1ec7 b\u1edfi V\u0103n ph\u00f2ng c\u00f4ng ch\u1ee9ng ho\u1eb7c lu\u1eadt s\u01b0 \u1edf \u1ea4n \u0110\u1ed9 v\u00e0 sau \u0111\u00f3 \u0111\u01b0\u1ee3c ch\u1ee9ng th\u1ef1c \/ ch\u1ee9ng th\u1ef1c b\u1edfi B\u1ed9 Ngo\u1ea1i giao \u1ea4n \u0110\u1ed9 \u2013 MEA\u00a0<em>(Ng\u01b0\u1eddi n\u1ed9p \u0111\u01a1n c\u00f3 th\u1ec3 y\u00eau c\u1ea7u \u0110\u1ea1i s\u1ee9 qu\u00e1n Vi\u1ec7t Nam cung c\u1ea5p v\u00ed d\u1ee5 v\u1ec1 c\u00e1c t\u00e0i li\u1ec7u c\u00f4ng ch\u1ee9ng \u0111\u01b0\u1ee3c ch\u1ee9ng th\u1ef1c b\u1edfi MEA)<\/em>.<\/li>\n<li>C\u00e1c \u1ee9ng d\u1ee5ng s\u1ebd kh\u00f4ng x\u1eed l\u00fd \u0111\u01a1n c\u1ee7a b\u1ea1n n\u1ebfu kh\u00f4ng c\u00f3 \u0111\u1ee7 t\u00e0i li\u1ec7u<\/li>\n<\/ul>\n<p><span style=\"font-size: 150%;\"><strong>2. Gi\u1ea5y \u1ee7y quy\u1ec1n (li\u00ean quan \u0111\u1ebfn giao d\u1ecbch b\u1ea5t \u0111\u1ed9ng s\u1ea3n\/b\u1ea5t \u0111\u1ed9ng s\u1ea3n ho\u1eb7c chuy\u1ec3n nh\u01b0\u1ee3ng t\u00e0i s\u1ea3n)<\/strong><\/span><\/p>\n<p>Theo quy \u0111\u1ecbnh hi\u1ec7n h\u00e0nh, gi\u1ea5y \u1ee7y quy\u1ec1n li\u00ean quan \u0111\u1ebfn c\u00e1c v\u1ea5n \u0111\u1ec1 tr\u00ean c\u1ea7n ph\u1ea3i:<\/p>\n<ul>\n<li>\u0110\u01b0\u1ee3c vi\u1ebft song ng\u1eef: Ti\u1ebfng Vi\u1ec7t v\u00e0 ti\u1ebfng Anh;<\/li>\n<li>\u0110\u01b0\u1ee3c c\u00f4ng ch\u1ee9ng b\u1edfi m\u1ed9t c\u00f4ng ch\u1ee9ng vi\u00ean \u1ea4n \u0110\u1ed9 ho\u1eb7c lu\u1eadt s\u01b0 \/ ng\u01b0\u1eddi \u1ee7ng h\u1ed9, sau \u0111\u00f3<\/li>\n<li>\u0110\u01b0\u1ee3c ch\u1ee9ng th\u1ef1c\/ch\u1ee9ng th\u1ef1c b\u1edfi B\u1ed9 Ngo\u1ea1i giao \u1ea4n \u0110\u1ed9 (\u1ee8ng vi\u00ean c\u00f3 th\u1ec3 y\u00eau c\u1ea7u \u0110\u1ea1i s\u1ee9 qu\u00e1n Vi\u1ec7t Nam cung c\u1ea5p v\u00ed d\u1ee5 v\u1ec1 c\u00e1c t\u00e0i li\u1ec7u c\u00f4ng ch\u1ee9ng \u0111\u01b0\u1ee3c ch\u1ee9ng th\u1ef1c b\u1edfi MEA) v\u00e0 cu\u1ed1i c\u00f9ng<\/li>\n<li>\u0110\u01b0\u1ee3c h\u1ee3p ph\u00e1p h\u00f3a b\u1edfi \u0110\u1ea1i s\u1ee9 qu\u00e1n Vi\u1ec7t Nam t\u1ea1i \u1ea4n \u0110\u1ed9.<\/li>\n<li>\u0110\u1ec3 y\u00eau c\u1ea7u h\u1ee3p ph\u00e1p h\u00f3a gi\u1ea5y \u1ee7y quy\u1ec1n lo\u1ea1i tr\u00ean, vui l\u00f2ng n\u1ed9p cho \u0110\u1ea1i s\u1ee9 qu\u00e1n nh\u1eefng gi\u1ea5y t\u1edd sau:\n<ul>\n<li>Gi\u1ea5y \u1ee7y quy\u1ec1n \u0111\u01b0\u1ee3c c\u00f4ng ch\u1ee9ng v\u00e0 ch\u1ee9ng th\u1ef1c h\u1ee3p l\u1ec7.<\/li>\n<li>B\u1ea3n sao Gi\u1ea5y ch\u1ee9ng nh\u1eadn t\u00e0i s\u1ea3n c\u1ee7a b\u1ea5t \u0111\u1ed9ng s\u1ea3n li\u00ean quan.<\/li>\n<li>B\u1ea3n sao c\u00f3 ch\u1ee9ng th\u1ef1c CMND\/h\u1ed9 chi\u1ebfu\/th\u1ebb PR (Th\u1ebb th\u01b0\u1eddng tr\u00fa nh\u00e2n\/Th\u1ebb xanh \u0111\u1ecbnh c\u01b0)<\/li>\n<li>B\u1ea3n sao c\u00e1c gi\u1ea5y t\u1edd c\u00f4ng ch\u1ee9ng v\u00e0 gi\u1ea5y t\u1edd c\u00e1 nh\u00e2n k\u00e8m theo (H\u1ed9 chi\u1ebfu, ch\u1ee9ng minh nh\u00e2n d\u00e2n&#8230;) \u0111\u1ec3 n\u1ed9p h\u1ed3 s\u01a1 t\u1ea1i \u0110\u1ea1i s\u1ee9 qu\u00e1n. C\u00e1c \u1ee9ng d\u1ee5ng s\u1ebd kh\u00f4ng \u0111\u01b0\u1ee3c x\u1eed l\u00fd n\u1ebfu kh\u00f4ng c\u00f3 \u0111\u1ee7 t\u00e0i li\u1ec7u<\/li>\n<li>H\u1ee3p ph\u00e1p h\u00f3a v\u00e0 ph\u00ed d\u1ecbch v\u1ee5 ph\u1ea3i tr\u1ea3 b\u1eb1ng Rupee.<\/li>\n<\/ul>\n<\/li>\n<\/ul>\n<p><strong><span style=\"font-size: 150%;\">3. Th\u00f4ng tin li\u00ean h\u1ec7<\/span><\/strong><\/p>\n<p><span style=\"font-family: helvetica, arial, sans-serif;\">Gi\u1edd m\u1edf c\u1eeda B\u1ed9 ph\u1eadn l\u00e3nh s\u1ef1: Vui l\u00f2ng tham kh\u1ea3o t\u1ea1i ch\u00e2n trang.<\/span><\/p>\n<p><strong>\u0110\u1ecba ch\u1ec9 c\u1ee7a \u0110\u1ea1i s\u1ee9 qu\u00e1n:<\/strong><\/p>\n<p>\u0110\u1ea1i s\u1ee9 qu\u00e1n Vi\u1ec7t Nam t\u1ea1i \u1ea4n \u0110\u1ed9: EP-7A Chandragupta Marg, Chanakyapuri, New Delhi \u2013 110021<\/p>\n<p>\u00a0<\/p>\n","protected":false},"excerpt":{"rendered":"<p>1. H\u1ee3p ph\u00e1p h\u00f3a \u0110\u1ec3 y\u00eau c\u1ea7u d\u1ecbch v\u1ee5 h\u1ee3p ph\u00e1p h\u00f3a, b\u1ea1n c\u1ea7n n\u1ed9p B\u1ea3n sao c\u00e1c gi\u1ea5y t\u1edd c\u00f4ng ch\u1ee9ng v\u00e0 gi\u1ea5y t\u1edd c\u00e1 nh\u00e2n\u00a0(H\u1ed9 chi\u1ebfu, ch\u1ee9ng minh nh\u00e2n d\u00e2n&#8230;) \u0111\u1ec3 n\u1ed9p h\u1ed3 s\u01a1 t\u1ea1i \u0110\u1ea1i s\u1ee9 qu\u00e1n. \u0110\u01a1n y\u00eau c\u1ea7u h\u1ee3p ph\u00e1p h\u00f3a (l\u00e0 m\u1ed9t ghi ch\u00fa ng\u1eafn g\u1ecdn y\u00eau c\u1ea7u d\u1ecbch&#8230;<\/p>\n","protected":false},"author":2,"featured_media":0,"parent":2864,"menu_order":0,"comment_status":"closed","ping_status":"closed","template":"page-blank-title-center.php","meta":[],"yoast_head":"<!-- This site is optimized with the Yoast SEO plugin v19.11 - https:\/\/yoast.com\/wordpress\/plugins\/seo\/ -->\n<title>H\u1ee3p ph\u00e1p ho\u00e1 - Vietnam Embassy in India<\/title>\n<meta name=\"description\" content=\"\u0110\u1ec3 y\u00eau c\u1ea7u d\u1ecbch v\u1ee5 h\u1ee3p ph\u00e1p h\u00f3a, b\u1ea1n c\u1ea7n n\u1ed9pB\u1ea3n sao c\u00e1c gi\u1ea5y t\u1edd c\u00f4ng ch\u1ee9ng v\u00e0 gi\u1ea5y t\u1edd c\u00e1 nh\u00e2n\u00a0(H\u1ed9 chi\u1ebfu, ch\u1ee9ng minh nh\u00e2n d\u00e2n...) \u0111\u1ec3 n\u1ed9p h\u1ed3 s\u01a1 t\u1ea1i \u0110\u1ea1i s\u1ee9 qu\u00e1n.\" \/>\n<meta name=\"robots\" content=\"index, follow, max-snippet:-1, max-image-preview:large, max-video-preview:-1\" \/>\n<link rel=\"canonical\" href=\"https:\/\/vietnamembassydelhi.in\/vi\/dich-vu-lanh-su\/hop-phap-hoa\/\" \/>\n<meta property=\"og:locale\" content=\"vi_VN\" \/>\n<meta property=\"og:type\" content=\"article\" \/>\n<meta property=\"og:title\" content=\"H\u1ee3p ph\u00e1p ho\u00e1 - Vietnam Embassy in India\" \/>\n<meta property=\"og:description\" content=\"\u0110\u1ec3 y\u00eau c\u1ea7u d\u1ecbch v\u1ee5 h\u1ee3p ph\u00e1p h\u00f3a, b\u1ea1n c\u1ea7n n\u1ed9pB\u1ea3n sao c\u00e1c gi\u1ea5y t\u1edd c\u00f4ng ch\u1ee9ng v\u00e0 gi\u1ea5y t\u1edd c\u00e1 nh\u00e2n\u00a0(H\u1ed9 chi\u1ebfu, ch\u1ee9ng minh nh\u00e2n d\u00e2n...) \u0111\u1ec3 n\u1ed9p h\u1ed3 s\u01a1 t\u1ea1i \u0110\u1ea1i s\u1ee9 qu\u00e1n.\" \/>\n<meta property=\"og:url\" content=\"https:\/\/vietnamembassydelhi.in\/vi\/dich-vu-lanh-su\/hop-phap-hoa\/\" \/>\n<meta property=\"og:site_name\" content=\"Vietnam Embassy in India\" \/>\n<meta property=\"article:modified_time\" content=\"2023-09-25T09:52:38+00:00\" \/>\n<meta name=\"twitter:card\" content=\"summary_large_image\" \/>\n<meta name=\"twitter:label1\" content=\"Est. reading time\" \/>\n\t<meta name=\"twitter:data1\" content=\"3 minutes\" \/>\n<script type=\"application\/ld+json\" class=\"yoast-schema-graph\">{\"@context\":\"https:\/\/schema.org\",\"@graph\":[{\"@type\":\"WebPage\",\"@id\":\"https:\/\/vietnamembassydelhi.in\/vi\/dich-vu-lanh-su\/hop-phap-hoa\/\",\"url\":\"https:\/\/vietnamembassydelhi.in\/vi\/dich-vu-lanh-su\/hop-phap-hoa\/\",\"name\":\"H\u1ee3p ph\u00e1p ho\u00e1 - Vietnam Embassy in India\",\"isPartOf\":{\"@id\":\"https:\/\/vietnamembassydelhi.in\/#website\"},\"datePublished\":\"2022-08-19T12:07:04+00:00\",\"dateModified\":\"2023-09-25T09:52:38+00:00\",\"description\":\"\u0110\u1ec3 y\u00eau c\u1ea7u d\u1ecbch v\u1ee5 h\u1ee3p ph\u00e1p h\u00f3a, b\u1ea1n c\u1ea7n n\u1ed9pB\u1ea3n sao c\u00e1c gi\u1ea5y t\u1edd c\u00f4ng ch\u1ee9ng v\u00e0 gi\u1ea5y t\u1edd c\u00e1 nh\u00e2n\u00a0(H\u1ed9 chi\u1ebfu, ch\u1ee9ng minh nh\u00e2n d\u00e2n...) \u0111\u1ec3 n\u1ed9p h\u1ed3 s\u01a1 t\u1ea1i \u0110\u1ea1i s\u1ee9 qu\u00e1n.\",\"breadcrumb\":{\"@id\":\"https:\/\/vietnamembassydelhi.in\/vi\/dich-vu-lanh-su\/hop-phap-hoa\/#breadcrumb\"},\"inLanguage\":\"vi-VN\",\"potentialAction\":[{\"@type\":\"ReadAction\",\"target\":[\"https:\/\/vietnamembassydelhi.in\/vi\/dich-vu-lanh-su\/hop-phap-hoa\/\"]}]},{\"@type\":\"BreadcrumbList\",\"@id\":\"https:\/\/vietnamembassydelhi.in\/vi\/dich-vu-lanh-su\/hop-phap-hoa\/#breadcrumb\",\"itemListElement\":[{\"@type\":\"ListItem\",\"position\":1,\"name\":\"Home\",\"item\":\"https:\/\/vietnamembassydelhi.in\/vi\/\"},{\"@type\":\"ListItem\",\"position\":2,\"name\":\"D\u1ecbch v\u1ee5 L\u00e3nh s\u1ef1\",\"item\":\"https:\/\/vietnamembassydelhi.in\/vi\/dich-vu-lanh-su\/\"},{\"@type\":\"ListItem\",\"position\":3,\"name\":\"H\u1ee3p ph\u00e1p ho\u00e1\"}]},{\"@type\":\"WebSite\",\"@id\":\"https:\/\/vietnamembassydelhi.in\/#website\",\"url\":\"https:\/\/vietnamembassydelhi.in\/\",\"name\":\"Vietnam Embassy in India\",\"description\":\"\",\"potentialAction\":[{\"@type\":\"SearchAction\",\"target\":{\"@type\":\"EntryPoint\",\"urlTemplate\":\"https:\/\/vietnamembassydelhi.in\/?s={search_term_string}\"},\"query-input\":\"required name=search_term_string\"}],\"inLanguage\":\"vi-VN\"}]}<\/script>\n<!-- \/ Yoast SEO plugin. -->","yoast_head_json":{"title":"H\u1ee3p ph\u00e1p ho\u00e1 - Vietnam Embassy in India","description":"\u0110\u1ec3 y\u00eau c\u1ea7u d\u1ecbch v\u1ee5 h\u1ee3p ph\u00e1p h\u00f3a, b\u1ea1n c\u1ea7n n\u1ed9pB\u1ea3n sao c\u00e1c gi\u1ea5y t\u1edd c\u00f4ng ch\u1ee9ng v\u00e0 gi\u1ea5y t\u1edd c\u00e1 nh\u00e2n\u00a0(H\u1ed9 chi\u1ebfu, ch\u1ee9ng minh nh\u00e2n d\u00e2n...) \u0111\u1ec3 n\u1ed9p h\u1ed3 s\u01a1 t\u1ea1i \u0110\u1ea1i s\u1ee9 qu\u00e1n.","robots":{"index":"index","follow":"follow","max-snippet":"max-snippet:-1","max-image-preview":"max-image-preview:large","max-video-preview":"max-video-preview:-1"},"canonical":"https:\/\/vietnamembassydelhi.in\/vi\/dich-vu-lanh-su\/hop-phap-hoa\/","og_locale":"vi_VN","og_type":"article","og_title":"H\u1ee3p ph\u00e1p ho\u00e1 - Vietnam Embassy in India","og_description":"\u0110\u1ec3 y\u00eau c\u1ea7u d\u1ecbch v\u1ee5 h\u1ee3p ph\u00e1p h\u00f3a, b\u1ea1n c\u1ea7n n\u1ed9pB\u1ea3n sao c\u00e1c gi\u1ea5y t\u1edd c\u00f4ng ch\u1ee9ng v\u00e0 gi\u1ea5y t\u1edd c\u00e1 nh\u00e2n\u00a0(H\u1ed9 chi\u1ebfu, ch\u1ee9ng minh nh\u00e2n d\u00e2n...) \u0111\u1ec3 n\u1ed9p h\u1ed3 s\u01a1 t\u1ea1i \u0110\u1ea1i s\u1ee9 qu\u00e1n.","og_url":"https:\/\/vietnamembassydelhi.in\/vi\/dich-vu-lanh-su\/hop-phap-hoa\/","og_site_name":"Vietnam Embassy in India","article_modified_time":"2023-09-25T09:52:38+00:00","twitter_card":"summary_large_image","twitter_misc":{"Est. reading time":"3 minutes"},"schema":{"@context":"https:\/\/schema.org","@graph":[{"@type":"WebPage","@id":"https:\/\/vietnamembassydelhi.in\/vi\/dich-vu-lanh-su\/hop-phap-hoa\/","url":"https:\/\/vietnamembassydelhi.in\/vi\/dich-vu-lanh-su\/hop-phap-hoa\/","name":"H\u1ee3p ph\u00e1p ho\u00e1 - Vietnam Embassy in India","isPartOf":{"@id":"https:\/\/vietnamembassydelhi.in\/#website"},"datePublished":"2022-08-19T12:07:04+00:00","dateModified":"2023-09-25T09:52:38+00:00","description":"\u0110\u1ec3 y\u00eau c\u1ea7u d\u1ecbch v\u1ee5 h\u1ee3p ph\u00e1p h\u00f3a, b\u1ea1n c\u1ea7n n\u1ed9pB\u1ea3n sao c\u00e1c gi\u1ea5y t\u1edd c\u00f4ng ch\u1ee9ng v\u00e0 gi\u1ea5y t\u1edd c\u00e1 nh\u00e2n\u00a0(H\u1ed9 chi\u1ebfu, ch\u1ee9ng minh nh\u00e2n d\u00e2n...) \u0111\u1ec3 n\u1ed9p h\u1ed3 s\u01a1 t\u1ea1i \u0110\u1ea1i s\u1ee9 qu\u00e1n.","breadcrumb":{"@id":"https:\/\/vietnamembassydelhi.in\/vi\/dich-vu-lanh-su\/hop-phap-hoa\/#breadcrumb"},"inLanguage":"vi-VN","potentialAction":[{"@type":"ReadAction","target":["https:\/\/vietnamembassydelhi.in\/vi\/dich-vu-lanh-su\/hop-phap-hoa\/"]}]},{"@type":"BreadcrumbList","@id":"https:\/\/vietnamembassydelhi.in\/vi\/dich-vu-lanh-su\/hop-phap-hoa\/#breadcrumb","itemListElement":[{"@type":"ListItem","position":1,"name":"Home","item":"https:\/\/vietnamembassydelhi.in\/vi\/"},{"@type":"ListItem","position":2,"name":"D\u1ecbch v\u1ee5 L\u00e3nh s\u1ef1","item":"https:\/\/vietnamembassydelhi.in\/vi\/dich-vu-lanh-su\/"},{"@type":"ListItem","position":3,"name":"H\u1ee3p ph\u00e1p ho\u00e1"}]},{"@type":"WebSite","@id":"https:\/\/vietnamembassydelhi.in\/#website","url":"https:\/\/vietnamembassydelhi.in\/","name":"Vietnam Embassy in India","description":"","potentialAction":[{"@type":"SearchAction","target":{"@type":"EntryPoint","urlTemplate":"https:\/\/vietnamembassydelhi.in\/?s={search_term_string}"},"query-input":"required name=search_term_string"}],"inLanguage":"vi-VN"}]}},"_links":{"self":[{"href":"https:\/\/vietnamembassydelhi.in\/vi\/wp-json\/wp\/v2\/pages\/2912"}],"collection":[{"href":"https:\/\/vietnamembassydelhi.in\/vi\/wp-json\/wp\/v2\/pages"}],"about":[{"href":"https:\/\/vietnamembassydelhi.in\/vi\/wp-json\/wp\/v2\/types\/page"}],"author":[{"embeddable":true,"href":"https:\/\/vietnamembassydelhi.in\/vi\/wp-json\/wp\/v2\/users\/2"}],"replies":[{"embeddable":true,"href":"https:\/\/vietnamembassydelhi.in\/vi\/wp-json\/wp\/v2\/comments?post=2912"}],"version-history":[{"count":5,"href":"https:\/\/vietnamembassydelhi.in\/vi\/wp-json\/wp\/v2\/pages\/2912\/revisions"}],"predecessor-version":[{"id":4686,"href":"https:\/\/vietnamembassydelhi.in\/vi\/wp-json\/wp\/v2\/pages\/2912\/revisions\/4686"}],"up":[{"embeddable":true,"href":"https:\/\/vietnamembassydelhi.in\/vi\/wp-json\/wp\/v2\/pages\/2864"}],"wp:attachment":[{"href":"https:\/\/vietnamembassydelhi.in\/vi\/wp-json\/wp\/v2\/media?parent=2912"}],"curies":[{"name":"wp","href":"https:\/\/api.w.org\/{rel}","templated":true}]}}