{"id":2864,"date":"2022-08-19T17:53:21","date_gmt":"2022-08-19T10:53:21","guid":{"rendered":"http:\/\/vietnamembassydelhi.in\/?page_id=2864"},"modified":"2023-03-28T19:40:15","modified_gmt":"2023-03-28T12:40:15","slug":"dich-vu-lanh-su","status":"publish","type":"page","link":"https:\/\/vietnamembassydelhi.in\/vi\/dich-vu-lanh-su\/","title":{"rendered":"D\u1ecbch v\u1ee5 L\u00e3nh s\u1ef1"},"content":{"rendered":"<p><a href=\"http:\/\/vietnamembassydelhi.in\/vi\/dich-vu-lanh-su\/xin-thi-thuc\/\"><strong><span style=\"font-size: 150%;\">Xin th\u1ecb th\u1ef1c<\/span><\/strong><\/a><\/p>\n<p><a href=\"http:\/\/vietnamembassydelhi.in\/vi\/dich-vu-lanh-su\/mien-thi-thuc\/\"><strong><span style=\"font-size: 150%;\">Mi\u1ec5n th\u1ecb th\u1ef1c<\/span><\/strong><\/a><\/p>\n<p><a href=\"http:\/\/vietnamembassydelhi.in\/vi\/dich-vu-lanh-su\/hop-phap-hoa\/\"><strong><span style=\"font-size: 150%;\">H\u1ee3p ph\u00e1p h\u00f3a<\/span><\/strong><\/a><\/p>\n<p><a href=\"http:\/\/vietnamembassydelhi.in\/vi\/dich-vu-lanh-su\/dang-ky-ket-hon\/\"><strong><span style=\"font-size: 150%;\">\u0110\u0103ng k\u00fd k\u1ebft h\u00f4n<\/span><\/strong><\/a><\/p>\n<p><a href=\"http:\/\/vietnamembassydelhi.in\/vi\/dich-vu-lanh-su\/ly-lich-tu-phap\/\"><strong><span style=\"font-size: 150%;\">L\u00fd l\u1ecbch t\u01b0 ph\u00e1p<\/span><\/strong><\/a><\/p>\n<p><a href=\"http:\/\/vietnamembassydelhi.in\/vi\/dich-vu-lanh-su\/xin-ho-chieu\/\"><strong><span style=\"font-size: 150%;\">H\u1ed9 chi\u1ebfu Vi\u1ec7t Nam<\/span><\/strong><\/a><\/p>\n<p><a href=\"http:\/\/vietnamembassydelhi.in\/vi\/dich-vu-lanh-su\/khai-tu\/\"><strong><span style=\"font-size: 150%;\">Khai t\u1eed v\u00e0 v\u1eadn chuy\u1ec3n thi h\u00e0i v\u1ec1 Vi\u1ec7t Nam<\/span><\/strong><\/a><\/p>\n<p><a href=\"http:\/\/vietnamembassydelhi.in\/vi\/dich-vu-lanh-su\/van-ban-phap-quy\/\"><strong><span style=\"font-size: 150%;\">V\u0103n b\u1ea3n ph\u00e1p quy<\/span><\/strong><\/a><\/p>\n<p><a href=\"http:\/\/vietnamembassydelhi.in\/vi\/dich-vu-lanh-su\/khai-sinh\/\"><strong><span style=\"font-size: 150%;\">Khai sinh<\/span><\/strong><\/a><\/p>\n<p><a href=\"http:\/\/vietnamembassydelhi.in\/vi\/dich-vu-lanh-su\/quoc-tich-viet-nam\/\"><strong><span style=\"font-size: 150%;\">Qu\u1ed1c t\u1ecbch Vi\u1ec7t Nam<\/span><\/strong><\/a><\/p>\n<p><strong><a href=\"https:\/\/docs.google.com\/forms\/d\/e\/1FAIpQLSfXlgH3NSGEWrSXjHcJ4pBwZxBipCH8Hv44bcp5SRwbRs0RCg\/viewform?usp=share_link\"><span style=\"font-size: 150%;\">*Kh\u1ea3o s\u00e1t c\u00f4ng t\u00e1c l\u00e3nh s\u1ef1<\/span><\/a><\/strong><\/p>\n","protected":false},"excerpt":{"rendered":"<p>Xin th\u1ecb th\u1ef1c Mi\u1ec5n th\u1ecb th\u1ef1c H\u1ee3p ph\u00e1p h\u00f3a \u0110\u0103ng k\u00fd k\u1ebft h\u00f4n L\u00fd l\u1ecbch t\u01b0 ph\u00e1p H\u1ed9 chi\u1ebfu Vi\u1ec7t Nam Khai t\u1eed v\u00e0 v\u1eadn chuy\u1ec3n thi h\u00e0i v\u1ec1 Vi\u1ec7t Nam V\u0103n b\u1ea3n ph\u00e1p quy Khai sinh Qu\u1ed1c t\u1ecbch Vi\u1ec7t Nam *Kh\u1ea3o s\u00e1t c\u00f4ng t\u00e1c l\u00e3nh s\u1ef1<\/p>\n","protected":false},"author":2,"featured_media":0,"parent":0,"menu_order":1,"comment_status":"closed","ping_status":"closed","template":"page-featured-items-4col.php","meta":[],"yoast_head":"<!-- This site is optimized with the Yoast SEO plugin v19.11 - https:\/\/yoast.com\/wordpress\/plugins\/seo\/ -->\n<title>D\u1ecbch v\u1ee5 L\u00e3nh s\u1ef1 - Vietnam Embassy in India<\/title>\n<meta name=\"description\" content=\"Sau \u0111\u00e2y l\u00e0 nh\u1eefng D\u1ecbch v\u1ee5 L\u00e3nh s\u1ef1 m\u00e0 \u0110\u1ea1i s\u1ee9 qu\u00e1n Vi\u1ec7t Nam t\u1ea1i \u1ea4n \u0110\u1ed9 cung c\u1ea5p:\" \/>\n<meta name=\"robots\" content=\"index, follow, max-snippet:-1, max-image-preview:large, max-video-preview:-1\" \/>\n<link rel=\"canonical\" href=\"https:\/\/vietnamembassydelhi.in\/vi\/dich-vu-lanh-su\/\" \/>\n<meta property=\"og:locale\" content=\"vi_VN\" \/>\n<meta property=\"og:type\" content=\"article\" \/>\n<meta property=\"og:title\" content=\"D\u1ecbch v\u1ee5 L\u00e3nh s\u1ef1 - Vietnam Embassy in India\" \/>\n<meta property=\"og:description\" content=\"Sau \u0111\u00e2y l\u00e0 nh\u1eefng D\u1ecbch v\u1ee5 L\u00e3nh s\u1ef1 m\u00e0 \u0110\u1ea1i s\u1ee9 qu\u00e1n Vi\u1ec7t Nam t\u1ea1i \u1ea4n \u0110\u1ed9 cung c\u1ea5p:\" \/>\n<meta property=\"og:url\" content=\"https:\/\/vietnamembassydelhi.in\/vi\/dich-vu-lanh-su\/\" \/>\n<meta property=\"og:site_name\" content=\"Vietnam Embassy in India\" \/>\n<meta property=\"article:modified_time\" content=\"2023-03-28T12:40:15+00:00\" \/>\n<meta name=\"twitter:card\" content=\"summary_large_image\" \/>\n<meta name=\"twitter:label1\" content=\"Est. reading time\" \/>\n\t<meta name=\"twitter:data1\" content=\"1 minute\" \/>\n<script type=\"application\/ld+json\" class=\"yoast-schema-graph\">{\"@context\":\"https:\/\/schema.org\",\"@graph\":[{\"@type\":\"WebPage\",\"@id\":\"https:\/\/vietnamembassydelhi.in\/vi\/dich-vu-lanh-su\/\",\"url\":\"https:\/\/vietnamembassydelhi.in\/vi\/dich-vu-lanh-su\/\",\"name\":\"D\u1ecbch v\u1ee5 L\u00e3nh s\u1ef1 - Vietnam Embassy in India\",\"isPartOf\":{\"@id\":\"https:\/\/vietnamembassydelhi.in\/#website\"},\"datePublished\":\"2022-08-19T10:53:21+00:00\",\"dateModified\":\"2023-03-28T12:40:15+00:00\",\"description\":\"Sau \u0111\u00e2y l\u00e0 nh\u1eefng D\u1ecbch v\u1ee5 L\u00e3nh s\u1ef1 m\u00e0 \u0110\u1ea1i s\u1ee9 qu\u00e1n Vi\u1ec7t Nam t\u1ea1i \u1ea4n \u0110\u1ed9 cung c\u1ea5p:\",\"breadcrumb\":{\"@id\":\"https:\/\/vietnamembassydelhi.in\/vi\/dich-vu-lanh-su\/#breadcrumb\"},\"inLanguage\":\"vi-VN\",\"potentialAction\":[{\"@type\":\"ReadAction\",\"target\":[\"https:\/\/vietnamembassydelhi.in\/vi\/dich-vu-lanh-su\/\"]}]},{\"@type\":\"BreadcrumbList\",\"@id\":\"https:\/\/vietnamembassydelhi.in\/vi\/dich-vu-lanh-su\/#breadcrumb\",\"itemListElement\":[{\"@type\":\"ListItem\",\"position\":1,\"name\":\"Home\",\"item\":\"https:\/\/vietnamembassydelhi.in\/vi\/\"},{\"@type\":\"ListItem\",\"position\":2,\"name\":\"D\u1ecbch v\u1ee5 L\u00e3nh s\u1ef1\"}]},{\"@type\":\"WebSite\",\"@id\":\"https:\/\/vietnamembassydelhi.in\/#website\",\"url\":\"https:\/\/vietnamembassydelhi.in\/\",\"name\":\"Vietnam Embassy in India\",\"description\":\"\",\"potentialAction\":[{\"@type\":\"SearchAction\",\"target\":{\"@type\":\"EntryPoint\",\"urlTemplate\":\"https:\/\/vietnamembassydelhi.in\/?s={search_term_string}\"},\"query-input\":\"required name=search_term_string\"}],\"inLanguage\":\"vi-VN\"}]}<\/script>\n<!-- \/ Yoast SEO plugin. -->","yoast_head_json":{"title":"D\u1ecbch v\u1ee5 L\u00e3nh s\u1ef1 - Vietnam Embassy in India","description":"Sau \u0111\u00e2y l\u00e0 nh\u1eefng D\u1ecbch v\u1ee5 L\u00e3nh s\u1ef1 m\u00e0 \u0110\u1ea1i s\u1ee9 qu\u00e1n Vi\u1ec7t Nam t\u1ea1i \u1ea4n \u0110\u1ed9 cung c\u1ea5p:","robots":{"index":"index","follow":"follow","max-snippet":"max-snippet:-1","max-image-preview":"max-image-preview:large","max-video-preview":"max-video-preview:-1"},"canonical":"https:\/\/vietnamembassydelhi.in\/vi\/dich-vu-lanh-su\/","og_locale":"vi_VN","og_type":"article","og_title":"D\u1ecbch v\u1ee5 L\u00e3nh s\u1ef1 - Vietnam Embassy in India","og_description":"Sau \u0111\u00e2y l\u00e0 nh\u1eefng D\u1ecbch v\u1ee5 L\u00e3nh s\u1ef1 m\u00e0 \u0110\u1ea1i s\u1ee9 qu\u00e1n Vi\u1ec7t Nam t\u1ea1i \u1ea4n \u0110\u1ed9 cung c\u1ea5p:","og_url":"https:\/\/vietnamembassydelhi.in\/vi\/dich-vu-lanh-su\/","og_site_name":"Vietnam Embassy in India","article_modified_time":"2023-03-28T12:40:15+00:00","twitter_card":"summary_large_image","twitter_misc":{"Est. reading time":"1 minute"},"schema":{"@context":"https:\/\/schema.org","@graph":[{"@type":"WebPage","@id":"https:\/\/vietnamembassydelhi.in\/vi\/dich-vu-lanh-su\/","url":"https:\/\/vietnamembassydelhi.in\/vi\/dich-vu-lanh-su\/","name":"D\u1ecbch v\u1ee5 L\u00e3nh s\u1ef1 - Vietnam Embassy in India","isPartOf":{"@id":"https:\/\/vietnamembassydelhi.in\/#website"},"datePublished":"2022-08-19T10:53:21+00:00","dateModified":"2023-03-28T12:40:15+00:00","description":"Sau \u0111\u00e2y l\u00e0 nh\u1eefng D\u1ecbch v\u1ee5 L\u00e3nh s\u1ef1 m\u00e0 \u0110\u1ea1i s\u1ee9 qu\u00e1n Vi\u1ec7t Nam t\u1ea1i \u1ea4n \u0110\u1ed9 cung c\u1ea5p:","breadcrumb":{"@id":"https:\/\/vietnamembassydelhi.in\/vi\/dich-vu-lanh-su\/#breadcrumb"},"inLanguage":"vi-VN","potentialAction":[{"@type":"ReadAction","target":["https:\/\/vietnamembassydelhi.in\/vi\/dich-vu-lanh-su\/"]}]},{"@type":"BreadcrumbList","@id":"https:\/\/vietnamembassydelhi.in\/vi\/dich-vu-lanh-su\/#breadcrumb","itemListElement":[{"@type":"ListItem","position":1,"name":"Home","item":"https:\/\/vietnamembassydelhi.in\/vi\/"},{"@type":"ListItem","position":2,"name":"D\u1ecbch v\u1ee5 L\u00e3nh s\u1ef1"}]},{"@type":"WebSite","@id":"https:\/\/vietnamembassydelhi.in\/#website","url":"https:\/\/vietnamembassydelhi.in\/","name":"Vietnam Embassy in India","description":"","potentialAction":[{"@type":"SearchAction","target":{"@type":"EntryPoint","urlTemplate":"https:\/\/vietnamembassydelhi.in\/?s={search_term_string}"},"query-input":"required name=search_term_string"}],"inLanguage":"vi-VN"}]}},"_links":{"self":[{"href":"https:\/\/vietnamembassydelhi.in\/vi\/wp-json\/wp\/v2\/pages\/2864"}],"collection":[{"href":"https:\/\/vietnamembassydelhi.in\/vi\/wp-json\/wp\/v2\/pages"}],"about":[{"href":"https:\/\/vietnamembassydelhi.in\/vi\/wp-json\/wp\/v2\/types\/page"}],"author":[{"embeddable":true,"href":"https:\/\/vietnamembassydelhi.in\/vi\/wp-json\/wp\/v2\/users\/2"}],"replies":[{"embeddable":true,"href":"https:\/\/vietnamembassydelhi.in\/vi\/wp-json\/wp\/v2\/comments?post=2864"}],"version-history":[{"count":8,"href":"https:\/\/vietnamembassydelhi.in\/vi\/wp-json\/wp\/v2\/pages\/2864\/revisions"}],"predecessor-version":[{"id":4098,"href":"https:\/\/vietnamembassydelhi.in\/vi\/wp-json\/wp\/v2\/pages\/2864\/revisions\/4098"}],"wp:attachment":[{"href":"https:\/\/vietnamembassydelhi.in\/vi\/wp-json\/wp\/v2\/media?parent=2864"}],"curies":[{"name":"wp","href":"https:\/\/api.w.org\/{rel}","templated":true}]}}